{"id":3,"date":"2022-04-08T04:19:39","date_gmt":"2022-04-08T04:19:39","guid":{"rendered":"http:\/\/artigosdodia.com\/?page_id=3"},"modified":"2022-07-21T04:29:02","modified_gmt":"2022-07-21T04:29:02","slug":"datenschutzrichtlinie","status":"publish","type":"page","link":"https:\/\/artigosdodia.com\/de\/privacy-policy\/","title":{"rendered":"Datenschutz-Bestimmungen"},"content":{"rendered":"<article class=\"content\">Ihre Privatsph\u00e4re ist uns wichtig. Es ist die Politik von Ler Artigos, Ihre Privatsph\u00e4re in Bezug auf alle Informationen zu respektieren, die wir auf der Website von Ihnen sammeln. <a href=\"https:\/\/artigosdodia.com\/de\/\">Artikel des Tages<\/a>, und andere Websites, die wir besitzen und betreiben. Wir fordern personenbezogene Daten nur dann an, wenn wir sie wirklich ben\u00f6tigen, um Ihnen eine Dienstleistung bereitzustellen. Wir tun dies auf faire und legale Weise, mit Ihrem Wissen und Ihrer Zustimmung. Wir erkl\u00e4ren Ihnen auch, warum wir sie sammeln und wie sie verwendet werden. Wir bewahren die erfassten Informationen nur so lange auf, wie es f\u00fcr die Bereitstellung der angeforderten Dienstleistung erforderlich ist. Wenn wir Daten speichern, sch\u00fctzen wir sie mit kommerziell akzeptablen Mitteln, um Verlust und Diebstahl sowie unbefugten Zugriff, unbefugte Offenlegung, Vervielf\u00e4ltigung, Verwendung oder \u00c4nderung zu verhindern. Wir geben personenbezogene Daten nicht \u00f6ffentlich oder an Dritte weiter, es sei denn, dies ist gesetzlich vorgeschrieben. Unsere Website kann Links zu externen Websites enthalten, die nicht von uns betrieben werden. Bitte beachten Sie, dass wir keine Kontrolle \u00fcber den Inhalt und die Praktiken dieser Websites haben und keine Verantwortung f\u00fcr deren jeweilige Datenschutzrichtlinien \u00fcbernehmen k\u00f6nnen. Es steht Ihnen frei, unsere Anfrage nach Ihren pers\u00f6nlichen Daten abzulehnen, mit der Ma\u00dfgabe, dass wir Ihnen m\u00f6glicherweise einige der von Ihnen gew\u00fcnschten Dienstleistungen nicht anbieten k\u00f6nnen. Ihre fortgesetzte Nutzung unserer Website gilt als Zustimmung zu unseren Praktiken in Bezug auf Datenschutz und pers\u00f6nliche Daten. Wenn Sie Fragen zum Umgang mit Nutzerdaten und pers\u00f6nlichen Informationen haben, kontaktieren Sie uns bitte.\r\n<h3 class=\"wp-block-heading\">Aktuelle Artikel zur Cookie-Richtlinie<\/h3>\r\n<h3>Was sind Cookies?<\/h3>\r\nWie bei fast allen professionellen Websites \u00fcblich, verwendet diese Website Cookies, kleine Dateien, die auf Ihren Computer heruntergeladen werden, um Ihr Erlebnis zu verbessern. Diese Seite beschreibt, welche Informationen sie sammeln, wie wir sie verwenden und warum wir diese Cookies manchmal speichern m\u00fcssen. Wir teilen Ihnen auch mit, wie Sie verhindern k\u00f6nnen, dass diese Cookies gespeichert werden, dies kann jedoch bestimmte Elemente der Funktionalit\u00e4t der Website herabsetzen oder \u201ebrechen\u201c.\r\n<h3>Wie verwenden wir Cookies?<\/h3>\r\nWir verwenden Cookies aus verschiedenen Gr\u00fcnden, die unten aufgef\u00fchrt sind. Leider gibt es in den meisten F\u00e4llen keine branchen\u00fcblichen Optionen zum Deaktivieren von Cookies, ohne die Funktionalit\u00e4t und Features, die sie dieser Website hinzuf\u00fcgen, vollst\u00e4ndig zu deaktivieren. Es wird empfohlen, alle Cookies wegzulassen, wenn Sie sich nicht sicher sind, ob Sie sie ben\u00f6tigen oder nicht, wenn sie zur Bereitstellung eines von Ihnen genutzten Dienstes verwendet werden.\r\n<h3>Cookies deaktivieren<\/h3>\r\nSie k\u00f6nnen das Setzen von Cookies verhindern, indem Sie Ihre Browsereinstellungen anpassen (Informationen dazu finden Sie in der Hilfe Ihres Browsers). Bitte beachten Sie, dass das Deaktivieren von Cookies die Funktionalit\u00e4t dieser und vieler anderer Websites, die Sie besuchen, beeintr\u00e4chtigt. Das Deaktivieren von Cookies f\u00fchrt im Allgemeinen dazu, dass bestimmte Funktionen und Merkmale dieser Website deaktiviert werden. Daher wird empfohlen, Cookies nicht zu deaktivieren.\r\n<h3>Cookies, die wir setzen<\/h3>\r\n<ul>\r\n<li>Kontobezogene Cookies Wenn Sie ein Konto bei uns erstellen, verwenden wir Cookies, um den Anmeldevorgang und die allgemeine Verwaltung zu verwalten. Diese Cookies werden in der Regel gel\u00f6scht, wenn Sie sich abmelden. In einigen F\u00e4llen k\u00f6nnen sie jedoch auch danach bestehen bleiben, um Ihre Website-Einstellungen zu speichern, wenn Sie sich abmelden.<\/li>\r\n<li>Anmeldebezogene Cookies. Wir verwenden Cookies, wenn Sie eingeloggt sind, damit wir uns an diese Aktion erinnern k\u00f6nnen. Dies erspart Ihnen die erneute Anmeldung bei jedem Besuch einer neuen Seite. Diese Cookies werden normalerweise beim Abmelden entfernt oder gel\u00f6scht, um sicherzustellen, dass Sie beim Anmelden nur auf eingeschr\u00e4nkte Funktionen und Bereiche zugreifen k\u00f6nnen.<\/li>\r\n<li>Cookies im Zusammenhang mit E-Mail-Newslettern. Diese Website bietet Newsletter- oder E-Mail-Abonnementdienste an und Cookies k\u00f6nnen verwendet werden, um zu erkennen, ob Sie bereits registriert sind und ob bestimmte Benachrichtigungen angezeigt werden sollen, die nur f\u00fcr abonnierte\/abgemeldete Benutzer g\u00fcltig sind.<\/li>\r\n<li>Auftragsverarbeitungsbezogene Cookies. Diese Website bietet E-Commerce- oder Zahlungsm\u00f6glichkeiten und einige Cookies sind unerl\u00e4sslich, um sicherzustellen, dass Ihre Bestellung zwischen den Seiten gespeichert wird, damit wir sie ordnungsgem\u00e4\u00df bearbeiten k\u00f6nnen.<\/li>\r\n<li>Cookies im Zusammenhang mit der Forschung. In regelm\u00e4\u00dfigen Abst\u00e4nden bieten wir Umfragen und Frageb\u00f6gen an, um interessante Informationen und n\u00fctzliche Tools bereitzustellen oder um unsere Benutzerbasis genauer zu verstehen. Diese Umfragen k\u00f6nnen Cookies verwenden, um sich zu merken, wer bereits an einer Umfrage teilgenommen hat, oder um genaue Ergebnisse zu liefern, nachdem Sie die Seite gewechselt haben.<\/li>\r\n<li>Formularbezogene Cookies. Wenn Sie Daten \u00fcber ein Formular \u00fcbermitteln, wie es beispielsweise auf Kontaktseiten oder Kommentarformularen zu finden ist, k\u00f6nnen Cookies gesetzt werden, um Ihre Benutzerdaten f\u00fcr zuk\u00fcnftige Korrespondenz zu speichern.<\/li>\r\n<li>Cookies f\u00fcr Website-Pr\u00e4ferenzen. Um Ihnen ein gro\u00dfartiges Erlebnis auf dieser Website zu bieten, stellen wir die Funktionalit\u00e4t zur Verf\u00fcgung, mit der Sie Ihre Pr\u00e4ferenzen f\u00fcr die Funktionsweise dieser Website festlegen k\u00f6nnen, wenn Sie sie nutzen. Um Ihre Pr\u00e4ferenzen zu speichern, m\u00fcssen wir Cookies setzen, damit diese Informationen immer dann abgerufen werden k\u00f6nnen, wenn Sie mit einer Seite interagieren, die von Ihren Pr\u00e4ferenzen betroffen ist.<\/li>\r\n<\/ul>\r\n<h3>Cookies von Drittanbietern<\/h3>\r\nIn einigen Sonderf\u00e4llen verwenden wir auch Cookies, die von vertrauensw\u00fcrdigen Drittanbietern bereitgestellt werden. Der folgende Abschnitt beschreibt, auf welche Cookies von Drittanbietern Sie m\u00f6glicherweise \u00fcber diese Website sto\u00dfen.\r\n<ul>\r\n<li>Diese Website verwendet Google Analytics, eine der am weitesten verbreiteten und vertrauensw\u00fcrdigsten Analysel\u00f6sungen im Internet, damit wir verstehen, wie Sie die Website nutzen und wie wir Ihre Erfahrung verbessern k\u00f6nnen. Diese Cookies k\u00f6nnen beispielsweise nachverfolgen, wie lange Sie auf der Website verbringen und welche Seiten Sie besuchen, damit wir weiterhin ansprechende Inhalte erstellen k\u00f6nnen.<\/li>\r\n<\/ul>\r\nWeitere Informationen zu Google Analytics-Cookies finden Sie auf der offiziellen Google Analytics-Seite.\r\n<ul>\r\n<li>Analysen von Drittanbietern werden verwendet, um die Nutzung dieser Website zu verfolgen und zu messen, damit wir weiterhin ansprechende Inhalte erstellen k\u00f6nnen. Diese Cookies k\u00f6nnen beispielsweise nachverfolgen, wie lange Sie auf der Website verbringen oder welche Seiten Sie besuchen, was uns hilft zu verstehen, wie wir die Website f\u00fcr Sie verbessern k\u00f6nnen.<\/li>\r\n<li>In regelm\u00e4\u00dfigen Abst\u00e4nden testen wir neue Funktionen und nehmen subtile \u00c4nderungen am Aussehen der Website vor. Wenn wir noch neue Funktionen testen, k\u00f6nnen diese Cookies verwendet werden, um sicherzustellen, dass Sie auf der Website ein konsistentes Erlebnis erhalten und gleichzeitig verstehen, welche Optimierungen unsere Benutzer am meisten sch\u00e4tzen.<\/li>\r\n<li>Da wir Produkte verkaufen, ist es wichtig, dass wir Statistiken dar\u00fcber haben, wie viele Besucher unserer Website tats\u00e4chlich etwas kaufen. Diese Art von Daten werden daher von diesen Cookies erfasst. Dies ist f\u00fcr Sie wichtig, da wir so genaue Gesch\u00e4ftsprognosen erstellen k\u00f6nnen, die es uns erm\u00f6glichen, unsere Werbe- und Produktkosten zu analysieren, um den bestm\u00f6glichen Preis sicherzustellen.<\/li>\r\n<li>Der Google AdSense-Dienst, den wir zur Schaltung von Werbung verwenden, verwendet ein DoubleClick-Cookie, um relevantere Anzeigen im gesamten Web zu schalten und die H\u00e4ufigkeit zu begrenzen, mit der Ihnen eine bestimmte Anzeige angezeigt wird. Weitere Informationen zu Google AdSense finden Sie in den offiziellen Google AdSense-Datenschutz-FAQs.<\/li>\r\n<li>Wir verwenden Werbung, um die Kosten f\u00fcr den Betrieb dieser Website auszugleichen und die Finanzierung f\u00fcr die zuk\u00fcnftige Entwicklung bereitzustellen. Die von dieser Website verwendeten Verhaltens-Werbe-Cookies sollen sicherstellen, dass wir Ihnen nach M\u00f6glichkeit die relevantesten Anzeigen liefern, Ihre Interessen anonym verfolgen und Ihnen \u00e4hnliche Dinge pr\u00e4sentieren, die f\u00fcr Sie von Interesse sein k\u00f6nnten.<\/li>\r\n<li>Verschiedene Partner werben in unserem Namen und Affiliate-Tracking-Cookies erm\u00f6glichen es uns einfach zu sehen, ob unsere Kunden \u00fcber eine der Websites unserer Partner auf die Website zugegriffen haben, damit wir sie ordnungsgem\u00e4\u00df kreditieren und unseren Affiliate-Partnern gegebenenfalls erlauben k\u00f6nnen, Werbeaktionen anzubieten die Ihnen einen Kauf erm\u00f6glichen k\u00f6nnen.<\/li>\r\n<\/ul>\r\n<h3>Benutzerbindung<\/h3>\r\nDer Nutzer verpflichtet sich, die Inhalte und Informationen, die Ler Artigos auf der Website anbietet, angemessen zu nutzen und zwar mit aussagekr\u00e4ftigem, aber nicht einschr\u00e4nkendem Charakter:\r\n<ul>\r\n<li>A) sich nicht an Aktivit\u00e4ten zu beteiligen, die illegal sind oder gegen Treu und Glauben und die \u00f6ffentliche Ordnung versto\u00dfen;<\/li>\r\n<li>B) keine Propaganda oder Inhalte rassistischer, fremdenfeindlicher oder ungl\u00fccklicher Natur, jede Art von illegaler Pornografie, Entschuldigung f\u00fcr Terrorismus oder gegen die Menschenrechte zu verbreiten;<\/li>\r\n<li>C) Den physischen (Hardware) und logischen (Software) Systemen von Ler Artigos, seinen Lieferanten oder Dritten keinen Schaden zuf\u00fcgen, Computerviren oder andere Hardware- oder Softwaresysteme einschleusen oder verbreiten, die in der Lage sind, die oben genannten Sch\u00e4den zu verursachen.<\/li>\r\n<\/ul>\r\n<h3>Mehr Informationen<\/h3>\r\nHoffentlich ist das klar, und wie bereits erw\u00e4hnt: Wenn Sie sich bei etwas nicht sicher sind, ob Sie es ben\u00f6tigen oder nicht, ist es normalerweise sicherer, Cookies aktiviert zu lassen, falls es mit einer der Funktionen interagiert, die Sie auf unserer Website verwenden. Diese Richtlinie gilt ab\u00a0<strong>Januar<\/strong>\/<strong>2022<\/strong>.<\/article>","protected":false},"excerpt":{"rendered":"<p>A sua privacidade \u00e9 importante para n\u00f3s. \u00c9 pol\u00edtica do Ler Artigos respeitar a sua privacidade em rela\u00e7\u00e3o a qualquer informa\u00e7\u00e3o sua que possamos coletar no site Artigos do Dia, e outros sites que possu\u00edmos e operamos. Solicitamos informa\u00e7\u00f5es pessoais apenas quando realmente precisamos delas para lhe fornecer um servi\u00e7o. Fazemo-lo por meios justos e [&hellip;]<\/p>\n","protected":false},"author":4,"featured_media":0,"parent":0,"menu_order":0,"comment_status":"closed","ping_status":"open","template":"","meta":{"footnotes":""},"class_list":["post-3","page","type-page","status-publish"],"_links":{"self":[{"href":"https:\/\/artigosdodia.com\/de\/wp-json\/wp\/v2\/pages\/3","targetHints":{"allow":["GET"]}}],"collection":[{"href":"https:\/\/artigosdodia.com\/de\/wp-json\/wp\/v2\/pages"}],"about":[{"href":"https:\/\/artigosdodia.com\/de\/wp-json\/wp\/v2\/types\/page"}],"author":[{"embeddable":true,"href":"https:\/\/artigosdodia.com\/de\/wp-json\/wp\/v2\/users\/4"}],"replies":[{"embeddable":true,"href":"https:\/\/artigosdodia.com\/de\/wp-json\/wp\/v2\/comments?post=3"}],"version-history":[{"count":3,"href":"https:\/\/artigosdodia.com\/de\/wp-json\/wp\/v2\/pages\/3\/revisions"}],"predecessor-version":[{"id":441,"href":"https:\/\/artigosdodia.com\/de\/wp-json\/wp\/v2\/pages\/3\/revisions\/441"}],"wp:attachment":[{"href":"https:\/\/artigosdodia.com\/de\/wp-json\/wp\/v2\/media?parent=3"}],"curies":[{"name":"wp","href":"https:\/\/api.w.org\/{rel}","templated":true}]}}