{"id":64,"date":"2022-04-09T00:28:28","date_gmt":"2022-04-09T00:28:28","guid":{"rendered":"https:\/\/artigosdodia.com\/?page_id=64"},"modified":"2022-04-09T00:28:28","modified_gmt":"2022-04-09T00:28:28","slug":"nutzungsbedingungen","status":"publish","type":"page","link":"https:\/\/artigosdodia.com\/de\/termos-de-uso\/","title":{"rendered":"Nutzungsbedingungen"},"content":{"rendered":"<h3 id=\"1-termos\">1. Bedingungen<\/h3>\n<p>Beim Zugriff auf die Website\u00a0<a href=\"https:\/\/artigosdodia.com\/de\/\">Artikel des Tages<\/a>, erkl\u00e4ren Sie sich damit einverstanden, diese Nutzungsbedingungen sowie alle geltenden Gesetze und Vorschriften einzuhalten, und stimmen Sie zu, dass Sie f\u00fcr die Einhaltung aller geltenden lokalen Gesetze verantwortlich sind. Wenn Sie mit einer dieser Bedingungen nicht einverstanden sind, ist Ihnen die Nutzung oder der Zugriff auf diese Website untersagt. Die auf dieser Website enthaltenen Materialien sind durch geltende Urheberrechts- und Markengesetze gesch\u00fctzt.<\/p>\n<h3 id=\"2-uso-de-licenca\">2. Nutzung der Lizenz<\/h3>\n<p>Es wird die Erlaubnis erteilt, vor\u00fcbergehend eine Kopie der Materialien (Informationen oder Software) auf der Website herunterzuladen. <a href=\"https:\/\/artigosdodia.com\/de\/\">Artikel des Tages<\/a>, nur zur pers\u00f6nlichen, nicht-kommerziellen vor\u00fcbergehenden Betrachtung. Hierbei handelt es sich um die Gew\u00e4hrung einer Lizenz, nicht um eine Eigentums\u00fcbertragung, und im Rahmen dieser Lizenz ist es Ihnen nicht gestattet:<\/p>\n<ol>\n<li>die Materialien \u00e4ndern oder kopieren;<\/li>\n<li>die Materialien f\u00fcr kommerzielle Zwecke oder zur \u00f6ffentlichen Darstellung (kommerziell oder nichtkommerziell) verwenden;<\/li>\n<li>Versuchen Sie nicht, die auf der Website enthaltene Software zu dekompilieren oder zur\u00fcckzuentwickeln <a href=\"https:\/\/artigosdodia.com\/de\/\">Artikel des Tages<\/a>;<\/li>\n<li>jegliche Urheberrechts- oder andere Eigentumsvermerke aus den Materialien entfernen; oder<\/li>\n<li>die Materialien an eine andere Person \u00fcbertragen oder die Materialien auf einem anderen Server \u201espiegeln\u201c.<\/li>\n<\/ol>\n<p>Diese Lizenz erlischt automatisch, wenn Sie gegen eine dieser Einschr\u00e4nkungen versto\u00dfen, und kann bis dahin gek\u00fcndigt werden <a href=\"https:\/\/artigosdodia.com\/de\/\">Artikel des Tages<\/a> jederzeit. Wenn Sie die Anzeige dieser Materialien beenden oder diese Lizenz erl\u00f6schen, m\u00fcssen Sie alle in Ihrem Besitz befindlichen heruntergeladenen Materialien l\u00f6schen, unabh\u00e4ngig davon, ob sie in elektronischer oder gedruckter Form vorliegen.<\/p>\n<h3 id=\"3-isencao-de-responsabilidade\">3. Haftungsausschluss<\/h3>\n<ol>\n<li>Die Materialien auf der Website von <a href=\"https:\/\/artigosdodia.com\/de\/\">Artikel des Tages<\/a> werden \u201ewie besehen\u201c bereitgestellt. <a href=\"https:\/\/artigosdodia.com\/de\/\">Artikel des Tages<\/a> \u00fcbernimmt keine Garantien, weder ausdr\u00fccklich noch stillschweigend, und lehnt hiermit alle anderen Garantien ab, einschlie\u00dflich, aber nicht beschr\u00e4nkt auf stillschweigende Garantien oder Bedingungen der Marktg\u00e4ngigkeit, der Eignung f\u00fcr einen bestimmten Zweck oder der Nichtverletzung von geistigem Eigentum oder anderer Rechtsverletzungen.<\/li>\n<li>zus\u00e4tzlich <a href=\"https:\/\/artigosdodia.com\/de\/\">Artikel des Tages<\/a> \u00fcbernimmt keine Garantie oder Zusicherung hinsichtlich der Genauigkeit, der wahrscheinlichen Ergebnisse oder der Zuverl\u00e4ssigkeit der Verwendung der Materialien auf seiner Website oder anderweitig im Zusammenhang mit diesen Materialien oder auf Websites, die mit dieser Website verlinkt sind.<\/li>\n<\/ol>\n<h3 id=\"4-limitacoes\">4. Einschr\u00e4nkungen<\/h3>\n<p>In keinem Fall wird die <a href=\"https:\/\/artigosdodia.com\/de\/\">Artikel des Tages<\/a> oder seine Lieferanten haften f\u00fcr alle Sch\u00e4den (einschlie\u00dflich, aber nicht beschr\u00e4nkt auf Sch\u00e4den aus Daten- oder Gewinnverlusten oder aufgrund von Betriebsunterbrechungen), die sich aus der Nutzung oder Unm\u00f6glichkeit der Nutzung der Materialien ergeben <a href=\"https:\/\/artigosdodia.com\/de\/\">Artikel des Tages<\/a>, wenngleich <a href=\"https:\/\/artigosdodia.com\/de\/\">Artikel des Tages<\/a>oder ein bevollm\u00e4chtigter Vertreter von <a href=\"https:\/\/artigosdodia.com\/de\/\">Artikel des Tages<\/a> m\u00fcndlich oder schriftlich \u00fcber die M\u00f6glichkeit solcher Sch\u00e4den informiert wurde. Da in einigen Gerichtsbarkeiten keine Beschr\u00e4nkungen der stillschweigenden Garantien oder Beschr\u00e4nkungen der Haftung f\u00fcr Folge- oder Nebensch\u00e4den zul\u00e4ssig sind, gelten diese Beschr\u00e4nkungen m\u00f6glicherweise nicht f\u00fcr Sie.<\/p>\n<h3 id=\"5-precisao-dos-materiais\">5. Genauigkeit der Materialien<\/h3>\n<p>Die auf der Website von angezeigten Materialien <a href=\"https:\/\/artigosdodia.com\/de\/\">Artikel des Tages<\/a> k\u00f6nnen technische, typografische oder fotografische Fehler enthalten. <a href=\"https:\/\/artigosdodia.com\/de\/\">Artikel des Tages<\/a> \u00fcbernimmt keine Garantie daf\u00fcr, dass die Materialien auf ihrer Website korrekt, vollst\u00e4ndig oder aktuell sind. <a href=\"https:\/\/artigosdodia.com\/de\/\">Artikel des Tages<\/a> kann jederzeit und ohne Vorank\u00fcndigung \u00c4nderungen an den auf seiner Website enthaltenen Materialien vornehmen. Jedoch, <a href=\"https:\/\/artigosdodia.com\/de\/\">Artikel des Tages<\/a> \u00fcbernimmt keine Verpflichtung, die Materialien zu aktualisieren.<\/p>\n<h3 id=\"6-links\">6. Links<\/h3>\n<p>\u00d6 <a href=\"https:\/\/artigosdodia.com\/de\/\">Artikel des Tages<\/a> hat nicht alle mit seiner Website verlinkten Websites \u00fcberpr\u00fcft und ist nicht f\u00fcr den Inhalt einer solchen verlinkten Website verantwortlich. Die Aufnahme eines Links stellt keine Billigung durch dar <a href=\"https:\/\/artigosdodia.com\/de\/\">Artikel des Tages<\/a> von der Website. Die Nutzung der verlinkten Seiten erfolgt auf eigene Gefahr des Nutzers.<\/p>\n<h3 id=\"modificacoes\">\u00c4nderungen<\/h3>\n<p>\u00d6 <a href=\"https:\/\/artigosdodia.com\/de\/\">Artikel des Tages<\/a> kann diese Website-Nutzungsbedingungen jederzeit und ohne Vorank\u00fcndigung \u00e4ndern. Durch die Nutzung dieser Website erkl\u00e4ren Sie sich mit der aktuellen Version dieser Nutzungsbedingungen einverstanden.<\/p>\n<h3 id=\"lei-aplicavel\">Anwendbares Recht<\/h3>\n<p>Diese Allgemeinen Gesch\u00e4ftsbedingungen unterliegen den Gesetzen der USA und werden in \u00dcbereinstimmung mit diesen ausgelegt <a href=\"https:\/\/artigosdodia.com\/de\/\">Artikel des Tages<\/a> und Sie unterwerfen sich unwiderruflich der ausschlie\u00dflichen Zust\u00e4ndigkeit der Gerichte in diesem Staat oder Ort.<\/p>","protected":false},"excerpt":{"rendered":"<p>1. Termos Ao acessar ao site\u00a0Artigos do Dia, concorda em cumprir estes termos de servi\u00e7o, todas as leis e regulamentos aplic\u00e1veis \u200b\u200be concorda que \u00e9 respons\u00e1vel pelo cumprimento de todas as leis locais aplic\u00e1veis. Se voc\u00ea n\u00e3o concordar com algum desses termos, est\u00e1 proibido de usar ou acessar este site. Os materiais contidos neste site [&hellip;]<\/p>\n","protected":false},"author":4,"featured_media":0,"parent":0,"menu_order":0,"comment_status":"closed","ping_status":"closed","template":"","meta":{"footnotes":""},"class_list":["post-64","page","type-page","status-publish"],"_links":{"self":[{"href":"https:\/\/artigosdodia.com\/de\/wp-json\/wp\/v2\/pages\/64","targetHints":{"allow":["GET"]}}],"collection":[{"href":"https:\/\/artigosdodia.com\/de\/wp-json\/wp\/v2\/pages"}],"about":[{"href":"https:\/\/artigosdodia.com\/de\/wp-json\/wp\/v2\/types\/page"}],"author":[{"embeddable":true,"href":"https:\/\/artigosdodia.com\/de\/wp-json\/wp\/v2\/users\/4"}],"replies":[{"embeddable":true,"href":"https:\/\/artigosdodia.com\/de\/wp-json\/wp\/v2\/comments?post=64"}],"version-history":[{"count":1,"href":"https:\/\/artigosdodia.com\/de\/wp-json\/wp\/v2\/pages\/64\/revisions"}],"predecessor-version":[{"id":65,"href":"https:\/\/artigosdodia.com\/de\/wp-json\/wp\/v2\/pages\/64\/revisions\/65"}],"wp:attachment":[{"href":"https:\/\/artigosdodia.com\/de\/wp-json\/wp\/v2\/media?parent=64"}],"curies":[{"name":"wp","href":"https:\/\/api.w.org\/{rel}","templated":true}]}}