{"id":64,"date":"2022-04-09T00:28:28","date_gmt":"2022-04-09T00:28:28","guid":{"rendered":"https:\/\/artigosdodia.com\/?page_id=64"},"modified":"2022-04-09T00:28:28","modified_gmt":"2022-04-09T00:28:28","slug":"terminos-de-uso","status":"publish","type":"page","link":"https:\/\/artigosdodia.com\/es_ar\/termos-de-uso\/","title":{"rendered":"Terminos de uso"},"content":{"rendered":"<h3 id=\"1-termos\">1. T\u00e9rminos<\/h3>\n<p>Al acceder al sitio web\u00a0<a href=\"https:\/\/artigosdodia.com\/es_ar\/\">Art\u00edculos del d\u00eda<\/a>, usted acepta cumplir con estos t\u00e9rminos de servicio, todas las leyes y regulaciones aplicables, y acepta que es responsable del cumplimiento de las leyes locales aplicables. Si no est\u00e1 de acuerdo con alguno de estos t\u00e9rminos, tiene prohibido usar o acceder a este sitio. Los materiales contenidos en este sitio est\u00e1n protegidos por las leyes de derechos de autor y marcas comerciales aplicables.<\/p>\n<h3 id=\"2-uso-de-licenca\">2. Uso de licencia<\/h3>\n<p>Se otorga permiso para descargar temporalmente una copia de los materiales (informaci\u00f3n o software) en el sitio web. <a href=\"https:\/\/artigosdodia.com\/es_ar\/\">Art\u00edculos del d\u00eda<\/a>, \u00fanicamente para visualizaci\u00f3n transitoria personal y no comercial. Esta es la concesi\u00f3n de una licencia, no una transferencia de t\u00edtulo, y bajo esta licencia usted no puede:<\/p>\n<ol>\n<li>modificar o copiar los materiales;<\/li>\n<li>utilizar los materiales para cualquier fin comercial o para exhibici\u00f3n p\u00fablica (comercial o no comercial);<\/li>\n<li>intentar descompilar o aplicar ingenier\u00eda inversa a cualquier software contenido en el sitio <a href=\"https:\/\/artigosdodia.com\/es_ar\/\">Art\u00edculos del d\u00eda<\/a>;<\/li>\n<li>eliminar cualquier copyright u otras anotaciones de propiedad de los materiales; o<\/li>\n<li>transferir los materiales a otra persona o &quot;reflejar&quot; los materiales en cualquier otro servidor.<\/li>\n<\/ol>\n<p>Esta licencia terminar\u00e1 autom\u00e1ticamente si usted viola cualquiera de estas restricciones y puede ser terminada por <a href=\"https:\/\/artigosdodia.com\/es_ar\/\">Art\u00edculos del d\u00eda<\/a> en cualquier momento. Al finalizar la visualizaci\u00f3n de estos materiales o al finalizar esta licencia, debe eliminar cualquier material descargado que tenga en su poder, ya sea en formato electr\u00f3nico o impreso.<\/p>\n<h3 id=\"3-isencao-de-responsabilidade\">3. Descargo de responsabilidad<\/h3>\n<ol>\n<li>Los materiales en el sitio web. <a href=\"https:\/\/artigosdodia.com\/es_ar\/\">Art\u00edculos del d\u00eda<\/a> se proporcionan &quot;tal cual&quot;. <a href=\"https:\/\/artigosdodia.com\/es_ar\/\">Art\u00edculos del d\u00eda<\/a> no ofrece garant\u00edas, expresas o impl\u00edcitas, y por la presente renuncia y niega todas las dem\u00e1s garant\u00edas, incluidas, entre otras, garant\u00edas impl\u00edcitas o condiciones de comerciabilidad, idoneidad para un prop\u00f3sito particular o no infracci\u00f3n de propiedad intelectual u otra violaci\u00f3n de derechos.<\/li>\n<li>Adem\u00e1s, el <a href=\"https:\/\/artigosdodia.com\/es_ar\/\">Art\u00edculos del d\u00eda<\/a> no garantiza ni hace ninguna declaraci\u00f3n con respecto a la exactitud, los resultados probables o la confiabilidad del uso de los materiales en su sitio web o de otro modo en relaci\u00f3n con dichos materiales o en cualquier sitio vinculado a este sitio.<\/li>\n<\/ol>\n<h3 id=\"4-limitacoes\">4. Limitaciones<\/h3>\n<p>En ning\u00fan caso el <a href=\"https:\/\/artigosdodia.com\/es_ar\/\">Art\u00edculos del d\u00eda<\/a> o sus proveedores ser\u00e1n responsables de cualquier da\u00f1o (incluidos, entre otros, da\u00f1os por p\u00e9rdida de datos o ganancias, o debido a la interrupci\u00f3n del negocio) que surja del uso o la imposibilidad de usar los materiales en <a href=\"https:\/\/artigosdodia.com\/es_ar\/\">Art\u00edculos del d\u00eda<\/a>, aunqu\u00e9 <a href=\"https:\/\/artigosdodia.com\/es_ar\/\">Art\u00edculos del d\u00eda<\/a>o un representante autorizado de <a href=\"https:\/\/artigosdodia.com\/es_ar\/\">Art\u00edculos del d\u00eda<\/a> ha sido notificado oralmente o por escrito de la posibilidad de tales da\u00f1os. Debido a que algunas jurisdicciones no permiten limitaciones a las garant\u00edas impl\u00edcitas o limitaciones de responsabilidad por da\u00f1os consecuentes o incidentales, es posible que estas limitaciones no se apliquen a usted.<\/p>\n<h3 id=\"5-precisao-dos-materiais\">5. Precisi\u00f3n de materiales<\/h3>\n<p>Los materiales expuestos en el <a href=\"https:\/\/artigosdodia.com\/es_ar\/\">Art\u00edculos del d\u00eda<\/a> puede incluir errores t\u00e9cnicos, tipogr\u00e1ficos o fotogr\u00e1ficos. <a href=\"https:\/\/artigosdodia.com\/es_ar\/\">Art\u00edculos del d\u00eda<\/a> no garantiza que ning\u00fan material en su sitio web sea exacto, completo o actual. <a href=\"https:\/\/artigosdodia.com\/es_ar\/\">Art\u00edculos del d\u00eda<\/a> puede realizar cambios en los materiales contenidos en su sitio web en cualquier momento sin previo aviso. Sin embargo, <a href=\"https:\/\/artigosdodia.com\/es_ar\/\">Art\u00edculos del d\u00eda<\/a> no asume ning\u00fan compromiso de actualizaci\u00f3n de los materiales.<\/p>\n<h3 id=\"6-links\">6. Enlaces<\/h3>\n<p>oh <a href=\"https:\/\/artigosdodia.com\/es_ar\/\">Art\u00edculos del d\u00eda<\/a> no ha revisado todos los sitios vinculados a su sitio web y no es responsable del contenido de ning\u00fan sitio vinculado. La inclusi\u00f3n de cualquier enlace no implica aprobaci\u00f3n por parte de <a href=\"https:\/\/artigosdodia.com\/es_ar\/\">Art\u00edculos del d\u00eda<\/a> del site. El uso de cualquier sitio vinculado es bajo el propio riesgo del usuario.<\/p>\n<h3 id=\"modificacoes\">Modificaciones<\/h3>\n<p>oh <a href=\"https:\/\/artigosdodia.com\/es_ar\/\">Art\u00edculos del d\u00eda<\/a> puede revisar los t\u00e9rminos de servicio de estos sitios web en cualquier momento sin previo aviso. Al utilizar este sitio web, usted acepta estar sujeto a la versi\u00f3n actual de estos t\u00e9rminos de servicio.<\/p>\n<h3 id=\"lei-aplicavel\">Ley aplicable<\/h3>\n<p>Estos t\u00e9rminos y condiciones se rigen e interpretan de acuerdo con las leyes del <a href=\"https:\/\/artigosdodia.com\/es_ar\/\">Art\u00edculos del d\u00eda<\/a> y usted se somete irrevocablemente a la jurisdicci\u00f3n exclusiva de los tribunales de ese estado o ubicaci\u00f3n.<\/p>","protected":false},"excerpt":{"rendered":"<p>1. Termos Ao acessar ao site\u00a0Artigos do Dia, concorda em cumprir estes termos de servi\u00e7o, todas as leis e regulamentos aplic\u00e1veis \u200b\u200be concorda que \u00e9 respons\u00e1vel pelo cumprimento de todas as leis locais aplic\u00e1veis. Se voc\u00ea n\u00e3o concordar com algum desses termos, est\u00e1 proibido de usar ou acessar este site. Os materiais contidos neste site [&hellip;]<\/p>\n","protected":false},"author":4,"featured_media":0,"parent":0,"menu_order":0,"comment_status":"closed","ping_status":"closed","template":"","meta":{"footnotes":""},"class_list":["post-64","page","type-page","status-publish"],"_links":{"self":[{"href":"https:\/\/artigosdodia.com\/es_ar\/wp-json\/wp\/v2\/pages\/64","targetHints":{"allow":["GET"]}}],"collection":[{"href":"https:\/\/artigosdodia.com\/es_ar\/wp-json\/wp\/v2\/pages"}],"about":[{"href":"https:\/\/artigosdodia.com\/es_ar\/wp-json\/wp\/v2\/types\/page"}],"author":[{"embeddable":true,"href":"https:\/\/artigosdodia.com\/es_ar\/wp-json\/wp\/v2\/users\/4"}],"replies":[{"embeddable":true,"href":"https:\/\/artigosdodia.com\/es_ar\/wp-json\/wp\/v2\/comments?post=64"}],"version-history":[{"count":1,"href":"https:\/\/artigosdodia.com\/es_ar\/wp-json\/wp\/v2\/pages\/64\/revisions"}],"predecessor-version":[{"id":65,"href":"https:\/\/artigosdodia.com\/es_ar\/wp-json\/wp\/v2\/pages\/64\/revisions\/65"}],"wp:attachment":[{"href":"https:\/\/artigosdodia.com\/es_ar\/wp-json\/wp\/v2\/media?parent=64"}],"curies":[{"name":"wp","href":"https:\/\/api.w.org\/{rel}","templated":true}]}}