{"id":64,"date":"2022-04-09T00:28:28","date_gmt":"2022-04-09T00:28:28","guid":{"rendered":"https:\/\/artigosdodia.com\/?page_id=64"},"modified":"2022-04-09T00:28:28","modified_gmt":"2022-04-09T00:28:28","slug":"conditions-dutilisation","status":"publish","type":"page","link":"https:\/\/artigosdodia.com\/fr_be\/termos-de-uso\/","title":{"rendered":"Conditions d&#039;utilisation"},"content":{"rendered":"<h3 id=\"1-termos\">1. Conditions<\/h3>\n<p>Lors de l&#039;acc\u00e8s au site Web\u00a0<a href=\"https:\/\/artigosdodia.com\/fr_be\/\">Articles du jour<\/a>, vous acceptez de respecter ces conditions d&#039;utilisation, toutes les lois et r\u00e9glementations applicables, et acceptez que vous \u00eates responsable du respect de toutes les lois locales applicables. Si vous n&#039;\u00eates pas d&#039;accord avec l&#039;une de ces conditions, il vous est interdit d&#039;utiliser ou d&#039;acc\u00e9der \u00e0 ce site. Le mat\u00e9riel contenu dans ce site est prot\u00e9g\u00e9 par les lois applicables sur les droits d&#039;auteur et les marques.<\/p>\n<h3 id=\"2-uso-de-licenca\">2. Utilisation de la licence<\/h3>\n<p>L&#039;autorisation est accord\u00e9e de t\u00e9l\u00e9charger temporairement une copie du mat\u00e9riel (informations ou logiciels) sur le site Web. <a href=\"https:\/\/artigosdodia.com\/fr_be\/\">Articles du jour<\/a>, pour une visualisation transitoire personnelle et non commerciale uniquement. Il s&#039;agit de l&#039;octroi d&#039;une licence, et non d&#039;un transfert de titre, et en vertu de cette licence, vous ne pouvez pas\u00a0:<\/p>\n<ol>\n<li>modifier ou copier les documents\u00a0;<\/li>\n<li>utiliser le mat\u00e9riel \u00e0 des fins commerciales ou pour une exposition publique (commerciale ou non commerciale)\u00a0;<\/li>\n<li>tenter de d\u00e9compiler ou d&#039;effectuer de l&#039;ing\u00e9nierie inverse sur tout logiciel contenu sur le site <a href=\"https:\/\/artigosdodia.com\/fr_be\/\">Articles du jour<\/a>;<\/li>\n<li>supprimer tout droit d&#039;auteur ou autre mention de propri\u00e9t\u00e9 des documents\u00a0; ou<\/li>\n<li>transf\u00e9rer les documents \u00e0 une autre personne ou \u00ab refl\u00e9ter \u00bb les documents sur tout autre serveur.<\/li>\n<\/ol>\n<p>Cette licence prendra fin automatiquement si vous violez l&#039;une de ces restrictions et peut \u00eatre r\u00e9sili\u00e9e par <a href=\"https:\/\/artigosdodia.com\/fr_be\/\">Articles du jour<\/a> \u00e0 tout moment. \u00c0 la fin de votre visionnage de ces documents ou \u00e0 la r\u00e9siliation de cette licence, vous devez supprimer tout mat\u00e9riel t\u00e9l\u00e9charg\u00e9 en votre possession, qu&#039;il soit au format \u00e9lectronique ou imprim\u00e9.<\/p>\n<h3 id=\"3-isencao-de-responsabilidade\">3. Avis de non-responsabilit\u00e9<\/h3>\n<ol>\n<li>Les mat\u00e9riaux sur le site <a href=\"https:\/\/artigosdodia.com\/fr_be\/\">Articles du jour<\/a> sont fournis \u00ab tels quels \u00bb. <a href=\"https:\/\/artigosdodia.com\/fr_be\/\">Articles du jour<\/a> ne donne aucune garantie, expresse ou implicite, et d\u00e9cline et annule par la pr\u00e9sente toutes les autres garanties, y compris, sans limitation, les garanties ou conditions implicites de qualit\u00e9 marchande, d&#039;ad\u00e9quation \u00e0 un usage particulier, ou de non-violation de la propri\u00e9t\u00e9 intellectuelle ou autre violation des droits.<\/li>\n<li>Par ailleurs, le <a href=\"https:\/\/artigosdodia.com\/fr_be\/\">Articles du jour<\/a> ne garantit ni ne fait aucune d\u00e9claration concernant l&#039;exactitude, les r\u00e9sultats probables ou la fiabilit\u00e9 de l&#039;utilisation des documents pr\u00e9sents sur son site Web ou autrement li\u00e9s \u00e0 ces documents ou sur tout site li\u00e9 \u00e0 ce site.<\/li>\n<\/ol>\n<h3 id=\"4-limitacoes\">4. Limites<\/h3>\n<p>En aucun cas le <a href=\"https:\/\/artigosdodia.com\/fr_be\/\">Articles du jour<\/a> ou ses fournisseurs ne seront responsables de tout dommage (y compris, sans limitation, les dommages dus \u00e0 la perte de donn\u00e9es ou de profit, ou \u00e0 l&#039;interruption des activit\u00e9s) d\u00e9coulant de l&#039;utilisation ou de l&#039;impossibilit\u00e9 d&#039;utiliser les mat\u00e9riaux dans <a href=\"https:\/\/artigosdodia.com\/fr_be\/\">Articles du jour<\/a>, m\u00eame si <a href=\"https:\/\/artigosdodia.com\/fr_be\/\">Articles du jour<\/a>ou un repr\u00e9sentant autoris\u00e9 de <a href=\"https:\/\/artigosdodia.com\/fr_be\/\">Articles du jour<\/a> a \u00e9t\u00e9 inform\u00e9 oralement ou par \u00e9crit de la possibilit\u00e9 de tels dommages. \u00c9tant donn\u00e9 que certaines juridictions n&#039;autorisent pas les limitations des garanties implicites ou les limitations de responsabilit\u00e9 pour les dommages cons\u00e9cutifs ou accessoires, ces limitations peuvent ne pas s&#039;appliquer \u00e0 vous.<\/p>\n<h3 id=\"5-precisao-dos-materiais\">5. Pr\u00e9cision des mat\u00e9riaux<\/h3>\n<p>Les mat\u00e9riaux affich\u00e9s sur le <a href=\"https:\/\/artigosdodia.com\/fr_be\/\">Articles du jour<\/a> peut inclure des erreurs techniques, typographiques ou photographiques. <a href=\"https:\/\/artigosdodia.com\/fr_be\/\">Articles du jour<\/a> ne garantit pas que les \u00e9l\u00e9ments pr\u00e9sents sur son site Web sont exacts, complets ou \u00e0 jour. <a href=\"https:\/\/artigosdodia.com\/fr_be\/\">Articles du jour<\/a> peut apporter des modifications aux \u00e9l\u00e9ments contenus sur son site Web \u00e0 tout moment et sans pr\u00e9avis. Cependant, <a href=\"https:\/\/artigosdodia.com\/fr_be\/\">Articles du jour<\/a> ne s&#039;engage pas \u00e0 mettre \u00e0 jour le mat\u00e9riel.<\/p>\n<h3 id=\"6-links\">6. Liens<\/h3>\n<p>\u00d4 <a href=\"https:\/\/artigosdodia.com\/fr_be\/\">Articles du jour<\/a> n&#039;a pas examin\u00e9 tous les sites li\u00e9s \u00e0 son site Web et n&#039;est pas responsable du contenu des sites li\u00e9s. L&#039;inclusion de tout lien n&#039;implique pas l&#039;approbation de <a href=\"https:\/\/artigosdodia.com\/fr_be\/\">Articles du jour<\/a> du site Web. L&#039;utilisation de tout site li\u00e9 est aux propres risques de l&#039;utilisateur.<\/p>\n<h3 id=\"modificacoes\">Modifications<\/h3>\n<p>\u00d4 <a href=\"https:\/\/artigosdodia.com\/fr_be\/\">Articles du jour<\/a> peut r\u00e9viser les conditions d&#039;utilisation du site Web \u00e0 tout moment et sans pr\u00e9avis. En utilisant ce site Web, vous acceptez d&#039;\u00eatre li\u00e9 par la version actuelle de ces conditions d&#039;utilisation.<\/p>\n<h3 id=\"lei-aplicavel\">Loi applicable<\/h3>\n<p>Ces termes et conditions sont r\u00e9gis et interpr\u00e9t\u00e9s conform\u00e9ment aux lois du <a href=\"https:\/\/artigosdodia.com\/fr_be\/\">Articles du jour<\/a> et vous vous soumettez irr\u00e9vocablement \u00e0 la comp\u00e9tence exclusive des tribunaux de cet \u00c9tat ou lieu.<\/p>","protected":false},"excerpt":{"rendered":"<p>1. Termos Ao acessar ao site\u00a0Artigos do Dia, concorda em cumprir estes termos de servi\u00e7o, todas as leis e regulamentos aplic\u00e1veis \u200b\u200be concorda que \u00e9 respons\u00e1vel pelo cumprimento de todas as leis locais aplic\u00e1veis. Se voc\u00ea n\u00e3o concordar com algum desses termos, est\u00e1 proibido de usar ou acessar este site. Os materiais contidos neste site [&hellip;]<\/p>\n","protected":false},"author":4,"featured_media":0,"parent":0,"menu_order":0,"comment_status":"closed","ping_status":"closed","template":"","meta":{"footnotes":""},"class_list":["post-64","page","type-page","status-publish"],"_links":{"self":[{"href":"https:\/\/artigosdodia.com\/fr_be\/wp-json\/wp\/v2\/pages\/64","targetHints":{"allow":["GET"]}}],"collection":[{"href":"https:\/\/artigosdodia.com\/fr_be\/wp-json\/wp\/v2\/pages"}],"about":[{"href":"https:\/\/artigosdodia.com\/fr_be\/wp-json\/wp\/v2\/types\/page"}],"author":[{"embeddable":true,"href":"https:\/\/artigosdodia.com\/fr_be\/wp-json\/wp\/v2\/users\/4"}],"replies":[{"embeddable":true,"href":"https:\/\/artigosdodia.com\/fr_be\/wp-json\/wp\/v2\/comments?post=64"}],"version-history":[{"count":1,"href":"https:\/\/artigosdodia.com\/fr_be\/wp-json\/wp\/v2\/pages\/64\/revisions"}],"predecessor-version":[{"id":65,"href":"https:\/\/artigosdodia.com\/fr_be\/wp-json\/wp\/v2\/pages\/64\/revisions\/65"}],"wp:attachment":[{"href":"https:\/\/artigosdodia.com\/fr_be\/wp-json\/wp\/v2\/media?parent=64"}],"curies":[{"name":"wp","href":"https:\/\/api.w.org\/{rel}","templated":true}]}}