{"id":64,"date":"2022-04-09T00:28:28","date_gmt":"2022-04-09T00:28:28","guid":{"rendered":"https:\/\/artigosdodia.com\/?page_id=64"},"modified":"2022-04-09T00:28:28","modified_gmt":"2022-04-09T00:28:28","slug":"%d7%aa%d7%a0%d7%90%d7%99-%d7%a9%d7%99%d7%9e%d7%95%d7%a9","status":"publish","type":"page","link":"https:\/\/artigosdodia.com\/he\/termos-de-uso\/","title":{"rendered":"\u05ea\u05e0\u05d0\u05d9 \u05e9\u05d9\u05de\u05d5\u05e9"},"content":{"rendered":"<h3 id=\"1-termos\">1. \u05ea\u05e0\u05d0\u05d9\u05dd<\/h3>\n<p>\u05d1\u05e2\u05ea \u05d4\u05db\u05e0\u05d9\u05e1\u05d4 \u05dc\u05d0\u05ea\u05e8\u00a0<a href=\"https:\/\/artigosdodia.com\/he\/\">\u05de\u05d0\u05de\u05e8\u05d9 \u05d4\u05d9\u05d5\u05dd<\/a>, \u05d0\u05ea\u05d4 \u05de\u05e1\u05db\u05d9\u05dd \u05dc\u05e6\u05d9\u05d9\u05ea \u05dc\u05ea\u05e0\u05d0\u05d9 \u05e9\u05d9\u05e8\u05d5\u05ea \u05d0\u05dc\u05d4, \u05dc\u05db\u05dc \u05d4\u05d7\u05d5\u05e7\u05d9\u05dd \u05d5\u05d4\u05ea\u05e7\u05e0\u05d5\u05ea \u05d4\u05d7\u05dc\u05d9\u05dd, \u05d5\u05de\u05e1\u05db\u05d9\u05dd \u05e9\u05d0\u05ea\u05d4 \u05d0\u05d7\u05e8\u05d0\u05d9 \u05dc\u05e6\u05d9\u05d5\u05ea \u05dc\u05db\u05dc \u05d4\u05d7\u05d5\u05e7\u05d9\u05dd \u05d4\u05de\u05e7\u05d5\u05de\u05d9\u05d9\u05dd \u05d4\u05d7\u05dc\u05d9\u05dd. \u05d0\u05dd \u05d0\u05d9\u05e0\u05da \u05de\u05e1\u05db\u05d9\u05dd \u05dc\u05d0\u05e3 \u05d0\u05d7\u05d3 \u05de\u05d4\u05ea\u05e0\u05d0\u05d9\u05dd \u05d4\u05dc\u05dc\u05d5, \u05e0\u05d0\u05e1\u05e8 \u05e2\u05dc\u05d9\u05da \u05dc\u05d4\u05e9\u05ea\u05de\u05e9 \u05d0\u05d5 \u05dc\u05d2\u05e9\u05ea \u05dc\u05d0\u05ea\u05e8 \u05d6\u05d4. \u05d4\u05d7\u05d5\u05de\u05e8\u05d9\u05dd \u05d4\u05db\u05dc\u05d5\u05dc\u05d9\u05dd \u05d1\u05d0\u05ea\u05e8 \u05d6\u05d4 \u05de\u05d5\u05d2\u05e0\u05d9\u05dd \u05e2\u05dc \u05d9\u05d3\u05d9 \u05d7\u05d5\u05e7\u05d9 \u05d6\u05db\u05d5\u05d9\u05d5\u05ea \u05d4\u05d9\u05d5\u05e6\u05e8\u05d9\u05dd \u05d5\u05d4\u05e1\u05d9\u05de\u05e0\u05d9\u05dd \u05d4\u05de\u05e1\u05d7\u05e8\u05d9\u05d9\u05dd \u05d4\u05d7\u05dc\u05d9\u05dd.<\/p>\n<h3 id=\"2-uso-de-licenca\">2. \u05e9\u05d9\u05de\u05d5\u05e9 \u05d1\u05e8\u05d9\u05e9\u05d9\u05d5\u05df<\/h3>\n<p>\u05e0\u05d9\u05ea\u05df \u05d4\u05e8\u05e9\u05d0\u05d4 \u05dc\u05d4\u05d5\u05e8\u05d9\u05d3 \u05d1\u05d0\u05d5\u05e4\u05df \u05d6\u05de\u05e0\u05d9 \u05e2\u05d5\u05ea\u05e7 \u05d0\u05d7\u05d3 \u05e9\u05dc \u05d4\u05d7\u05d5\u05de\u05e8\u05d9\u05dd (\u05de\u05d9\u05d3\u05e2 \u05d0\u05d5 \u05ea\u05d5\u05db\u05e0\u05d4) \u05d1\u05d0\u05ea\u05e8 <a href=\"https:\/\/artigosdodia.com\/he\/\">\u05de\u05d0\u05de\u05e8\u05d9 \u05d4\u05d9\u05d5\u05dd<\/a>, \u05dc\u05e6\u05e4\u05d9\u05d9\u05d4 \u05d7\u05d5\u05dc\u05e4\u05ea \u05d0\u05d9\u05e9\u05d9\u05ea \u05d5\u05dc\u05d0 \u05de\u05e1\u05d7\u05e8\u05d9\u05ea \u05d1\u05dc\u05d1\u05d3. \u05d6\u05d4\u05d5 \u05d4\u05e2\u05e0\u05e7\u05ea \u05e8\u05d9\u05e9\u05d9\u05d5\u05df, \u05dc\u05d0 \u05d4\u05e2\u05d1\u05e8\u05ea \u05d1\u05e2\u05dc\u05d5\u05ea, \u05d5\u05ea\u05d7\u05ea \u05e8\u05d9\u05e9\u05d9\u05d5\u05df \u05d6\u05d4 \u05d0\u05d9\u05e0\u05da \u05e8\u05e9\u05d0\u05d9:<\/p>\n<ol>\n<li>\u05dc\u05e9\u05e0\u05d5\u05ea \u05d0\u05d5 \u05dc\u05d4\u05e2\u05ea\u05d9\u05e7 \u05d0\u05ea \u05d4\u05d7\u05d5\u05de\u05e8\u05d9\u05dd;<\/li>\n<li>\u05dc\u05d4\u05e9\u05ea\u05de\u05e9 \u05d1\u05d7\u05d5\u05de\u05e8\u05d9\u05dd \u05dc\u05db\u05dc \u05de\u05d8\u05e8\u05d4 \u05de\u05e1\u05d7\u05e8\u05d9\u05ea \u05d0\u05d5 \u05dc\u05ea\u05e6\u05d5\u05d2\u05d4 \u05e4\u05d5\u05de\u05d1\u05d9\u05ea (\u05de\u05e1\u05d7\u05e8\u05d9\u05ea \u05d0\u05d5 \u05dc\u05d0 \u05de\u05e1\u05d7\u05e8\u05d9\u05ea);<\/li>\n<li>\u05e0\u05e1\u05d4 \u05dc\u05d1\u05e6\u05e2 \u05d3\u05d4-\u05e7\u05d5\u05de\u05e4\u05d9\u05dc\u05e6\u05d9\u05d4 \u05d0\u05d5 \u05d4\u05e0\u05d3\u05e1\u05d4 \u05dc\u05d0\u05d7\u05d5\u05e8 \u05e9\u05dc \u05db\u05dc \u05ea\u05d5\u05db\u05e0\u05d4 \u05d4\u05db\u05dc\u05d5\u05dc\u05d4 \u05d1\u05d0\u05ea\u05e8 <a href=\"https:\/\/artigosdodia.com\/he\/\">\u05de\u05d0\u05de\u05e8\u05d9 \u05d4\u05d9\u05d5\u05dd<\/a>;<\/li>\n<li>\u05dc\u05d4\u05e1\u05d9\u05e8 \u05db\u05dc \u05d6\u05db\u05d5\u05d9\u05d5\u05ea \u05d9\u05d5\u05e6\u05e8\u05d9\u05dd \u05d0\u05d5 \u05e1\u05d9\u05de\u05e0\u05d9\u05dd \u05e7\u05e0\u05d9\u05d9\u05e0\u05d9\u05d9\u05dd \u05d0\u05d7\u05e8\u05d9\u05dd \u05de\u05d4\u05d7\u05d5\u05de\u05e8\u05d9\u05dd; \u05d0\u05d5\u05b9<\/li>\n<li>\u05dc\u05d4\u05e2\u05d1\u05d9\u05e8 \u05d0\u05ea \u05d4\u05d7\u05d5\u05de\u05e8\u05d9\u05dd \u05dc\u05d0\u05d3\u05dd \u05d0\u05d7\u05e8 \u05d0\u05d5 &#039;\u05dc\u05e9\u05e7\u05e3&#039; \u05d0\u05ea \u05d4\u05d7\u05d5\u05de\u05e8\u05d9\u05dd \u05d1\u05db\u05dc \u05e9\u05e8\u05ea \u05d0\u05d7\u05e8.<\/li>\n<\/ol>\n<p>\u05e8\u05d9\u05e9\u05d9\u05d5\u05df \u05d6\u05d4 \u05d9\u05e1\u05ea\u05d9\u05d9\u05dd \u05d0\u05d5\u05d8\u05d5\u05de\u05d8\u05d9\u05ea \u05d0\u05dd \u05ea\u05e4\u05e8 \u05d0\u05d7\u05ea \u05de\u05d4\u05d4\u05d2\u05d1\u05dc\u05d5\u05ea \u05d4\u05dc\u05dc\u05d5 \u05d5\u05e2\u05e9\u05d5\u05d9 \u05dc\u05d4\u05e1\u05ea\u05d9\u05d9\u05dd \u05e2\u05dc \u05d9\u05d3\u05d9 <a href=\"https:\/\/artigosdodia.com\/he\/\">\u05de\u05d0\u05de\u05e8\u05d9 \u05d4\u05d9\u05d5\u05dd<\/a> \u05d1\u05db\u05dc \u05e2\u05ea. \u05e2\u05dd \u05d4\u05e4\u05e1\u05e7\u05ea \u05d4\u05e6\u05e4\u05d9\u05d9\u05d4 \u05e9\u05dc\u05da \u05d1\u05d7\u05d5\u05de\u05e8\u05d9\u05dd \u05d0\u05dc\u05d4 \u05d0\u05d5 \u05e2\u05dd \u05e1\u05d9\u05d5\u05dd \u05e8\u05d9\u05e9\u05d9\u05d5\u05df \u05d6\u05d4, \u05e2\u05dc\u05d9\u05da \u05dc\u05de\u05d7\u05d5\u05e7 \u05db\u05dc \u05d7\u05d5\u05de\u05e8 \u05e9\u05d4\u05d5\u05e8\u05d3\u05ea \u05e9\u05d1\u05e8\u05e9\u05d5\u05ea\u05da \u05d1\u05d9\u05df \u05d0\u05dd \u05d1\u05e4\u05d5\u05e8\u05de\u05d8 \u05d0\u05dc\u05e7\u05d8\u05e8\u05d5\u05e0\u05d9 \u05d0\u05d5 \u05de\u05d5\u05d3\u05e4\u05e1.<\/p>\n<h3 id=\"3-isencao-de-responsabilidade\">3. \u05db\u05ea\u05d1 \u05d5\u05d9\u05ea\u05d5\u05e8<\/h3>\n<ol>\n<li>\u05d4\u05d7\u05d5\u05de\u05e8\u05d9\u05dd \u05d1\u05d0\u05ea\u05e8 <a href=\"https:\/\/artigosdodia.com\/he\/\">\u05de\u05d0\u05de\u05e8\u05d9 \u05d4\u05d9\u05d5\u05dd<\/a> \u05de\u05e1\u05d5\u05e4\u05e7\u05d9\u05dd &#039;\u05db\u05de\u05d5\u05ea \u05e9\u05d4\u05dd&#039;. <a href=\"https:\/\/artigosdodia.com\/he\/\">\u05de\u05d0\u05de\u05e8\u05d9 \u05d4\u05d9\u05d5\u05dd<\/a> \u05d0\u05d9\u05e0\u05d5 \u05e0\u05d5\u05ea\u05df \u05d0\u05d7\u05e8\u05d9\u05d5\u05ea, \u05de\u05e4\u05d5\u05e8\u05e9\u05ea \u05d0\u05d5 \u05de\u05e9\u05ea\u05de\u05e2\u05ea, \u05d5\u05de\u05d1\u05d8\u05dc \u05d1\u05d6\u05d0\u05ea \u05d0\u05ea \u05db\u05dc \u05d4\u05d0\u05d7\u05e8\u05d9\u05d5\u05ea \u05d4\u05d0\u05d7\u05e8\u05d5\u05ea, \u05dc\u05e8\u05d1\u05d5\u05ea, \u05dc\u05dc\u05d0 \u05d4\u05d2\u05d1\u05dc\u05d4, \u05d0\u05d7\u05e8\u05d9\u05d5\u05ea \u05de\u05e9\u05ea\u05de\u05e2\u05ea \u05d0\u05d5 \u05ea\u05e0\u05d0\u05d9\u05dd \u05e9\u05dc \u05e1\u05d7\u05d9\u05e8\u05d5\u05ea, \u05d4\u05ea\u05d0\u05de\u05d4 \u05dc\u05de\u05d8\u05e8\u05d4 \u05de\u05e1\u05d5\u05d9\u05de\u05ea, \u05d0\u05d5 \u05d0\u05d9-\u05d4\u05e4\u05e8\u05d4 \u05e9\u05dc \u05e7\u05e0\u05d9\u05d9\u05df \u05e8\u05d5\u05d7\u05e0\u05d9 \u05d0\u05d5 \u05d4\u05e4\u05e8\u05d4 \u05d0\u05d7\u05e8\u05ea \u05e9\u05dc \u05d6\u05db\u05d5\u05d9\u05d5\u05ea.<\/li>\n<li>\u05d9\u05ea\u05e8 \u05e2\u05dc \u05db\u05df, \u05d4 <a href=\"https:\/\/artigosdodia.com\/he\/\">\u05de\u05d0\u05de\u05e8\u05d9 \u05d4\u05d9\u05d5\u05dd<\/a> \u05d0\u05d9\u05e0\u05d4 \u05de\u05ea\u05d7\u05d9\u05d9\u05d1\u05ea \u05d0\u05d5 \u05de\u05e6\u05d9\u05d2\u05d4 \u05de\u05e6\u05d2\u05d9\u05dd \u05db\u05dc\u05e9\u05d4\u05dd \u05d1\u05e0\u05d5\u05d2\u05e2 \u05dc\u05d3\u05d9\u05d5\u05e7, \u05d4\u05ea\u05d5\u05e6\u05d0\u05d5\u05ea \u05d4\u05e1\u05d1\u05d9\u05e8\u05d5\u05ea \u05d0\u05d5 \u05d4\u05de\u05d4\u05d9\u05de\u05e0\u05d5\u05ea \u05e9\u05dc \u05d4\u05e9\u05d9\u05de\u05d5\u05e9 \u05d1\u05d7\u05d5\u05de\u05e8\u05d9\u05dd \u05d1\u05d0\u05ea\u05e8 \u05d4\u05d0\u05d9\u05e0\u05d8\u05e8\u05e0\u05d8 \u05e9\u05dc\u05d4 \u05d0\u05d5 \u05d1\u05db\u05dc \u05d4\u05e7\u05e9\u05d5\u05e8 \u05dc\u05d7\u05d5\u05de\u05e8\u05d9\u05dd \u05db\u05d0\u05dc\u05d4 \u05d0\u05d5 \u05d1\u05d0\u05ea\u05e8\u05d9\u05dd \u05d4\u05de\u05e7\u05d5\u05e9\u05e8\u05d9\u05dd \u05dc\u05d0\u05ea\u05e8 \u05d6\u05d4.<\/li>\n<\/ol>\n<h3 id=\"4-limitacoes\">4. \u05de\u05d2\u05d1\u05dc\u05d5\u05ea<\/h3>\n<p>\u05d1\u05e9\u05d5\u05dd \u05de\u05e7\u05e8\u05d4 \u05dc\u05d0 <a href=\"https:\/\/artigosdodia.com\/he\/\">\u05de\u05d0\u05de\u05e8\u05d9 \u05d4\u05d9\u05d5\u05dd<\/a> \u05d0\u05d5 \u05d4\u05e1\u05e4\u05e7\u05d9\u05dd \u05e9\u05dc\u05d4 \u05d9\u05d4\u05d9\u05d5 \u05d0\u05d7\u05e8\u05d0\u05d9\u05dd \u05dc\u05db\u05dc \u05e0\u05d6\u05e7 (\u05dc\u05e8\u05d1\u05d5\u05ea, \u05dc\u05dc\u05d0 \u05d4\u05d2\u05d1\u05dc\u05d4, \u05e0\u05d6\u05e7 \u05d1\u05d2\u05d9\u05df \u05d0\u05d5\u05d1\u05d3\u05df \u05e0\u05ea\u05d5\u05e0\u05d9\u05dd \u05d0\u05d5 \u05e8\u05d5\u05d5\u05d7, \u05d0\u05d5 \u05e2\u05e7\u05d1 \u05d4\u05e4\u05e8\u05e2\u05d4 \u05e2\u05e1\u05e7\u05d9\u05ea) \u05d4\u05e0\u05d5\u05d1\u05e2\u05d9\u05dd \u05de\u05e9\u05d9\u05de\u05d5\u05e9 \u05d0\u05d5 \u05d7\u05d5\u05e1\u05e8 \u05d9\u05db\u05d5\u05dc\u05ea \u05dc\u05d4\u05e9\u05ea\u05de\u05e9 \u05d1\u05d7\u05d5\u05de\u05e8\u05d9\u05dd \u05d1 <a href=\"https:\/\/artigosdodia.com\/he\/\">\u05de\u05d0\u05de\u05e8\u05d9 \u05d4\u05d9\u05d5\u05dd<\/a>, \u05dc\u05de\u05e8\u05d5\u05ea \u05e9 <a href=\"https:\/\/artigosdodia.com\/he\/\">\u05de\u05d0\u05de\u05e8\u05d9 \u05d4\u05d9\u05d5\u05dd<\/a>\u05d0\u05d5 \u05e0\u05e6\u05d9\u05d2 \u05de\u05d5\u05e1\u05de\u05da \u05e9\u05dc <a href=\"https:\/\/artigosdodia.com\/he\/\">\u05de\u05d0\u05de\u05e8\u05d9 \u05d4\u05d9\u05d5\u05dd<\/a> \u05e7\u05d9\u05d1\u05dc \u05d4\u05d5\u05d3\u05e2\u05d4 \u05d1\u05e2\u05dc \u05e4\u05d4 \u05d0\u05d5 \u05d1\u05db\u05ea\u05d1 \u05e2\u05dc \u05d0\u05e4\u05e9\u05e8\u05d5\u05ea \u05e9\u05dc \u05e0\u05d6\u05e7\u05d9\u05dd \u05db\u05d0\u05de\u05d5\u05e8. \u05de\u05db\u05d9\u05d5\u05d5\u05df \u05e9\u05d7\u05dc\u05e7 \u05de\u05ea\u05d7\u05d5\u05de\u05d9 \u05d4\u05e9\u05d9\u05e4\u05d5\u05d8 \u05d0\u05d9\u05e0\u05dd \u05de\u05ea\u05d9\u05e8\u05d9\u05dd \u05d4\u05d2\u05d1\u05dc\u05d5\u05ea \u05e2\u05dc \u05d0\u05d7\u05e8\u05d9\u05d5\u05ea \u05de\u05e9\u05ea\u05de\u05e2\u05ea, \u05d0\u05d5 \u05d4\u05d2\u05d1\u05dc\u05d5\u05ea \u05e9\u05dc \u05d0\u05d7\u05e8\u05d9\u05d5\u05ea \u05dc\u05e0\u05d6\u05e7\u05d9\u05dd \u05ea\u05d5\u05e6\u05d0\u05ea\u05d9\u05d9\u05dd \u05d0\u05d5 \u05de\u05e7\u05e8\u05d9\u05d9\u05dd, \u05d9\u05d9\u05ea\u05db\u05df \u05e9\u05d4\u05d2\u05d1\u05dc\u05d5\u05ea \u05d0\u05dc\u05d5 \u05dc\u05d0 \u05d9\u05d7\u05d5\u05dc\u05d5 \u05e2\u05dc\u05d9\u05da.<\/p>\n<h3 id=\"5-precisao-dos-materiais\">5. \u05d3\u05d9\u05d5\u05e7 \u05e9\u05dc \u05d7\u05d5\u05de\u05e8\u05d9\u05dd<\/h3>\n<p>\u05d4\u05d7\u05d5\u05de\u05e8\u05d9\u05dd \u05d4\u05de\u05d5\u05e6\u05d2\u05d9\u05dd \u05e2\u05dc <a href=\"https:\/\/artigosdodia.com\/he\/\">\u05de\u05d0\u05de\u05e8\u05d9 \u05d4\u05d9\u05d5\u05dd<\/a> \u05e2\u05e9\u05d5\u05d9 \u05dc\u05db\u05dc\u05d5\u05dc \u05e9\u05d2\u05d9\u05d0\u05d5\u05ea \u05d8\u05db\u05e0\u05d9\u05d5\u05ea, \u05d3\u05e4\u05d5\u05e1\u05d9\u05d5\u05ea \u05d0\u05d5 \u05e6\u05d9\u05dc\u05d5\u05dd. <a href=\"https:\/\/artigosdodia.com\/he\/\">\u05de\u05d0\u05de\u05e8\u05d9 \u05d4\u05d9\u05d5\u05dd<\/a> \u05d0\u05d9\u05e0\u05d4 \u05de\u05ea\u05d7\u05d9\u05d9\u05d1\u05ea \u05e9\u05d7\u05d5\u05de\u05e8\u05d9\u05dd \u05db\u05dc\u05e9\u05d4\u05dd \u05d1\u05d0\u05ea\u05e8 \u05d4\u05d0\u05d9\u05e0\u05d8\u05e8\u05e0\u05d8 \u05e9\u05dc\u05d4 \u05de\u05d3\u05d5\u05d9\u05e7\u05d9\u05dd, \u05de\u05dc\u05d0\u05d9\u05dd \u05d0\u05d5 \u05e2\u05d3\u05db\u05e0\u05d9\u05d9\u05dd. <a href=\"https:\/\/artigosdodia.com\/he\/\">\u05de\u05d0\u05de\u05e8\u05d9 \u05d4\u05d9\u05d5\u05dd<\/a> \u05e8\u05e9\u05d0\u05d9\u05ea \u05dc\u05d1\u05e6\u05e2 \u05e9\u05d9\u05e0\u05d5\u05d9\u05d9\u05dd \u05d1\u05d7\u05d5\u05de\u05e8\u05d9\u05dd \u05d4\u05db\u05dc\u05d5\u05dc\u05d9\u05dd \u05d1\u05d0\u05ea\u05e8 \u05d4\u05d0\u05d9\u05e0\u05d8\u05e8\u05e0\u05d8 \u05e9\u05dc\u05d4 \u05d1\u05db\u05dc \u05e2\u05ea \u05dc\u05dc\u05d0 \u05d4\u05d5\u05d3\u05e2\u05d4 \u05de\u05d5\u05e7\u05d3\u05de\u05ea. \u05dc\u05de\u05e8\u05d5\u05ea \u05d6\u05d0\u05ea, <a href=\"https:\/\/artigosdodia.com\/he\/\">\u05de\u05d0\u05de\u05e8\u05d9 \u05d4\u05d9\u05d5\u05dd<\/a> \u05d0\u05d9\u05e0\u05d4 \u05de\u05ea\u05d7\u05d9\u05d9\u05d1\u05ea \u05dc\u05e2\u05d3\u05db\u05df \u05d0\u05ea \u05d4\u05d7\u05d5\u05de\u05e8\u05d9\u05dd.<\/p>\n<h3 id=\"6-links\">6. \u05e7\u05d9\u05e9\u05d5\u05e8\u05d9\u05dd<\/h3>\n<p>O <a href=\"https:\/\/artigosdodia.com\/he\/\">\u05de\u05d0\u05de\u05e8\u05d9 \u05d4\u05d9\u05d5\u05dd<\/a> \u05dc\u05d0 \u05d1\u05d3\u05e7 \u05d0\u05ea \u05db\u05dc \u05d4\u05d0\u05ea\u05e8\u05d9\u05dd \u05d4\u05de\u05e7\u05d5\u05e9\u05e8\u05d9\u05dd \u05dc\u05d0\u05ea\u05e8 \u05d4\u05d0\u05d9\u05e0\u05d8\u05e8\u05e0\u05d8 \u05e9\u05dc\u05d4 \u05d5\u05d0\u05d9\u05e0\u05d5 \u05d0\u05d7\u05e8\u05d0\u05d9 \u05dc\u05ea\u05db\u05e0\u05d9\u05dd \u05e9\u05dc \u05db\u05dc \u05d0\u05ea\u05e8 \u05de\u05e7\u05d5\u05e9\u05e8. \u05d4\u05db\u05dc\u05dc\u05ea \u05db\u05dc \u05e7\u05d9\u05e9\u05d5\u05e8 \u05d0\u05d9\u05e0\u05d4 \u05de\u05e2\u05d9\u05d3\u05d4 \u05e2\u05dc \u05d0\u05d9\u05e9\u05d5\u05e8 \u05e2\u05dc \u05d9\u05d3\u05d9 <a href=\"https:\/\/artigosdodia.com\/he\/\">\u05de\u05d0\u05de\u05e8\u05d9 \u05d4\u05d9\u05d5\u05dd<\/a> \u05de\u05d4\u05d0\u05ea\u05e8. \u05d4\u05e9\u05d9\u05de\u05d5\u05e9 \u05d1\u05db\u05dc \u05d0\u05ea\u05e8 \u05de\u05e7\u05d5\u05e9\u05e8 \u05d4\u05d5\u05d0 \u05e2\u05dc \u05d0\u05d7\u05e8\u05d9\u05d5\u05ea \u05d4\u05de\u05e9\u05ea\u05de\u05e9 \u05d1\u05dc\u05d1\u05d3.<\/p>\n<h3 id=\"modificacoes\">\u05e9\u05d9\u05e0\u05d5\u05d9\u05d9\u05dd<\/h3>\n<p>O <a href=\"https:\/\/artigosdodia.com\/he\/\">\u05de\u05d0\u05de\u05e8\u05d9 \u05d4\u05d9\u05d5\u05dd<\/a> \u05e8\u05e9\u05d0\u05d9\u05ea \u05dc\u05e9\u05e0\u05d5\u05ea \u05d0\u05ea \u05ea\u05e0\u05d0\u05d9 \u05d4\u05e9\u05d9\u05e8\u05d5\u05ea \u05e9\u05dc \u05d4\u05d0\u05ea\u05e8 \u05d1\u05db\u05dc \u05e2\u05ea \u05dc\u05dc\u05d0 \u05d4\u05d5\u05d3\u05e2\u05d4 \u05de\u05d5\u05e7\u05d3\u05de\u05ea. \u05e2\u05dc \u05d9\u05d3\u05d9 \u05e9\u05d9\u05de\u05d5\u05e9 \u05d1\u05d0\u05ea\u05e8 \u05d6\u05d4, \u05d0\u05ea\u05d4 \u05de\u05e1\u05db\u05d9\u05dd \u05dc\u05d4\u05d9\u05d5\u05ea \u05de\u05d7\u05d5\u05d9\u05d1 \u05dc\u05d2\u05e8\u05e1\u05d4 \u05d4\u05e0\u05d5\u05db\u05d7\u05d9\u05ea \u05e9\u05dc \u05ea\u05e0\u05d0\u05d9 \u05e9\u05d9\u05e8\u05d5\u05ea \u05d0\u05dc\u05d4.<\/p>\n<h3 id=\"lei-aplicavel\">\u05d7\u05d5\u05e7 \u05d9\u05e9\u05d9\u05dd<\/h3>\n<p>\u05ea\u05e0\u05d0\u05d9\u05dd \u05d5\u05d4\u05d2\u05d1\u05dc\u05d5\u05ea \u05d0\u05dc\u05d4 \u05e0\u05e9\u05dc\u05d8\u05d9\u05dd \u05e2\u05dc \u05e4\u05d9 \u05d7\u05d5\u05e7\u05d9 \u05d4- <a href=\"https:\/\/artigosdodia.com\/he\/\">\u05de\u05d0\u05de\u05e8\u05d9 \u05d4\u05d9\u05d5\u05dd<\/a> \u05d5\u05d0\u05ea\u05d4 \u05e0\u05db\u05e0\u05e2 \u05d1\u05d0\u05d5\u05e4\u05df \u05d1\u05dc\u05ea\u05d9 \u05d4\u05e4\u05d9\u05da \u05dc\u05e1\u05de\u05db\u05d5\u05ea \u05d4\u05e9\u05d9\u05e4\u05d5\u05d8 \u05d4\u05d1\u05dc\u05e2\u05d3\u05d9\u05ea \u05e9\u05dc \u05d1\u05ea\u05d9 \u05d4\u05de\u05e9\u05e4\u05d8 \u05d1\u05d0\u05d5\u05ea\u05d4 \u05de\u05d3\u05d9\u05e0\u05d4 \u05d0\u05d5 \u05de\u05d9\u05e7\u05d5\u05dd.<\/p>","protected":false},"excerpt":{"rendered":"<p>1. Termos Ao acessar ao site\u00a0Artigos do Dia, concorda em cumprir estes termos de servi\u00e7o, todas as leis e regulamentos aplic\u00e1veis \u200b\u200be concorda que \u00e9 respons\u00e1vel pelo cumprimento de todas as leis locais aplic\u00e1veis. Se voc\u00ea n\u00e3o concordar com algum desses termos, est\u00e1 proibido de usar ou acessar este site. Os materiais contidos neste site [&hellip;]<\/p>\n","protected":false},"author":4,"featured_media":0,"parent":0,"menu_order":0,"comment_status":"closed","ping_status":"closed","template":"","meta":{"footnotes":""},"class_list":["post-64","page","type-page","status-publish"],"_links":{"self":[{"href":"https:\/\/artigosdodia.com\/he\/wp-json\/wp\/v2\/pages\/64","targetHints":{"allow":["GET"]}}],"collection":[{"href":"https:\/\/artigosdodia.com\/he\/wp-json\/wp\/v2\/pages"}],"about":[{"href":"https:\/\/artigosdodia.com\/he\/wp-json\/wp\/v2\/types\/page"}],"author":[{"embeddable":true,"href":"https:\/\/artigosdodia.com\/he\/wp-json\/wp\/v2\/users\/4"}],"replies":[{"embeddable":true,"href":"https:\/\/artigosdodia.com\/he\/wp-json\/wp\/v2\/comments?post=64"}],"version-history":[{"count":1,"href":"https:\/\/artigosdodia.com\/he\/wp-json\/wp\/v2\/pages\/64\/revisions"}],"predecessor-version":[{"id":65,"href":"https:\/\/artigosdodia.com\/he\/wp-json\/wp\/v2\/pages\/64\/revisions\/65"}],"wp:attachment":[{"href":"https:\/\/artigosdodia.com\/he\/wp-json\/wp\/v2\/media?parent=64"}],"curies":[{"name":"wp","href":"https:\/\/api.w.org\/{rel}","templated":true}]}}