{"id":64,"date":"2022-04-09T00:28:28","date_gmt":"2022-04-09T00:28:28","guid":{"rendered":"https:\/\/artigosdodia.com\/?page_id=64"},"modified":"2022-04-09T00:28:28","modified_gmt":"2022-04-09T00:28:28","slug":"uvjeti-koristenja","status":"publish","type":"page","link":"https:\/\/artigosdodia.com\/hr\/termos-de-uso\/","title":{"rendered":"Uvjeti kori\u0161tenja"},"content":{"rendered":"<h3 id=\"1-termos\">1. Uvjeti<\/h3>\n<p>Prilikom pristupa web stranici\u00a0<a href=\"https:\/\/artigosdodia.com\/hr\/\">\u010clanci dana<\/a>, suglasni ste po\u0161tivati \u200b\u200bove uvjete pru\u017eanja usluge, sve primjenjive zakone i propise i sla\u017eete se da ste odgovorni za po\u0161tivanje svih primjenjivih lokalnih zakona. Ako se ne sla\u017eete s bilo kojim od ovih uvjeta, zabranjeno vam je kori\u0161tenje ili pristup ovoj stranici. Materijali sadr\u017eani na ovoj stranici za\u0161ti\u0107eni su va\u017ee\u0107im zakonima o autorskim pravima i za\u0161titnim znakovima.<\/p>\n<h3 id=\"2-uso-de-licenca\">2. Kori\u0161tenje licence<\/h3>\n<p>Dopu\u0161teno je privremeno preuzimanje jedne kopije materijala (informacija ili softvera) na web stranici <a href=\"https:\/\/artigosdodia.com\/hr\/\">\u010clanci dana<\/a>, samo za osobno, nekomercijalno prolazno gledanje. Ovo je dodjela licence, a ne prijenos vlasni\u0161tva, i prema ovoj licenci ne smijete:<\/p>\n<ol>\n<li>mijenjati ili kopirati materijale;<\/li>\n<li>koristiti materijale u bilo koju komercijalnu svrhu ili za javno prikazivanje (komercijalno ili nekomercijalno);<\/li>\n<li>poku\u0161ati dekompilirati ili obrnuti in\u017eenjering bilo kojeg softvera koji se nalazi na stranici <a href=\"https:\/\/artigosdodia.com\/hr\/\">\u010clanci dana<\/a>;<\/li>\n<li>ukloniti sva autorska prava ili druge vlasni\u010dke oznake iz materijala; ili<\/li>\n<li>prenijeti materijale drugoj osobi ili &#039;zrcaliti&#039; materijale na bilo kojem drugom poslu\u017eitelju.<\/li>\n<\/ol>\n<p>Ova licenca \u0107e automatski prestati ako prekr\u0161ite bilo koje od ovih ograni\u010denja i mo\u017ee biti prekinuta do <a href=\"https:\/\/artigosdodia.com\/hr\/\">\u010clanci dana<\/a> bilo kada. Nakon prestanka pregledavanja ovih materijala ili nakon raskida ove licence, morate izbrisati sve preuzete materijale u svom posjedu, bilo u elektroni\u010dkom ili tiskanom obliku.<\/p>\n<h3 id=\"3-isencao-de-responsabilidade\">3. Odricanje od odgovornosti<\/h3>\n<ol>\n<li>Materijali na web stranici <a href=\"https:\/\/artigosdodia.com\/hr\/\">\u010clanci dana<\/a> pru\u017eaju se &#039;kakvi jesu&#039;. <a href=\"https:\/\/artigosdodia.com\/hr\/\">\u010clanci dana<\/a> ne daje nikakva jamstva, izri\u010dita ili pre\u0161utna, te se ovime odri\u010de i negira sva druga jamstva, uklju\u010duju\u0107i, bez ograni\u010denja, pre\u0161utna jamstva ili uvjete utr\u017eivosti, prikladnosti za odre\u0111enu svrhu ili nekr\u0161enja intelektualnog vlasni\u0161tva ili drugog kr\u0161enja prava.<\/li>\n<li>Nadalje, <a href=\"https:\/\/artigosdodia.com\/hr\/\">\u010clanci dana<\/a> ne jam\u010di niti daje bilo kakve izjave o to\u010dnosti, vjerojatnim rezultatima ili pouzdanosti upotrebe materijala na svojoj web stranici ili na drugi na\u010din koji se odnosi na takve materijale ili na bilo koje stranice povezane s ovom stranicom.<\/li>\n<\/ol>\n<h3 id=\"4-limitacoes\">4. Ograni\u010denja<\/h3>\n<p>Ni u kojem slu\u010daju ne\u0107e <a href=\"https:\/\/artigosdodia.com\/hr\/\">\u010clanci dana<\/a> ili njegovi dobavlja\u010di odgovorni su za bilo kakvu \u0161tetu (uklju\u010duju\u0107i, bez ograni\u010denja, \u0161tetu zbog gubitka podataka ili dobiti, ili zbog prekida poslovanja) koja proizlazi iz uporabe ili nemogu\u0107nosti kori\u0161tenja materijala u <a href=\"https:\/\/artigosdodia.com\/hr\/\">\u010clanci dana<\/a>, \u010dak iako <a href=\"https:\/\/artigosdodia.com\/hr\/\">\u010clanci dana<\/a>ili ovla\u0161teni predstavnik <a href=\"https:\/\/artigosdodia.com\/hr\/\">\u010clanci dana<\/a> je usmeno ili pismeno obavije\u0161ten o mogu\u0107nosti takve \u0161tete. Budu\u0107i da neke jurisdikcije ne dopu\u0161taju ograni\u010denja implicitnih jamstava ili ograni\u010denja odgovornosti za posljedi\u010dne ili slu\u010dajne \u0161tete, ta se ograni\u010denja mo\u017eda ne odnose na vas.<\/p>\n<h3 id=\"5-precisao-dos-materiais\">5. Preciznost materijala<\/h3>\n<p>Materijali prikazani na <a href=\"https:\/\/artigosdodia.com\/hr\/\">\u010clanci dana<\/a> mo\u017ee uklju\u010divati tehni\u010dke, tiskarske ili fotografske pogre\u0161ke. <a href=\"https:\/\/artigosdodia.com\/hr\/\">\u010clanci dana<\/a> ne jam\u010di da su materijali na njegovoj web stranici to\u010dni, potpuni ili aktualni. <a href=\"https:\/\/artigosdodia.com\/hr\/\">\u010clanci dana<\/a> mo\u017ee mijenjati materijale sadr\u017eane na svojoj web stranici u bilo koje vrijeme bez prethodne najave. Me\u0111utim, <a href=\"https:\/\/artigosdodia.com\/hr\/\">\u010clanci dana<\/a> ne preuzima nikakvu obvezu a\u017euriranja materijala.<\/p>\n<h3 id=\"6-links\">6. Poveznice<\/h3>\n<p>O <a href=\"https:\/\/artigosdodia.com\/hr\/\">\u010clanci dana<\/a> nije pregledao sve stranice povezane s njegovom web stranicom i nije odgovoran za sadr\u017eaj bilo koje povezane stranice. Uklju\u010divanje bilo koje veze ne podrazumijeva potporu od strane <a href=\"https:\/\/artigosdodia.com\/hr\/\">\u010clanci dana<\/a> s web stranice. Kori\u0161tenje bilo koje povezane stranice je na vlastitu odgovornost korisnika.<\/p>\n<h3 id=\"modificacoes\">Izmjene<\/h3>\n<p>O <a href=\"https:\/\/artigosdodia.com\/hr\/\">\u010clanci dana<\/a> mo\u017ee revidirati ove uvjete pru\u017eanja usluge web stranice u bilo kojem trenutku bez prethodne najave. Kori\u0161tenjem ove web stranice suglasni ste s trenutnom verzijom ovih uvjeta pru\u017eanja usluge.<\/p>\n<h3 id=\"lei-aplicavel\">Mjerodavno pravo<\/h3>\n<p>Ovi uvjeti i odredbe ure\u0111eni su i tuma\u010de se u skladu sa zakonima <a href=\"https:\/\/artigosdodia.com\/hr\/\">\u010clanci dana<\/a> i neopozivo se podvrgavate isklju\u010divoj nadle\u017enosti sudova u toj dr\u017eavi ili mjestu.<\/p>","protected":false},"excerpt":{"rendered":"<p>1. Termos Ao acessar ao site\u00a0Artigos do Dia, concorda em cumprir estes termos de servi\u00e7o, todas as leis e regulamentos aplic\u00e1veis \u200b\u200be concorda que \u00e9 respons\u00e1vel pelo cumprimento de todas as leis locais aplic\u00e1veis. Se voc\u00ea n\u00e3o concordar com algum desses termos, est\u00e1 proibido de usar ou acessar este site. Os materiais contidos neste site [&hellip;]<\/p>\n","protected":false},"author":4,"featured_media":0,"parent":0,"menu_order":0,"comment_status":"closed","ping_status":"closed","template":"","meta":{"footnotes":""},"class_list":["post-64","page","type-page","status-publish"],"_links":{"self":[{"href":"https:\/\/artigosdodia.com\/hr\/wp-json\/wp\/v2\/pages\/64","targetHints":{"allow":["GET"]}}],"collection":[{"href":"https:\/\/artigosdodia.com\/hr\/wp-json\/wp\/v2\/pages"}],"about":[{"href":"https:\/\/artigosdodia.com\/hr\/wp-json\/wp\/v2\/types\/page"}],"author":[{"embeddable":true,"href":"https:\/\/artigosdodia.com\/hr\/wp-json\/wp\/v2\/users\/4"}],"replies":[{"embeddable":true,"href":"https:\/\/artigosdodia.com\/hr\/wp-json\/wp\/v2\/comments?post=64"}],"version-history":[{"count":1,"href":"https:\/\/artigosdodia.com\/hr\/wp-json\/wp\/v2\/pages\/64\/revisions"}],"predecessor-version":[{"id":65,"href":"https:\/\/artigosdodia.com\/hr\/wp-json\/wp\/v2\/pages\/64\/revisions\/65"}],"wp:attachment":[{"href":"https:\/\/artigosdodia.com\/hr\/wp-json\/wp\/v2\/media?parent=64"}],"curies":[{"name":"wp","href":"https:\/\/api.w.org\/{rel}","templated":true}]}}