{"id":3,"date":"2022-04-08T04:19:39","date_gmt":"2022-04-08T04:19:39","guid":{"rendered":"http:\/\/artigosdodia.com\/?page_id=3"},"modified":"2022-07-21T04:29:02","modified_gmt":"2022-07-21T04:29:02","slug":"politica-sulla-riservatezza-2","status":"publish","type":"page","link":"https:\/\/artigosdodia.com\/it\/privacy-policy\/","title":{"rendered":"politica sulla riservatezza"},"content":{"rendered":"<article class=\"content\">La tua privacy \u00e8 importante per noi. \u00c8 politica di Ler Artigos rispettare la tua privacy per quanto riguarda qualsiasi informazione che possiamo raccogliere da te sul sito web. <a href=\"https:\/\/artigosdodia.com\/it\/\">Articoli del giorno<\/a>e altri siti che possediamo e gestiamo. Richiediamo informazioni personali solo quando ne abbiamo veramente bisogno per fornirti un servizio. Lo facciamo con mezzi equi e legali, con la tua conoscenza e il tuo consenso. Ti diciamo anche perch\u00e9 lo stiamo raccogliendo e come verr\u00e0 utilizzato. Conserviamo le informazioni raccolte solo per il tempo necessario a fornire il servizio richiesto. Quando archiviamo i dati, li proteggiamo con mezzi commercialmente accettabili per prevenire perdite e furti, nonch\u00e9 accesso, divulgazione, copia, utilizzo o modifica non autorizzati. Non condividiamo informazioni di identificazione personale pubblicamente o con terze parti tranne quando richiesto dalla legge. Il nostro sito Web potrebbe contenere collegamenti a siti Web esterni che non sono gestiti da noi. Tieni presente che non abbiamo alcun controllo sul contenuto e sulle pratiche di questi siti e non possiamo accettare la responsabilit\u00e0 per le rispettive politiche sulla privacy. Sei libero di rifiutare la nostra richiesta di informazioni personali, con la consapevolezza che potremmo non essere in grado di fornirti alcuni dei servizi desiderati. L&#039;uso continuato del nostro sito Web sar\u00e0 considerato accettazione delle nostre pratiche in materia di privacy e informazioni personali. Se hai domande su come gestiamo i dati degli utenti e le informazioni personali, ti preghiamo di contattarci.\r\n<h3 class=\"wp-block-heading\">Politica sui cookie Articoli del giorno<\/h3>\r\n<h3>Cosa sono i cookie?<\/h3>\r\nCome \u00e8 prassi comune con quasi tutti i siti Web professionali, questo sito utilizza i cookie, ovvero piccoli file che vengono scaricati sul tuo computer per migliorare la tua esperienza. Questa pagina descrive quali informazioni raccolgono, come le utilizziamo e perch\u00e9 a volte abbiamo bisogno di memorizzare questi cookie. Condivideremo anche come impedire la memorizzazione di questi cookie, tuttavia ci\u00f2 potrebbe ridurre o &quot;interrompere&quot; alcuni elementi della funzionalit\u00e0 del sito.\r\n<h3>Come utilizziamo i cookie?<\/h3>\r\nUtilizziamo i cookie per una serie di motivi, descritti di seguito. Sfortunatamente, nella maggior parte dei casi non esistono opzioni standard del settore per disabilitare i cookie senza disabilitare completamente le funzionalit\u00e0 e le caratteristiche che aggiungono a questo sito. Ti consigliamo di lasciare tutti i cookie se non sei sicuro se ne hai bisogno o meno nel caso in cui vengano utilizzati per fornire un servizio che utilizzi.\r\n<h3>Disabilita i cookie<\/h3>\r\nPuoi impedire l&#039;impostazione dei cookie modificando le impostazioni del tuo browser (consulta la Guida del tuo browser per sapere come farlo). Tieni presente che la disattivazione dei cookie influir\u00e0 sulla funzionalit\u00e0 di questo e di molti altri siti Web visitati. La disabilitazione dei cookie generalmente comporter\u00e0 la disabilitazione di alcune funzionalit\u00e0 e caratteristiche di questo sito web. Pertanto si consiglia di non disabilitare i cookie.\r\n<h3>Cookie che impostiamo<\/h3>\r\n<ul>\r\n<li>Cookie relativi all&#039;account Se crei un account con noi, utilizzeremo i cookie per gestire il processo di registrazione e l&#039;amministrazione generale. Questi cookie verranno solitamente eliminati quando ti disconnetti, tuttavia in alcuni casi potrebbero rimanere successivamente per ricordare le tue preferenze del sito quando ti disconnetti.<\/li>\r\n<li>Cookie relativi all&#039;accesso. Utilizziamo i cookie quando hai effettuato l&#039;accesso in modo da poter ricordare questa azione. Ci\u00f2 ti evita di dover effettuare il login ogni volta che visiti una nuova pagina. Questi cookie vengono normalmente rimossi o cancellati quando ti disconnetti per garantire che tu possa accedere a funzionalit\u00e0 e aree riservate solo dopo aver effettuato l&#039;accesso.<\/li>\r\n<li>Cookie relativi alle newsletter via email. Questo sito offre servizi di newsletter o iscrizione via email e i cookie potrebbero essere utilizzati per ricordare se sei gi\u00e0 registrato e se mostrare determinate notifiche valide solo per gli utenti iscritti\/non iscritti.<\/li>\r\n<li>Cookie relativi all&#039;elaborazione degli ordini. Questo sito offre servizi di e-commerce o di pagamento e alcuni cookie sono essenziali per garantire che il tuo ordine venga ricordato tra le pagine in modo che possiamo elaborarlo correttamente.<\/li>\r\n<li>Cookie relativi alla ricerca. Periodicamente offriamo sondaggi e questionari per fornire informazioni interessanti, strumenti utili o per comprendere la nostra base utenti in modo pi\u00f9 accurato. Questi sondaggi potrebbero utilizzare i cookie per ricordare chi ha gi\u00e0 partecipato a un sondaggio o per fornire risultati accurati dopo aver cambiato pagina.<\/li>\r\n<li>Cookie relativi ai moduli. Quando invii dati tramite un modulo come quelli che si trovano nelle pagine di contatto o nei moduli di commento, i cookie potrebbero essere impostati per ricordare i tuoi dettagli utente per la corrispondenza futura.<\/li>\r\n<li>Cookie di preferenza del sito. Per offrirti un&#039;ottima esperienza su questo sito, forniamo la funzionalit\u00e0 per impostare le tue preferenze su come funziona questo sito quando lo utilizzi. Per ricordare le tue preferenze, dobbiamo impostare i cookie in modo che queste informazioni possano essere richiamate ogni volta che interagisci con una pagina che \u00e8 influenzata dalle tue preferenze.<\/li>\r\n<\/ul>\r\n<h3>Cookie di terze parti<\/h3>\r\nIn alcuni casi particolari utilizziamo anche cookie forniti da terze parti fidate. La sezione seguente descrive in dettaglio quali cookie di terze parti potresti incontrare attraverso questo sito web.\r\n<ul>\r\n<li>Questo sito utilizza Google Analytics, una delle soluzioni di analisi pi\u00f9 diffuse e affidabili sul Web per aiutarci a capire come utilizzi il sito e i modi in cui possiamo migliorare la tua esperienza. Questi cookie possono tenere traccia di cose come il tempo che trascorri sul sito e le pagine che visiti in modo da poter continuare a produrre contenuti accattivanti.<\/li>\r\n<\/ul>\r\nPer ulteriori informazioni sui cookie di Google Analytics consultare la pagina ufficiale di Google Analytics.\r\n<ul>\r\n<li>Le analisi di terze parti vengono utilizzate per tracciare e misurare l&#039;utilizzo di questo sito in modo da poter continuare a produrre contenuti accattivanti. Questi cookie possono tenere traccia di cose come il tempo che trascorri sul sito o le pagine che visiti, il che ci aiuta a capire come possiamo migliorare il sito per te.<\/li>\r\n<li>Periodicamente testiamo nuove funzionalit\u00e0 e apportiamo sottili modifiche al modo in cui appare il sito. Quando stiamo ancora testando nuove funzionalit\u00e0, questi cookie possono essere utilizzati per garantire che tu riceva un&#039;esperienza coerente mentre sei sul sito mentre comprendiamo quali ottimizzazioni i nostri utenti apprezzano di pi\u00f9.<\/li>\r\n<li>Poich\u00e9 vendiamo prodotti, \u00e8 importante comprendere le statistiche su quanti visitatori del nostro sito Web effettivamente acquistano, e quindi questo \u00e8 il tipo di dati che questi cookie tracceranno. Questo \u00e8 importante per te in quanto significa che possiamo fare previsioni aziendali accurate che ci consentono di analizzare i nostri costi pubblicitari e di prodotto per garantire il miglior prezzo possibile.<\/li>\r\n<li>Il servizio Google AdSense che utilizziamo per pubblicare pubblicit\u00e0 utilizza un cookie DoubleClick per pubblicare annunci pi\u00f9 pertinenti sul Web e limitare il numero di volte in cui ti viene mostrato un particolare annuncio. Per ulteriori informazioni su Google AdSense, consulta le domande frequenti sulla privacy ufficiali di Google AdSense.<\/li>\r\n<li>Utilizziamo la pubblicit\u00e0 per compensare i costi di gestione di questo sito e fornire finanziamenti per lo sviluppo futuro. I cookie di pubblicit\u00e0 comportamentale utilizzati da questo sito sono progettati per garantire che ti forniamo gli annunci pubblicitari pi\u00f9 pertinenti, ove possibile, tracciando in modo anonimo i tuoi interessi e presentando cose simili che potrebbero interessarti.<\/li>\r\n<li>Diversi partner fanno pubblicit\u00e0 per nostro conto e i cookie di tracciamento degli affiliati ci consentono semplicemente di vedere se i nostri clienti hanno avuto accesso al sito attraverso uno dei siti dei nostri partner in modo da poterli accreditare in modo appropriato e, ove applicabile, consentire ai nostri partner affiliati di offrire qualsiasi promozione che pu\u00f2 fornirti l&#039;acquisto.<\/li>\r\n<\/ul>\r\n<h3>Impegno dell&#039;utente<\/h3>\r\nL&#039;utente si impegna a fare un uso appropriato dei contenuti e delle informazioni che Ler Artigos offre sul sito web e con carattere enunciativo, ma non limitativo:\r\n<ul>\r\n<li>A) Non svolgere attivit\u00e0 illegali o contrarie alla buona fede e all&#039;ordine pubblico;<\/li>\r\n<li>B) Non diffondere propaganda o contenuti di natura razzista, xenofoba o cattiva, qualsiasi tipo di pornografia illegale, a sostegno del terrorismo o contro i diritti umani;<\/li>\r\n<li>C) Non causare danni ai sistemi fisici (hardware) e logici (software) di Ler Artigos, dei suoi fornitori o di terzi, per introdurre o diffondere virus informatici o qualsiasi altro sistema hardware o software in grado di causare i suddetti danni.<\/li>\r\n<\/ul>\r\n<h3>Maggiori informazioni<\/h3>\r\nSperiamo che sia chiaro e, come accennato in precedenza, se c&#039;\u00e8 qualcosa di cui non sei sicuro che ti serva o meno, di solito \u00e8 pi\u00f9 sicuro lasciare i cookie abilitati nel caso in cui interagisca con una delle funzionalit\u00e0 che utilizzi sul nostro sito. Questa politica \u00e8 efficace da\u00a0<strong>Gennaio<\/strong>\/<strong>2022<\/strong>.<\/article>","protected":false},"excerpt":{"rendered":"<p>A sua privacidade \u00e9 importante para n\u00f3s. \u00c9 pol\u00edtica do Ler Artigos respeitar a sua privacidade em rela\u00e7\u00e3o a qualquer informa\u00e7\u00e3o sua que possamos coletar no site Artigos do Dia, e outros sites que possu\u00edmos e operamos. Solicitamos informa\u00e7\u00f5es pessoais apenas quando realmente precisamos delas para lhe fornecer um servi\u00e7o. Fazemo-lo por meios justos e [&hellip;]<\/p>\n","protected":false},"author":4,"featured_media":0,"parent":0,"menu_order":0,"comment_status":"closed","ping_status":"open","template":"","meta":{"footnotes":""},"class_list":["post-3","page","type-page","status-publish"],"_links":{"self":[{"href":"https:\/\/artigosdodia.com\/it\/wp-json\/wp\/v2\/pages\/3","targetHints":{"allow":["GET"]}}],"collection":[{"href":"https:\/\/artigosdodia.com\/it\/wp-json\/wp\/v2\/pages"}],"about":[{"href":"https:\/\/artigosdodia.com\/it\/wp-json\/wp\/v2\/types\/page"}],"author":[{"embeddable":true,"href":"https:\/\/artigosdodia.com\/it\/wp-json\/wp\/v2\/users\/4"}],"replies":[{"embeddable":true,"href":"https:\/\/artigosdodia.com\/it\/wp-json\/wp\/v2\/comments?post=3"}],"version-history":[{"count":3,"href":"https:\/\/artigosdodia.com\/it\/wp-json\/wp\/v2\/pages\/3\/revisions"}],"predecessor-version":[{"id":441,"href":"https:\/\/artigosdodia.com\/it\/wp-json\/wp\/v2\/pages\/3\/revisions\/441"}],"wp:attachment":[{"href":"https:\/\/artigosdodia.com\/it\/wp-json\/wp\/v2\/media?parent=3"}],"curies":[{"name":"wp","href":"https:\/\/api.w.org\/{rel}","templated":true}]}}