{"id":64,"date":"2022-04-09T00:28:28","date_gmt":"2022-04-09T00:28:28","guid":{"rendered":"https:\/\/artigosdodia.com\/?page_id=64"},"modified":"2022-04-09T00:28:28","modified_gmt":"2022-04-09T00:28:28","slug":"termini-di-utilizzo","status":"publish","type":"page","link":"https:\/\/artigosdodia.com\/it\/termos-de-uso\/","title":{"rendered":"Termini di utilizzo"},"content":{"rendered":"<h3 id=\"1-termos\">1. Termini<\/h3>\n<p>Quando si accede al sito web\u00a0<a href=\"https:\/\/artigosdodia.com\/it\/\">Articoli del giorno<\/a>, accetti di rispettare i presenti termini di servizio, tutte le leggi e i regolamenti applicabili e accetti di essere responsabile del rispetto di tutte le leggi locali applicabili. Se non sei d&#039;accordo con uno qualsiasi di questi termini, ti \u00e8 vietato utilizzare o accedere a questo sito. I materiali contenuti in questo sito sono protetti dalle leggi applicabili sul copyright e sui marchi.<\/p>\n<h3 id=\"2-uso-de-licenca\">2. Utilizzo della licenza<\/h3>\n<p>\u00c8 concesso il permesso di scaricare temporaneamente una copia dei materiali (informazioni o software) sul sito web <a href=\"https:\/\/artigosdodia.com\/it\/\">Articoli del giorno<\/a>, solo per visione temporanea personale e non commerciale. Questa \u00e8 la concessione di una licenza, non un trasferimento di titolo, e con questa licenza non puoi:<\/p>\n<ol>\n<li>modificare o copiare i materiali;<\/li>\n<li>utilizzare i materiali per qualsiasi scopo commerciale o per esposizione pubblica (commerciale o non commerciale);<\/li>\n<li>tentare di decompilare o decodificare qualsiasi software contenuto nel sito <a href=\"https:\/\/artigosdodia.com\/it\/\">Articoli del giorno<\/a>;<\/li>\n<li>rimuovere qualsiasi copyright o altra notazione proprietaria dai materiali; O<\/li>\n<li>trasferire i materiali a un&#039;altra persona o eseguire il &quot;mirroring&quot; dei materiali su qualsiasi altro server.<\/li>\n<\/ol>\n<p>Questa licenza terminer\u00e0 automaticamente in caso di violazione di una qualsiasi di queste restrizioni e potrebbe essere terminata da <a href=\"https:\/\/artigosdodia.com\/it\/\">Articoli del giorno<\/a> in qualsiasi momento. Al termine della visualizzazione di questi materiali o al termine della presente licenza, \u00e8 necessario eliminare qualsiasi materiale scaricato in proprio possesso sia in formato elettronico che stampato.<\/p>\n<h3 id=\"3-isencao-de-responsabilidade\">3. Dichiarazione di non responsabilit\u00e0<\/h3>\n<ol>\n<li>I materiali presenti sul sito <a href=\"https:\/\/artigosdodia.com\/it\/\">Articoli del giorno<\/a> vengono forniti &quot;cos\u00ec come sono&quot;. <a href=\"https:\/\/artigosdodia.com\/it\/\">Articoli del giorno<\/a> non fornisce alcuna garanzia, espressa o implicita, e con la presente esclude e nega tutte le altre garanzie, incluse, senza limitazioni, garanzie implicite o condizioni di commerciabilit\u00e0, idoneit\u00e0 per uno scopo particolare o non violazione della propriet\u00e0 intellettuale o altra violazione dei diritti.<\/li>\n<li>Inoltre, il <a href=\"https:\/\/artigosdodia.com\/it\/\">Articoli del giorno<\/a> non garantisce n\u00e9 rilascia alcuna dichiarazione riguardante l&#039;accuratezza, i probabili risultati o l&#039;affidabilit\u00e0 dell&#039;uso dei materiali sul proprio sito Web o altrimenti relativi a tali materiali o su qualsiasi sito collegato a questo sito.<\/li>\n<\/ol>\n<h3 id=\"4-limitacoes\">4. Limitazioni<\/h3>\n<p>In nessun caso il <a href=\"https:\/\/artigosdodia.com\/it\/\">Articoli del giorno<\/a> o i suoi fornitori saranno responsabili per eventuali danni (inclusi, senza limitazione, danni per perdita di dati o profitti o dovuti a interruzione dell&#039;attivit\u00e0) derivanti dall&#039;uso o dall&#039;impossibilit\u00e0 di utilizzare i materiali in <a href=\"https:\/\/artigosdodia.com\/it\/\">Articoli del giorno<\/a>, nonostante <a href=\"https:\/\/artigosdodia.com\/it\/\">Articoli del giorno<\/a>o un rappresentante autorizzato di <a href=\"https:\/\/artigosdodia.com\/it\/\">Articoli del giorno<\/a> \u00e8 stato informato oralmente o per iscritto della possibilit\u00e0 di tali danni. Poich\u00e9 alcune giurisdizioni non consentono limitazioni sulle garanzie implicite o limitazioni di responsabilit\u00e0 per danni consequenziali o incidentali, tali limitazioni potrebbero non applicarsi all&#039;utente.<\/p>\n<h3 id=\"5-precisao-dos-materiais\">5. Precisione dei materiali<\/h3>\n<p>I materiali visualizzati su <a href=\"https:\/\/artigosdodia.com\/it\/\">Articoli del giorno<\/a> possono includere errori tecnici, tipografici o fotografici. <a href=\"https:\/\/artigosdodia.com\/it\/\">Articoli del giorno<\/a> non garantisce che i materiali presenti sul proprio sito web siano accurati, completi o aggiornati. <a href=\"https:\/\/artigosdodia.com\/it\/\">Articoli del giorno<\/a> pu\u00f2 apportare modifiche ai materiali contenuti nel proprio sito web in qualsiasi momento e senza preavviso. Tuttavia, <a href=\"https:\/\/artigosdodia.com\/it\/\">Articoli del giorno<\/a> non si assume alcun impegno ad aggiornare i materiali.<\/p>\n<h3 id=\"6-links\">6. Collegamenti<\/h3>\n<p>O <a href=\"https:\/\/artigosdodia.com\/it\/\">Articoli del giorno<\/a> non ha esaminato tutti i siti collegati al proprio sito Web e non \u00e8 responsabile del contenuto di alcun sito collegato. L&#039;inclusione di qualsiasi collegamento non implica l&#039;approvazione da parte di <a href=\"https:\/\/artigosdodia.com\/it\/\">Articoli del giorno<\/a> dal sito web. L&#039;utilizzo di qualsiasi sito collegato \u00e8 a rischio e pericolo dell&#039;utente.<\/p>\n<h3 id=\"modificacoes\">Modifiche<\/h3>\n<p>O <a href=\"https:\/\/artigosdodia.com\/it\/\">Articoli del giorno<\/a> pu\u00f2 modificare i termini di servizio del sito Web in qualsiasi momento senza preavviso. Utilizzando questo sito Web, accetti di essere vincolato dalla versione corrente di questi termini di servizio.<\/p>\n<h3 id=\"lei-aplicavel\">Legge applicabile<\/h3>\n<p>I presenti termini e condizioni sono regolati e interpretati in conformit\u00e0 con le leggi del <a href=\"https:\/\/artigosdodia.com\/it\/\">Articoli del giorno<\/a> e ti sottoponi irrevocabilmente alla giurisdizione esclusiva dei tribunali di quello Stato o luogo.<\/p>","protected":false},"excerpt":{"rendered":"<p>1. Termos Ao acessar ao site\u00a0Artigos do Dia, concorda em cumprir estes termos de servi\u00e7o, todas as leis e regulamentos aplic\u00e1veis \u200b\u200be concorda que \u00e9 respons\u00e1vel pelo cumprimento de todas as leis locais aplic\u00e1veis. Se voc\u00ea n\u00e3o concordar com algum desses termos, est\u00e1 proibido de usar ou acessar este site. Os materiais contidos neste site [&hellip;]<\/p>\n","protected":false},"author":4,"featured_media":0,"parent":0,"menu_order":0,"comment_status":"closed","ping_status":"closed","template":"","meta":{"footnotes":""},"class_list":["post-64","page","type-page","status-publish"],"_links":{"self":[{"href":"https:\/\/artigosdodia.com\/it\/wp-json\/wp\/v2\/pages\/64","targetHints":{"allow":["GET"]}}],"collection":[{"href":"https:\/\/artigosdodia.com\/it\/wp-json\/wp\/v2\/pages"}],"about":[{"href":"https:\/\/artigosdodia.com\/it\/wp-json\/wp\/v2\/types\/page"}],"author":[{"embeddable":true,"href":"https:\/\/artigosdodia.com\/it\/wp-json\/wp\/v2\/users\/4"}],"replies":[{"embeddable":true,"href":"https:\/\/artigosdodia.com\/it\/wp-json\/wp\/v2\/comments?post=64"}],"version-history":[{"count":1,"href":"https:\/\/artigosdodia.com\/it\/wp-json\/wp\/v2\/pages\/64\/revisions"}],"predecessor-version":[{"id":65,"href":"https:\/\/artigosdodia.com\/it\/wp-json\/wp\/v2\/pages\/64\/revisions\/65"}],"wp:attachment":[{"href":"https:\/\/artigosdodia.com\/it\/wp-json\/wp\/v2\/media?parent=64"}],"curies":[{"name":"wp","href":"https:\/\/api.w.org\/{rel}","templated":true}]}}