{"id":179,"date":"2022-04-13T00:07:51","date_gmt":"2022-04-13T00:07:51","guid":{"rendered":"https:\/\/artigosdodia.com\/?page_id=179"},"modified":"2022-04-13T03:08:18","modified_gmt":"2022-04-13T03:08:18","slug":"%ea%b0%9c%ec%9d%b8-%ec%a0%95%eb%b3%b4-%ec%a0%95%ec%b1%85","status":"publish","type":"page","link":"https:\/\/artigosdodia.com\/ko\/politica-de-privacidade\/","title":{"rendered":"\uac1c\uc778 \uc815\ubcf4 \uc815\ucc45"},"content":{"rendered":"<header>\n<p class=\"entry-meta\">\uadc0\ud558\uc758 \uac1c\uc778\uc815\ubcf4\ub294 \uc6b0\ub9ac\uc5d0\uac8c \uc911\uc694\ud569\ub2c8\ub2e4. \uc6f9\uc0ac\uc774\ud2b8\uc5d0\uc11c \uc218\uc9d1\ud560 \uc218 \uc788\ub294 \ubaa8\ub4e0 \uc815\ubcf4\uc640 \uad00\ub828\ud558\uc5ec \uadc0\ud558\uc758 \uac1c\uc778\uc815\ubcf4\ub97c \uc874\uc911\ud558\ub294 \uac83\uc774 Artigos do Dia\uc758 \uc815\ucc45\uc785\ub2c8\ub2e4. <a href=\"http:\/\/artigosdodia.com\/ko\/\">\uc624\ub298\uc758 \uae30\uc0ac<\/a>, \ub2f9\uc0ac\uac00 \uc18c\uc720\ud558\uace0 \uc6b4\uc601\ud558\ub294 \uae30\ud0c0 \uc0ac\uc774\ud2b8.<\/p>\n<\/header>\n<div class=\"entry-content\">\n<div class=\"entry-content\">\n<p>\ub2f9\uc0ac\ub294 \uadc0\ud558\uc5d0\uac8c \uc11c\ube44\uc2a4\ub97c \uc81c\uacf5\ud558\uae30 \uc704\ud574 \uaf2d \ud544\uc694\ud55c \uacbd\uc6b0\uc5d0\ub9cc \uac1c\uc778\uc815\ubcf4\ub97c \uc694\uccad\ud569\ub2c8\ub2e4. \uc6b0\ub9ac\ub294 \uadc0\ud558\uc758 \uc9c0\uc2dd\uacfc \ub3d9\uc758\ub97c \ubc14\ud0d5\uc73c\ub85c \uacf5\uc815\ud558\uace0 \ud569\ubc95\uc801\uc778 \uc218\ub2e8\uc73c\ub85c \uc774\ub97c \uc218\ud589\ud569\ub2c8\ub2e4. \ub610\ud55c, \uc815\ubcf4\ub97c \uc218\uc9d1\ud558\ub294 \uc774\uc720\uc640 \uc0ac\uc6a9 \ubc29\ubc95\uc5d0 \ub300\ud574\uc11c\ub3c4 \uc54c\ub824\ub4dc\ub9bd\ub2c8\ub2e4.<\/p>\n<p>\ub2f9\uc0ac\ub294 \uc694\uccad\ub41c \uc11c\ube44\uc2a4\ub97c \uc81c\uacf5\ud558\ub294 \ub370 \ud544\uc694\ud55c \uae30\uac04 \ub3d9\uc548\ub9cc \uc218\uc9d1\ub41c \uc815\ubcf4\ub97c \ubcf4\uad00\ud569\ub2c8\ub2e4. \ub2f9\uc0ac\ub294 \ub370\uc774\ud130\ub97c \uc800\uc7a5\ud560 \ub54c \uc190\uc2e4\uacfc \ub3c4\ub09c\uc740 \ubb3c\ub860 \ubb34\ub2e8 \uc561\uc138\uc2a4, \uacf5\uac1c, \ubcf5\uc0ac, \uc0ac\uc6a9 \ub610\ub294 \uc218\uc815\uc744 \ubc29\uc9c0\ud558\uae30 \uc704\ud574 \uc0c1\uc5c5\uc801\uc73c\ub85c \ud5c8\uc6a9\ub418\ub294 \uc218\ub2e8\uc73c\ub85c \ub370\uc774\ud130\ub97c \ubcf4\ud638\ud569\ub2c8\ub2e4.<\/p>\n<p>\ub2f9\uc0ac\ub294 \ubc95\ub960\uc5d0\uc11c \uc694\uad6c\ud558\ub294 \uacbd\uc6b0\ub97c \uc81c\uc678\ud558\uace0 \uac1c\uc778 \uc2dd\ubcc4 \uc815\ubcf4\ub97c \uacf5\uac1c\uc801\uc73c\ub85c \ub610\ub294 \uc81c3\uc790\uc640 \uacf5\uc720\ud558\uc9c0 \uc54a\uc2b5\ub2c8\ub2e4.<\/p>\n<p>\ub2f9\uc0ac \uc6f9\uc0ac\uc774\ud2b8\uc5d0\ub294 \ub2f9\uc0ac\uac00 \uc6b4\uc601\ud558\uc9c0 \uc54a\ub294 \uc678\ubd80 \uc6f9\uc0ac\uc774\ud2b8\uc5d0 \ub300\ud55c \ub9c1\ud06c\uac00 \uc788\uc744 \uc218 \uc788\uc2b5\ub2c8\ub2e4. \ub2f9\uc0ac\ub294 \uc774\ub7ec\ud55c \uc0ac\uc774\ud2b8\uc758 \ucf58\ud150\uce20\uc640 \uad00\ud589\uc744 \ud1b5\uc81c\ud560 \uc218 \uc5c6\uc73c\uba70 \uac01 \uac1c\uc778\uc815\ubcf4 \ubcf4\ud638\uc815\ucc45\uc5d0 \ub300\ud574 \ucc45\uc784\uc744 \uc9c8 \uc218 \uc5c6\ub2e4\ub294 \uc810\uc744 \uc720\uc758\ud558\uc2dc\uae30 \ubc14\ub78d\ub2c8\ub2e4.<\/p>\n<p>\uadc0\ud558\ub294 \uadc0\ud558\uac00 \uc6d0\ud558\ub294 \uc11c\ube44\uc2a4 \uc911 \uc77c\ubd80\ub97c \ub2f9\uc0ac\uac00 \uc81c\uacf5\ud558\uc9c0 \ubabb\ud560 \uc218\ub3c4 \uc788\ub2e4\ub294 \uc810\uc744 \uc774\ud574\ud558\uace0 \uadc0\ud558\uc758 \uac1c\uc778 \uc815\ubcf4\uc5d0 \ub300\ud55c \ub2f9\uc0ac\uc758 \uc694\uccad\uc744 \uc790\uc720\ub86d\uac8c \uac70\ubd80\ud560 \uc218 \uc788\uc2b5\ub2c8\ub2e4.<\/p>\n<div class=\"google-auto-placed ap_container\"><\/div>\n<p>\uadc0\ud558\uac00 \ub2f9\uc0ac \uc6f9\uc0ac\uc774\ud2b8\ub97c \uacc4\uc18d \uc0ac\uc6a9\ud558\ub294 \uac83\uc740 \uac1c\uc778 \uc815\ubcf4 \ubcf4\ud638 \ubc0f \uac1c\uc778 \uc815\ubcf4\uc5d0 \uad00\ud55c \ub2f9\uc0ac\uc758 \uad00\ud589\uc744 \uc218\ub77d\ud558\ub294 \uac83\uc73c\ub85c \uac04\uc8fc\ub429\ub2c8\ub2e4. \ub2f9\uc0ac\uac00 \uc0ac\uc6a9\uc790 \ub370\uc774\ud130 \ubc0f \uac1c\uc778\uc815\ubcf4\ub97c \ucc98\ub9ac\ud558\ub294 \ubc29\ubc95\uc5d0 \ub300\ud574 \uad81\uae08\ud55c \uc810\uc774 \uc788\uc73c\uba74 \ub2f9\uc0ac\uc5d0 \ubb38\uc758\ud558\uc138\uc694.<\/p>\n<h3 id=\"politica-de-cookies-Ler Artigos\">\uc624\ub298\uc758 \ucfe0\ud0a4 \uc815\ucc45 \uae30\uc0ac<\/h3>\n<h3 id=\"o-que-sao-cookies\">\ucfe0\ud0a4\ub780 \ubb34\uc5c7\uc785\ub2c8\uae4c?<\/h3>\n<p>\uac70\uc758 \ubaa8\ub4e0 \uc804\ubb38 \uc6f9\uc0ac\uc774\ud2b8\uc758 \uc77c\ubc18\uc801\uc778 \uad00\ud589\uacfc \ub9c8\ucc2c\uac00\uc9c0\ub85c \uc774 \uc0ac\uc774\ud2b8\ub294 \uadc0\ud558\uc758 \uacbd\ud5d8\uc744 \ud5a5\uc0c1\uc2dc\ud0a4\uae30 \uc704\ud574 \uadc0\ud558\uc758 \ucef4\ud4e8\ud130\uc5d0 \ub2e4\uc6b4\ub85c\ub4dc\ub418\ub294 \uc791\uc740 \ud30c\uc77c\uc778 \ucfe0\ud0a4\ub97c \uc0ac\uc6a9\ud569\ub2c8\ub2e4. \uc774 \ud398\uc774\uc9c0\uc5d0\uc11c\ub294 \uadf8\ub4e4\uc774 \uc218\uc9d1\ud558\ub294 \uc815\ubcf4, \ub2f9\uc0ac\uac00 \uc774\ub97c \uc0ac\uc6a9\ud558\ub294 \ubc29\ubc95, \ub54c\ub54c\ub85c \uc774\ub7ec\ud55c \ucfe0\ud0a4\ub97c \uc800\uc7a5\ud574\uc57c \ud558\ub294 \uc774\uc720\ub97c \uc124\uba85\ud569\ub2c8\ub2e4. \ub610\ud55c \uc774\ub7ec\ud55c \ucfe0\ud0a4\uac00 \uc800\uc7a5\ub418\uc9c0 \uc54a\ub3c4\ub85d \ubc29\uc9c0\ud560 \uc218 \uc788\ub294 \ubc29\ubc95\ub3c4 \uacf5\uc720\ud560 \uac83\uc785\ub2c8\ub2e4. \uadf8\ub7ec\ub098 \uc774\ub85c \uc778\ud574 \uc0ac\uc774\ud2b8 \uae30\ub2a5\uc758 \ud2b9\uc815 \uc694\uc18c\uac00 \ub2e4\uc6b4\uadf8\ub808\uc774\ub4dc\ub418\uac70\ub098 &#039;\uc911\ub2e8&#039;\ub420 \uc218 \uc788\uc2b5\ub2c8\ub2e4.<\/p>\n<h3 id=\"como-usamos-os-cookies\">\uc6b0\ub9ac\ub294 \ucfe0\ud0a4\ub97c \uc5b4\ub5bb\uac8c \uc0ac\uc6a9\ud569\ub2c8\uae4c?<\/h3>\n<p>\ub2f9\uc0ac\ub294 \uc544\ub798\uc5d0 \uc790\uc138\ud788 \uc124\uba85\ub41c \uc5ec\ub7ec \uac00\uc9c0 \uc774\uc720\ub85c \ucfe0\ud0a4\ub97c \uc0ac\uc6a9\ud569\ub2c8\ub2e4. \uc548\ud0c0\uae5d\uac8c\ub3c4 \ub300\ubd80\ubd84\uc758 \uacbd\uc6b0 \ucfe0\ud0a4\uac00 \uc774 \uc0ac\uc774\ud2b8\uc5d0 \ucd94\uac00\ud558\ub294 \uae30\ub2a5\uc744 \uc644\uc804\ud788 \ube44\ud65c\uc131\ud654\ud558\uc9c0 \uc54a\uace0 \ucfe0\ud0a4\ub97c \ube44\ud65c\uc131\ud654\ud560 \uc218 \uc788\ub294 \uc5c5\uacc4 \ud45c\uc900 \uc635\uc158\uc774 \uc5c6\uc2b5\ub2c8\ub2e4. \uadc0\ud558\uac00 \uc774\uc6a9\ud558\ub294 \uc11c\ube44\uc2a4 \uc81c\uacf5\uc744 \uc704\ud574 \ucfe0\ud0a4\uac00 \ud544\uc694\ud55c\uc9c0 \uc5ec\ubd80\uac00 \ud655\uc2e4\ud558\uc9c0 \uc54a\uc740 \uacbd\uc6b0\uc5d0\ub294 \ubaa8\ub4e0 \ucfe0\ud0a4\ub97c \uadf8\ub300\ub85c \ub450\ub294 \uac83\uc774 \uc88b\uc2b5\ub2c8\ub2e4.<\/p>\n<h3 id=\"desativar-cookies\">\ucfe0\ud0a4 \ube44\ud65c\uc131\ud654<\/h3>\n<p>\uadc0\ud558\ub294 \ube0c\ub77c\uc6b0\uc800 \uc124\uc815\uc744 \uc870\uc815\ud558\uc5ec \ucfe0\ud0a4 \uc124\uc815\uc744 \ubc29\uc9c0\ud560 \uc218 \uc788\uc2b5\ub2c8\ub2e4(\uc774\ub97c \uc218\ud589\ud558\ub294 \ubc29\ubc95\uc740 \ube0c\ub77c\uc6b0\uc800 \ub3c4\uc6c0\ub9d0\uc744 \ucc38\uc870\ud558\uc2ed\uc2dc\uc624). \ucfe0\ud0a4\ub97c \ube44\ud65c\uc131\ud654\ud558\uba74 \uc774 \uc6f9\uc0ac\uc774\ud2b8\uc640 \uadc0\ud558\uac00 \ubc29\ubb38\ud558\ub294 \ub2e4\ub978 \ub9ce\uc740 \uc6f9\uc0ac\uc774\ud2b8\uc758 \uae30\ub2a5\uc5d0 \uc601\ud5a5\uc744 \ubbf8\uce60 \uc218 \uc788\ub2e4\ub294 \uc810\uc5d0 \uc720\uc758\ud558\uc2ed\uc2dc\uc624. \ucfe0\ud0a4\ub97c \ube44\ud65c\uc131\ud654\ud558\uba74 \uc77c\ubc18\uc801\uc73c\ub85c \uc774 \uc6f9\uc0ac\uc774\ud2b8\uc758 \ud2b9\uc815 \uae30\ub2a5\uc774 \ube44\ud65c\uc131\ud654\ub429\ub2c8\ub2e4. \ub530\ub77c\uc11c \ucfe0\ud0a4\ub97c \ube44\ud65c\uc131\ud654\ud558\uc9c0 \uc54a\ub294 \uac83\uc774 \uc88b\uc2b5\ub2c8\ub2e4.<\/p>\n<h3 id=\"cookies-que-definimos\">\uc6b0\ub9ac\uac00 \uc124\uc815\ud55c \ucfe0\ud0a4<\/h3>\n<ul>\n<li>\uacc4\uc815 \uad00\ub828 \ucfe0\ud0a4\uadc0\ud558\uac00 \ub2f9\uc0ac\uc5d0 \uacc4\uc815\uc744 \uc0dd\uc131\ud558\ub294 \uacbd\uc6b0 \ub2f9\uc0ac\ub294 \uac00\uc785 \uc808\ucc28 \ubc0f \uc77c\ubc18 \uad00\ub9ac\ub97c \uad00\ub9ac\ud558\uae30 \uc704\ud574 \ucfe0\ud0a4\ub97c \uc0ac\uc6a9\ud569\ub2c8\ub2e4. \uc774\ub7ec\ud55c \ucfe0\ud0a4\ub294 \uc77c\ubc18\uc801\uc73c\ub85c \uadc0\ud558\uac00 \ub85c\uadf8\uc544\uc6c3\ud560 \ub54c \uc0ad\uc81c\ub418\uc9c0\ub9cc, \uc5b4\ub5a4 \uacbd\uc6b0\uc5d0\ub294 \ub85c\uadf8\uc544\uc6c3\ud560 \ub54c \uadc0\ud558\uc758 \uc0ac\uc774\ud2b8 \uae30\ubcf8 \uc124\uc815\uc744 \uae30\uc5b5\ud558\uae30 \uc704\ud574 \ub098\uc911\uc5d0 \ub0a8\uc544 \uc788\uc744 \uc218\ub3c4 \uc788\uc2b5\ub2c8\ub2e4.<\/li>\n<li>\ub85c\uadf8\uc778 \uad00\ub828 \ucfe0\ud0a4 \ub2f9\uc0ac\ub294 \uadc0\ud558\uac00 \ub85c\uadf8\uc778\ud560 \ub54c \uc774 \uc791\uc5c5\uc744 \uae30\uc5b5\ud560 \uc218 \uc788\ub3c4\ub85d \ucfe0\ud0a4\ub97c \uc0ac\uc6a9\ud569\ub2c8\ub2e4. \uc774\ub807\uac8c \ud558\uba74 \uc0c8 \ud398\uc774\uc9c0\ub97c \ubc29\ubb38\ud560 \ub54c\ub9c8\ub2e4 \ub85c\uadf8\uc778\ud560 \ud544\uc694\uac00 \uc5c6\uc2b5\ub2c8\ub2e4. \uc774\ub7ec\ud55c \ucfe0\ud0a4\ub294 \uc77c\ubc18\uc801\uc73c\ub85c \ub85c\uadf8\uc778 \uc2dc \uc81c\ud55c\ub41c \uae30\ub2a5 \ubc0f \uc601\uc5ed\uc5d0\ub9cc \uc561\uc138\uc2a4\ud560 \uc218 \uc788\ub3c4\ub85d \ub85c\uadf8\uc544\uc6c3\ud560 \ub54c \uc81c\uac70\ub418\uac70\ub098 \uc9c0\uc6cc\uc9d1\ub2c8\ub2e4.<\/li>\n<li>\uc774\uba54\uc77c \ub274\uc2a4\ub808\ud130 \uad00\ub828 \ucfe0\ud0a4\uc774 \uc6f9\uc0ac\uc774\ud2b8\ub294 \ub274\uc2a4\ub808\ud130 \ub610\ub294 \uc774\uba54\uc77c \uad6c\ub3c5 \uc11c\ube44\uc2a4\ub97c \uc81c\uacf5\ud558\uba70 \ucfe0\ud0a4\ub294 \uadc0\ud558\uac00 \uc774\ubbf8 \ub4f1\ub85d\ud588\ub294\uc9c0 \uc5ec\ubd80\uc640 \uad6c\ub3c5\/\uad6c\ub3c5 \ucde8\uc18c\ub41c \uc0ac\uc6a9\uc790\uc5d0\uac8c\ub9cc \uc720\ud6a8\ud55c \ud2b9\uc815 \uc54c\ub9bc\uc744 \ud45c\uc2dc\ud560\uc9c0 \uc5ec\ubd80\ub97c \uae30\uc5b5\ud558\ub294 \ub370 \uc0ac\uc6a9\ub420 \uc218 \uc788\uc2b5\ub2c8\ub2e4.<\/li>\n<li>\uc8fc\ubb38 \ucc98\ub9ac \uad00\ub828 \ucfe0\ud0a4 \uc774 \uc0ac\uc774\ud2b8\ub294 \uc804\uc790 \uc0c1\uac70\ub798 \ub610\ub294 \uacb0\uc81c \uae30\ub2a5\uc744 \uc81c\uacf5\ud558\uba70 \uc77c\ubd80 \ucfe0\ud0a4\ub294 \uadc0\ud558\uc758 \uc8fc\ubb38\uc774 \ud398\uc774\uc9c0 \uac04\uc5d0 \uae30\uc5b5\ub418\uc5b4 \uc801\uc808\ud558\uac8c \ucc98\ub9ac\ub420 \uc218 \uc788\ub3c4\ub85d \ud558\ub294 \ub370 \ud544\uc218\uc801\uc785\ub2c8\ub2e4.<\/li>\n<li>\uc124\ubb38\uc870\uc0ac \uad00\ub828 \ucfe0\ud0a4\uc800\ud76c\ub294 \ud765\ubbf8\ub85c\uc6b4 \uc815\ubcf4\uc640 \uc720\uc6a9\ud55c \ub3c4\uad6c\ub97c \uc81c\uacf5\ud558\uac70\ub098 \uc0ac\uc6a9\uc790 \uae30\ubc18\uc744 \ubcf4\ub2e4 \uc815\ud655\ud558\uac8c \uc774\ud574\ud558\uae30 \uc704\ud574 \uc815\uae30\uc801\uc73c\ub85c \uc124\ubb38\uc870\uc0ac\uc640 \uc124\ubb38\uc9c0\ub97c \uc81c\uacf5\ud569\ub2c8\ub2e4. \uc774\ub7ec\ud55c \uc124\ubb38\uc870\uc0ac\uc5d0\uc11c\ub294 \ub204\uac00 \uc774\ubbf8 \uc124\ubb38\uc870\uc0ac\uc5d0 \ucc38\uc5ec\ud588\ub294\uc9c0 \uae30\uc5b5\ud558\uac70\ub098 \uadc0\ud558\uac00 \ud398\uc774\uc9c0\ub97c \ubcc0\uacbd\ud55c \ud6c4 \uc815\ud655\ud55c \uacb0\uacfc\ub97c \uc81c\uacf5\ud558\uae30 \uc704\ud574 \ucfe0\ud0a4\ub97c \uc0ac\uc6a9\ud560 \uc218 \uc788\uc2b5\ub2c8\ub2e4.<\/li>\n<li>\uc591\uc2dd \uad00\ub828 \ucfe0\ud0a4 \uadc0\ud558\uac00 \uc5f0\ub77d\ucc98 \ud398\uc774\uc9c0 \ub610\ub294 \ub313\uae00 \uc591\uc2dd\uc5d0 \uc788\ub294 \uac83\uacfc \uac19\uc740 \uc591\uc2dd\uc744 \ud1b5\ud574 \ub370\uc774\ud130\ub97c \uc81c\ucd9c\ud560 \ub54c \ucfe0\ud0a4\ub294 \ud5a5\ud6c4 \uc11c\uc2e0\uc744 \uc704\ud574 \uadc0\ud558\uc758 \uc0ac\uc6a9\uc790 \uc138\ubd80 \uc815\ubcf4\ub97c \uae30\uc5b5\ud558\ub3c4\ub85d \uc124\uc815\ub420 \uc218 \uc788\uc2b5\ub2c8\ub2e4.<\/li>\n<li>\uc0ac\uc774\ud2b8 \uae30\ubcf8 \uc124\uc815 \ucfe0\ud0a4 \uc774 \uc0ac\uc774\ud2b8\uc5d0\uc11c \uadc0\ud558\uc5d0\uac8c \ud6cc\ub96d\ud55c \uacbd\ud5d8\uc744 \uc81c\uacf5\ud558\uae30 \uc704\ud574 \ub2f9\uc0ac\ub294 \uadc0\ud558\uac00 \uc774 \uc0ac\uc774\ud2b8\ub97c \uc0ac\uc6a9\ud560 \ub54c \uc774 \uc0ac\uc774\ud2b8\uac00 \uc2e4\ud589\ub418\ub294 \ubc29\uc2dd\uc5d0 \ub300\ud55c \uae30\ubcf8 \uc124\uc815\uc744 \uc9c0\uc815\ud558\ub294 \uae30\ub2a5\uc744 \uc81c\uacf5\ud569\ub2c8\ub2e4. \uadc0\ud558\uc758 \uae30\ubcf8 \uc124\uc815\uc744 \uae30\uc5b5\ud558\uae30 \uc704\ud574 \ub2f9\uc0ac\ub294 \uadc0\ud558\uac00 \uadc0\ud558\uc758 \uae30\ubcf8 \uc124\uc815\uc5d0 \uc601\ud5a5\uc744 \ubc1b\ub294 \ud398\uc774\uc9c0\uc640 \uc0c1\ud638 \uc791\uc6a9\ud560 \ub54c\ub9c8\ub2e4 \uc774 \uc815\ubcf4\uac00 \ud638\ucd9c\ub420 \uc218 \uc788\ub3c4\ub85d \ucfe0\ud0a4\ub97c \uc124\uc815\ud574\uc57c \ud569\ub2c8\ub2e4.<\/li>\n<\/ul>\n<h3 id=\"cookies-de-terceiros\">\uc81c3\uc790 \ucfe0\ud0a4<\/h3>\n<p>\uc77c\ubd80 \ud2b9\ubcc4\ud55c \uacbd\uc6b0\uc5d0\ub294 \uc2e0\ub8b0\ud560 \uc218 \uc788\ub294 \uc81c3\uc790\uac00 \uc81c\uacf5\ud558\ub294 \ucfe0\ud0a4\ub3c4 \uc0ac\uc6a9\ud569\ub2c8\ub2e4. \ub2e4\uc74c \uc139\uc158\uc5d0\uc11c\ub294 \uc774 \uc6f9\uc0ac\uc774\ud2b8\ub97c \ud1b5\ud574 \uadc0\ud558\uac00 \uc811\ud560 \uc218 \uc788\ub294 \uc81c3\uc790 \ucfe0\ud0a4\uc5d0 \ub300\ud574 \uc790\uc138\ud788 \uc124\uba85\ud569\ub2c8\ub2e4.<\/p>\n<ul>\n<li>\uc774 \uc0ac\uc774\ud2b8\ub294 \uadc0\ud558\uac00 \uc0ac\uc774\ud2b8\ub97c \uc0ac\uc6a9\ud558\ub294 \ubc29\uc2dd\uacfc \uadc0\ud558\uc758 \uacbd\ud5d8\uc744 \uac1c\uc120\ud560 \uc218 \uc788\ub294 \ubc29\ubc95\uc744 \uc774\ud574\ud558\ub294 \ub370 \ub3c4\uc6c0\uc744 \uc8fc\uae30 \uc704\ud574 \uc6f9\uc5d0\uc11c \uac00\uc7a5 \uad11\ubc94\uc704\ud558\uace0 \uc2e0\ub8b0\ud560 \uc218 \uc788\ub294 \ubd84\uc11d \uc194\ub8e8\uc158 \uc911 \ud558\ub098\uc778 Google Analytics\ub97c \uc0ac\uc6a9\ud569\ub2c8\ub2e4. \uc774\ub7ec\ud55c \ucfe0\ud0a4\ub294 \uadc0\ud558\uac00 \uc0ac\uc774\ud2b8\uc5d0\uc11c \ubcf4\ub0b4\ub294 \uc2dc\uac04\uacfc \uadc0\ud558\uac00 \ubc29\ubb38\ud558\ub294 \ud398\uc774\uc9c0 \ub4f1\uc744 \ucd94\uc801\ud558\uc5ec \uacc4\uc18d\ud574\uc11c \ub9e4\ub825\uc801\uc778 \ucf58\ud150\uce20\ub97c \uc0dd\uc131\ud560 \uc218 \uc788\uc2b5\ub2c8\ub2e4.<\/li>\n<\/ul>\n<p>Google Analytics \ucfe0\ud0a4\uc5d0 \ub300\ud55c \uc790\uc138\ud55c \ub0b4\uc6a9\uc740 \uacf5\uc2dd Google Analytics \ud398\uc774\uc9c0\ub97c \ucc38\uc870\ud558\uc2ed\uc2dc\uc624.<\/p>\n<ul>\n<li>\uc81c3\uc790 \ubd84\uc11d\uc744 \uc0ac\uc6a9\ud558\uc5ec \uc774 \uc0ac\uc774\ud2b8\uc758 \uc0ac\uc6a9\uc744 \ucd94\uc801\ud558\uace0 \uce21\uc815\ud558\ubbc0\ub85c \ub2f9\uc0ac\ub294 \uacc4\uc18d\ud574\uc11c \ub9e4\ub825\uc801\uc778 \ucf58\ud150\uce20\ub97c \uc0dd\uc0b0\ud560 \uc218 \uc788\uc2b5\ub2c8\ub2e4. \uc774\ub7ec\ud55c \ucfe0\ud0a4\ub294 \uadc0\ud558\uac00 \uc0ac\uc774\ud2b8\uc5d0\uc11c \ubcf4\ub0b8 \uc2dc\uac04\uc774\ub098 \ubc29\ubb38\ud55c \ud398\uc774\uc9c0 \ub4f1\uc744 \ucd94\uc801\ud560 \uc218 \uc788\uc73c\uba70, \uc774\ub294 \ub2f9\uc0ac\uac00 \uadc0\ud558\ub97c \uc704\ud574 \uc0ac\uc774\ud2b8\ub97c \uac1c\uc120\ud560 \uc218 \uc788\ub294 \ubc29\ubc95\uc744 \uc774\ud574\ud558\ub294 \ub370 \ub3c4\uc6c0\uc774 \ub429\ub2c8\ub2e4.<\/li>\n<li>\uc815\uae30\uc801\uc73c\ub85c \uc0c8\ub85c\uc6b4 \uae30\ub2a5\uc744 \ud14c\uc2a4\ud2b8\ud558\uace0 \uc0ac\uc774\ud2b8\uac00 \ud45c\uc2dc\ub418\ub294 \ubc29\uc2dd\uc744 \ubbf8\uc138\ud558\uac8c \ubcc0\uacbd\ud569\ub2c8\ub2e4. \uc0c8\ub85c\uc6b4 \uae30\ub2a5\uc744 \uacc4\uc18d \ud14c\uc2a4\ud2b8\ud558\ub294 \ub3d9\uc548 \uc774\ub7ec\ud55c \ucfe0\ud0a4\ub294 \uc0ac\uc6a9\uc790\uac00 \uac00\uc7a5 \ub192\uc774 \ud3c9\uac00\ud558\ub294 \ucd5c\uc801\ud654\uac00 \ubb34\uc5c7\uc778\uc9c0 \uc774\ud574\ud558\ub294 \ub3d9\uc2dc\uc5d0 \uc0ac\uc774\ud2b8\uc5d0\uc11c \uc77c\uad00\ub41c \uacbd\ud5d8\uc744 \uc81c\uacf5\ud558\ub294 \ub370 \uc0ac\uc6a9\ub420 \uc218 \uc788\uc2b5\ub2c8\ub2e4.<\/li>\n<li>\ub2f9\uc0ac\uac00 \uc81c\ud488\uc744 \ud310\ub9e4\ud560 \ub54c \ub2f9\uc0ac \uc6f9\uc0ac\uc774\ud2b8 \ubc29\ubb38\uc790 \uc911 \uc2e4\uc81c\ub85c \uad6c\ub9e4\ud55c \ubc29\ubb38\uc790 \uc218\uc5d0 \ub300\ud55c \ud1b5\uacc4\ub97c \uc774\ud574\ud558\ub294 \uac83\uc774 \uc911\uc694\ud558\uba70, \uc774\ub294 \uc774\ub7ec\ud55c \ucfe0\ud0a4\uac00 \ucd94\uc801\ud558\ub294 \ub370\uc774\ud130 \uc720\ud615\uc785\ub2c8\ub2e4. \uc774\ub294 \ub2f9\uc0ac\uac00 \uac00\ub2a5\ud55c \ucd5c\uace0\uc758 \uac00\uaca9\uc744 \ubcf4\uc7a5\ud558\uae30 \uc704\ud574 \uad11\uace0 \ubc0f \uc81c\ud488 \ube44\uc6a9\uc744 \ubd84\uc11d\ud560 \uc218 \uc788\ub294 \ube44\uc988\ub2c8\uc2a4 \uc608\uce21\uc744 \uc815\ud655\ud558\uac8c \ud560 \uc218 \uc788\ub2e4\ub294 \uc758\ubbf8\uc774\ubbc0\ub85c \uadc0\ud558\uc5d0\uac8c \uc911\uc694\ud569\ub2c8\ub2e4.<\/li>\n<li>\uad11\uace0 \uc81c\uacf5\uc744 \uc704\ud574 \ub2f9\uc0ac\uac00 \uc0ac\uc6a9\ud558\ub294 Google \uc560\ub4dc\uc13c\uc2a4 \uc11c\ube44\uc2a4\ub294 DoubleClick \ucfe0\ud0a4\ub97c \uc0ac\uc6a9\ud558\uc5ec \uc6f9 \uc804\ubc18\uc5d0 \uac78\uccd0 \ubcf4\ub2e4 \uad00\ub828\uc131 \ub192\uc740 \uad11\uace0\ub97c \uc81c\uacf5\ud558\uace0 \ud2b9\uc815 \uad11\uace0\uac00 \uadc0\ud558\uc5d0\uac8c \ud45c\uc2dc\ub418\ub294 \ud69f\uc218\ub97c \uc81c\ud55c\ud569\ub2c8\ub2e4.<br \/>\nGoogle \uc560\ub4dc\uc13c\uc2a4\uc5d0 \ub300\ud55c \uc790\uc138\ud55c \ub0b4\uc6a9\uc740 \uacf5\uc2dd Google \uc560\ub4dc\uc13c\uc2a4 \uac1c\uc778\uc815\ubcf4 \ubcf4\ud638 FAQ\ub97c \ucc38\uc870\ud558\uc138\uc694.<\/li>\n<li>\uc6b0\ub9ac\ub294 \uc774 \uc0ac\uc774\ud2b8\uc758 \uc6b4\uc601 \ube44\uc6a9\uc744 \uc0c1\uc1c4\ud558\uace0 \ud5a5\ud6c4 \uac1c\ubc1c\uc744 \uc704\ud55c \uc790\uae08\uc744 \uc81c\uacf5\ud558\uae30 \uc704\ud574 \uad11\uace0\ub97c \uc0ac\uc6a9\ud569\ub2c8\ub2e4. \uc774 \uc0ac\uc774\ud2b8\uc5d0\uc11c \uc0ac\uc6a9\ud558\ub294 \ud589\ub3d9 \uad11\uace0 \ucfe0\ud0a4\ub294 \uadc0\ud558\uc758 \uad00\uc2ec\uc0ac\ub97c \uc775\uba85\uc73c\ub85c \ucd94\uc801\ud558\uace0 \uadc0\ud558\uac00 \uad00\uc2ec\uc744 \uac00\uc9c8 \uc218 \uc788\ub294 \uc720\uc0ac\ud55c \ud56d\ubaa9\uc744 \uc81c\uc2dc\ud568\uc73c\ub85c\uc368 \uac00\ub2a5\ud55c \ud55c \uac00\uc7a5 \uad00\ub828\uc131\uc774 \ub192\uc740 \uad11\uace0\ub97c \uc81c\uacf5\ud558\ub3c4\ub85d \uc124\uacc4\ub418\uc5c8\uc2b5\ub2c8\ub2e4.<\/li>\n<li>\uc5ec\ub7ec \ud30c\ud2b8\ub108\uac00 \uc6b0\ub9ac\ub97c \ub300\uc2e0\ud558\uc5ec \uad11\uace0\ud558\uace0 \uc81c\ud734 \ucd94\uc801 \ucfe0\ud0a4\ub97c \uc0ac\uc6a9\ud558\uba74 \uace0\uac1d\uc774 \ud30c\ud2b8\ub108 \uc0ac\uc774\ud2b8 \uc911 \ud558\ub098\ub97c \ud1b5\ud574 \uc0ac\uc774\ud2b8\uc5d0 \uc561\uc138\uc2a4\ud588\ub294\uc9c0 \ud655\uc778\ud560 \uc218 \uc788\uc73c\ubbc0\ub85c \uc801\uc808\ud558\uac8c \ud06c\ub808\ub527\uc744 \ubc1b\uc744 \uc218 \uc788\uc73c\uba70, \ud574\ub2f9\ub418\ub294 \uacbd\uc6b0 \uc81c\ud734 \ud30c\ud2b8\ub108\uac00 \ub2e4\uc74c\uacfc \uac19\uc740 \ud504\ub85c\ubaa8\uc158\uc744 \uc81c\uacf5\ud560 \uc218 \uc788\uc2b5\ub2c8\ub2e4. \uad6c\ub9e4\ub97c \uc81c\uacf5\ud560 \uc218 \uc788\uc2b5\ub2c8\ub2e4.<\/li>\n<\/ul>\n<h3 id=\"compromisso-do-usuario\">\uc0ac\uc6a9\uc790 \uc57d\uc18d<\/h3>\n<p>\uc0ac\uc6a9\uc790\ub294 Artigos do Dia\uac00 \uc6f9\uc0ac\uc774\ud2b8\uc5d0\uc11c \uc81c\uacf5\ud558\ub294 \ucf58\ud150\uce20\uc640 \uc815\ubcf4\ub97c \uba85\ud655\ud558\uc9c0\ub9cc \uc774\uc5d0 \uad6d\ud55c\ub418\uc9c0 \uc54a\ub294 \uc131\uaca9\uc73c\ub85c \uc801\uc808\ud558\uac8c \uc0ac\uc6a9\ud560 \uac83\uc744 \uc57d\uc18d\ud569\ub2c8\ub2e4.<\/p>\n<ul>\n<li>A) \ubd88\ubc95\uc801\uc774\uac70\ub098 \uc120\uc758\uc640 \uacf5\uacf5\uc9c8\uc11c\uc5d0 \ubc18\ud558\ub294 \ud589\uc704\ub97c \ud558\uc9c0 \uc54a\uc2b5\ub2c8\ub2e4.<\/li>\n<li>B) \ud14c\ub7ec\ub97c \uc9c0\uc9c0\ud558\uac70\ub098 \uc778\uad8c\uc5d0 \ubc18\ud558\ub294 \uc778\uc885\ucc28\ubcc4, \uc678\uad6d\uc778 \ud610\uc624 \ub610\ub294 \ub098\uc05c \uc131\uaca9\uc758 \uc120\uc804\uc774\ub098 \ub0b4\uc6a9, \ubaa8\ub4e0 \uc720\ud615\uc758 \ubd88\ubc95 \uc74c\ub780\ubb3c\uc744 \uc720\ud3ec\ud558\uc9c0 \ub9c8\uc2ed\uc2dc\uc624.<\/li>\n<li>C) Artigos do Dia, \uadf8 \uacf5\uae09\uc5c5\uccb4 \ub610\ub294 \uc81c3\uc790\uc758 \ubb3c\ub9ac\uc801(\ud558\ub4dc\uc6e8\uc5b4) \ubc0f \ub17c\ub9ac\uc801(\uc18c\ud504\ud2b8\uc6e8\uc5b4) \uc2dc\uc2a4\ud15c\uc5d0 \uc190\uc0c1\uc744 \uac00\ud558\uc5ec \uc55e\uc11c \uc5b8\uae09\ud55c \uc190\uc0c1\uc744 \uc77c\uc73c\ud0ac \uc218 \uc788\ub294 \ucef4\ud4e8\ud130 \ubc14\uc774\ub7ec\uc2a4\ub098 \uae30\ud0c0 \ud558\ub4dc\uc6e8\uc5b4 \ub610\ub294 \uc18c\ud504\ud2b8\uc6e8\uc5b4 \uc2dc\uc2a4\ud15c\uc744 \ub3c4\uc785\ud558\uac70\ub098 \uc804\ud30c\ud558\uc9c0 \ub9c8\uc2ed\uc2dc\uc624. .<\/li>\n<\/ul>\n<h3 id=\"mais-informacoes\">\ucd94\uac00 \uc815\ubcf4<\/h3>\n<p>\uc774\ub294 \ubd84\uba85\ud558\uae30\ub97c \ubc14\ub77c\uba70, \uc774\uc804\uc5d0 \uc5b8\uae09\ud588\ub4ef\uc774 \ud544\uc694\ud55c\uc9c0 \uc544\ub2cc\uc9c0 \ud655\uc2e4\ud558\uc9c0 \uc54a\uc740 \uac83\uc774 \uc788\ub294 \uacbd\uc6b0 \uc77c\ubc18\uc801\uc73c\ub85c \ucfe0\ud0a4\uac00 \ub2f9\uc0ac \uc0ac\uc774\ud2b8\uc5d0\uc11c \uc0ac\uc6a9\ud558\ub294 \uae30\ub2a5 \uc911 \ud558\ub098\uc640 \uc0c1\ud638 \uc791\uc6a9\ud560 \uacbd\uc6b0\ub97c \ub300\ube44\ud574 \ucfe0\ud0a4\ub97c \ud65c\uc131\ud654\ud574 \ub450\ub294 \uac83\uc774 \ub354 \uc548\uc804\ud569\ub2c8\ub2e4.<\/p>\n<p>\ubcf8 \ubc29\uce68\uc740\ubd80\ud130 \uc2dc\ud589\ub429\ub2c8\ub2e4.\u00a0<strong>1\uc6d4<\/strong>\/<strong>2022<\/strong>.<\/p>\n<\/div>\n<\/div>","protected":false},"excerpt":{"rendered":"<p>A sua privacidade \u00e9 importante para n\u00f3s. \u00c9 pol\u00edtica do Artigos do Dia respeitar a sua privacidade em rela\u00e7\u00e3o a qualquer informa\u00e7\u00e3o sua que possamos coletar no site Artigos do Dia, e outros sites que possu\u00edmos e operamos. Solicitamos informa\u00e7\u00f5es pessoais apenas quando realmente precisamos delas para lhe fornecer um servi\u00e7o. Fazemo-lo por meios justos [&hellip;]<\/p>\n","protected":false},"author":4,"featured_media":0,"parent":0,"menu_order":0,"comment_status":"closed","ping_status":"closed","template":"","meta":{"footnotes":""},"class_list":["post-179","page","type-page","status-publish"],"_links":{"self":[{"href":"https:\/\/artigosdodia.com\/ko\/wp-json\/wp\/v2\/pages\/179","targetHints":{"allow":["GET"]}}],"collection":[{"href":"https:\/\/artigosdodia.com\/ko\/wp-json\/wp\/v2\/pages"}],"about":[{"href":"https:\/\/artigosdodia.com\/ko\/wp-json\/wp\/v2\/types\/page"}],"author":[{"embeddable":true,"href":"https:\/\/artigosdodia.com\/ko\/wp-json\/wp\/v2\/users\/4"}],"replies":[{"embeddable":true,"href":"https:\/\/artigosdodia.com\/ko\/wp-json\/wp\/v2\/comments?post=179"}],"version-history":[{"count":5,"href":"https:\/\/artigosdodia.com\/ko\/wp-json\/wp\/v2\/pages\/179\/revisions"}],"predecessor-version":[{"id":256,"href":"https:\/\/artigosdodia.com\/ko\/wp-json\/wp\/v2\/pages\/179\/revisions\/256"}],"wp:attachment":[{"href":"https:\/\/artigosdodia.com\/ko\/wp-json\/wp\/v2\/media?parent=179"}],"curies":[{"name":"wp","href":"https:\/\/api.w.org\/{rel}","templated":true}]}}