{"id":64,"date":"2022-04-09T00:28:28","date_gmt":"2022-04-09T00:28:28","guid":{"rendered":"https:\/\/artigosdodia.com\/?page_id=64"},"modified":"2022-04-09T00:28:28","modified_gmt":"2022-04-09T00:28:28","slug":"termeni-de-utilizare","status":"publish","type":"page","link":"https:\/\/artigosdodia.com\/ro\/termos-de-uso\/","title":{"rendered":"Termeni de utilizare"},"content":{"rendered":"<h3 id=\"1-termos\">1. Condi\u021bii<\/h3>\n<p>La accesarea site-ului\u00a0<a href=\"https:\/\/artigosdodia.com\/ro\/\">Articolele zilei<\/a>, sunte\u021bi de acord s\u0103 respecta\u021bi ace\u0219ti termeni \u0219i condi\u021bii, toate legile \u0219i reglement\u0103rile aplicabile \u0219i sunte\u021bi de acord c\u0103 sunte\u021bi responsabil pentru respectarea tuturor legilor locale aplicabile. Dac\u0103 nu sunte\u021bi de acord cu niciunul dintre ace\u0219ti termeni, vi se interzice utilizarea sau accesarea acestui site web. Materialele con\u021binute pe acest site sunt protejate de legile aplicabile privind drepturile de autor \u0219i m\u0103rcile comerciale.<\/p>\n<h3 id=\"2-uso-de-licenca\">2. Utilizarea licen\u021bei<\/h3>\n<p>Se acord\u0103 permisiunea de a desc\u0103rca temporar o copie a materialelor (informa\u021bii sau software) de pe site. <a href=\"https:\/\/artigosdodia.com\/ro\/\">Articolele zilei<\/a>, numai pentru vizionare tranzitorie personal\u0103, necomercial\u0103. Aceasta este acordarea unei licen\u021be, nu un transfer de titlu, iar \u00een baza acestei licen\u021be nu pute\u021bi:<\/p>\n<ol>\n<li>modifica sau copia materialele;<\/li>\n<li>utiliza\u021bi materialele \u00een orice scop comercial sau pentru afi\u0219are public\u0103 (comerciale sau necomerciale);<\/li>\n<li>\u00eencerca\u021bi s\u0103 decompila\u021bi sau s\u0103 face\u021bi inginerie invers\u0103 a oric\u0103rui software con\u021binut pe site <a href=\"https:\/\/artigosdodia.com\/ro\/\">Articolele zilei<\/a>;<\/li>\n<li>elimina orice drepturi de autor sau alte nota\u021bii de proprietate din materiale; sau<\/li>\n<li>transfera\u021bi materialele unei alte persoane sau \u201eoglindi\u021bi\u201d materialele pe orice alt server.<\/li>\n<\/ol>\n<p>Aceast\u0103 licen\u021b\u0103 se va rezilia automat dac\u0103 \u00eenc\u0103lca\u021bi oricare dintre aceste restric\u021bii \u0219i poate fi reziliat\u0103 de <a href=\"https:\/\/artigosdodia.com\/ro\/\">Articolele zilei<\/a> oric\u00e2nd. La \u00eencetarea vizualiz\u0103rii acestor materiale sau la \u00eencetarea acestei licen\u021be, trebuie s\u0103 \u0219terge\u021bi toate materialele desc\u0103rcate \u00een posesia dumneavoastr\u0103, fie \u00een form\u0103 electronic\u0103 sau tip\u0103rit\u0103.<\/p>\n<h3 id=\"3-isencao-de-responsabilidade\">3. Exonerare de responsabilitate<\/h3>\n<ol>\n<li>Materialele de pe site-ul lui <a href=\"https:\/\/artigosdodia.com\/ro\/\">Articolele zilei<\/a> sunt furnizate \u201eca atare\u201d. <a href=\"https:\/\/artigosdodia.com\/ro\/\">Articolele zilei<\/a> nu ofer\u0103 garan\u021bii, exprese sau implicite \u0219i, prin prezenta, declin\u0103 \u0219i declin\u0103 toate celelalte garan\u021bii, inclusiv, f\u0103r\u0103 limitare, garan\u021bii sau condi\u021bii implicite de vandabilitate, potrivire pentru un anumit scop sau ne\u00eenc\u0103lcare a propriet\u0103\u021bii intelectuale sau alte \u00eenc\u0103lc\u0103ri ale drepturilor .<\/li>\n<li>In plus <a href=\"https:\/\/artigosdodia.com\/ro\/\">Articolele zilei<\/a> nu garanteaz\u0103 \u0219i nu face nicio declara\u021bie cu privire la acurate\u021bea, rezultatele probabile sau fiabilitatea utiliz\u0103rii materialelor de pe site-ul s\u0103u web sau legate \u00een alt mod de aceste materiale sau de pe site-urile web legate de acest site web.<\/li>\n<\/ol>\n<h3 id=\"4-limitacoes\">4. Limit\u0103ri<\/h3>\n<p>\u00cen niciun caz nu va <a href=\"https:\/\/artigosdodia.com\/ro\/\">Articolele zilei<\/a> sau furnizorii s\u0103i vor fi r\u0103spunz\u0103tori pentru orice daune (inclusiv, f\u0103r\u0103 limitare, daune pentru pierderea de date sau profit sau din cauza \u00eentreruperii activit\u0103\u021bii) care decurg din utilizarea sau incapacitatea de a utiliza materialele \u00een <a href=\"https:\/\/artigosdodia.com\/ro\/\">Articolele zilei<\/a>, Chiar dac\u0103 <a href=\"https:\/\/artigosdodia.com\/ro\/\">Articolele zilei<\/a>sau un reprezentant autorizat al <a href=\"https:\/\/artigosdodia.com\/ro\/\">Articolele zilei<\/a> a fost notificat verbal sau \u00een scris despre posibilitatea unor astfel de daune. Deoarece unele jurisdic\u021bii nu permit limit\u0103ri ale garan\u021biilor implicite sau limit\u0103ri ale r\u0103spunderii pentru daune consecutive sau incidentale, este posibil ca aceste limit\u0103ri s\u0103 nu se aplice \u00een cazul dumneavoastr\u0103.<\/p>\n<h3 id=\"5-precisao-dos-materiais\">5. Precizia materialelor<\/h3>\n<p>Materialele afi\u0219ate pe site-ul <a href=\"https:\/\/artigosdodia.com\/ro\/\">Articolele zilei<\/a> poate include erori tehnice, tipografice sau fotografice. <a href=\"https:\/\/artigosdodia.com\/ro\/\">Articolele zilei<\/a> nu garanteaz\u0103 c\u0103 niciunul dintre materialele de pe site-ul s\u0103u este exact, complet sau actual. <a href=\"https:\/\/artigosdodia.com\/ro\/\">Articolele zilei<\/a> poate face modific\u0103ri materialelor con\u021binute pe site-ul s\u0103u \u00een orice moment, f\u0103r\u0103 notificare. In orice caz, <a href=\"https:\/\/artigosdodia.com\/ro\/\">Articolele zilei<\/a> nu se angajeaz\u0103 s\u0103 actualizeze materialele.<\/p>\n<h3 id=\"6-links\">6. Leg\u0103turi<\/h3>\n<p>O <a href=\"https:\/\/artigosdodia.com\/ro\/\">Articolele zilei<\/a> nu a revizuit toate site-urile legate de site-ul s\u0103u \u0219i nu este responsabil pentru con\u021binutul niciunui astfel de site-uri. Includerea oric\u0103rui link nu implic\u0103 aprobarea de c\u0103tre <a href=\"https:\/\/artigosdodia.com\/ro\/\">Articolele zilei<\/a> de pe site. Utilizarea oric\u0103rui site conectat este pe riscul propriu al utilizatorului.<\/p>\n<h3 id=\"modificacoes\">Modific\u0103ri<\/h3>\n<p>O <a href=\"https:\/\/artigosdodia.com\/ro\/\">Articolele zilei<\/a> poate revizui ace\u0219ti termeni de utilizare a site-ului web \u00een orice moment, f\u0103r\u0103 notificare. Prin utilizarea acestui site web, sunte\u021bi de acord s\u0103 respecta\u021bi versiunea actual\u0103 a acestor termeni \u0219i condi\u021bii.<\/p>\n<h3 id=\"lei-aplicavel\">Lege aplicabil\u0103<\/h3>\n<p>Ace\u0219ti termeni \u0219i condi\u021bii sunt guverna\u021bi \u0219i interpreta\u021bi \u00een conformitate cu legile <a href=\"https:\/\/artigosdodia.com\/ro\/\">Articolele zilei<\/a> \u0219i v\u0103 supune\u021bi irevocabil jurisdic\u021biei exclusive a instan\u021belor din acel stat sau localitate.<\/p>","protected":false},"excerpt":{"rendered":"<p>1. Termos Ao acessar ao site\u00a0Artigos do Dia, concorda em cumprir estes termos de servi\u00e7o, todas as leis e regulamentos aplic\u00e1veis \u200b\u200be concorda que \u00e9 respons\u00e1vel pelo cumprimento de todas as leis locais aplic\u00e1veis. Se voc\u00ea n\u00e3o concordar com algum desses termos, est\u00e1 proibido de usar ou acessar este site. Os materiais contidos neste site [&hellip;]<\/p>\n","protected":false},"author":4,"featured_media":0,"parent":0,"menu_order":0,"comment_status":"closed","ping_status":"closed","template":"","meta":{"footnotes":""},"class_list":["post-64","page","type-page","status-publish"],"_links":{"self":[{"href":"https:\/\/artigosdodia.com\/ro\/wp-json\/wp\/v2\/pages\/64","targetHints":{"allow":["GET"]}}],"collection":[{"href":"https:\/\/artigosdodia.com\/ro\/wp-json\/wp\/v2\/pages"}],"about":[{"href":"https:\/\/artigosdodia.com\/ro\/wp-json\/wp\/v2\/types\/page"}],"author":[{"embeddable":true,"href":"https:\/\/artigosdodia.com\/ro\/wp-json\/wp\/v2\/users\/4"}],"replies":[{"embeddable":true,"href":"https:\/\/artigosdodia.com\/ro\/wp-json\/wp\/v2\/comments?post=64"}],"version-history":[{"count":1,"href":"https:\/\/artigosdodia.com\/ro\/wp-json\/wp\/v2\/pages\/64\/revisions"}],"predecessor-version":[{"id":65,"href":"https:\/\/artigosdodia.com\/ro\/wp-json\/wp\/v2\/pages\/64\/revisions\/65"}],"wp:attachment":[{"href":"https:\/\/artigosdodia.com\/ro\/wp-json\/wp\/v2\/media?parent=64"}],"curies":[{"name":"wp","href":"https:\/\/api.w.org\/{rel}","templated":true}]}}