{"id":64,"date":"2022-04-09T00:28:28","date_gmt":"2022-04-09T00:28:28","guid":{"rendered":"https:\/\/artigosdodia.com\/?page_id=64"},"modified":"2022-04-09T00:28:28","modified_gmt":"2022-04-09T00:28:28","slug":"podmienky-pouzivania","status":"publish","type":"page","link":"https:\/\/artigosdodia.com\/sk\/termos-de-uso\/","title":{"rendered":"Podmienky pou\u017e\u00edvania"},"content":{"rendered":"<h3 id=\"1-termos\">1. Podmienky<\/h3>\n<p>Pri pr\u00edstupe na webov\u00fa str\u00e1nku\u00a0<a href=\"https:\/\/artigosdodia.com\/sk\/\">\u010cl\u00e1nky d\u0148a<\/a>s\u00fahlas\u00edte s dodr\u017eiavan\u00edm t\u00fdchto podmienok slu\u017eby, v\u0161etk\u00fdch pr\u00edslu\u0161n\u00fdch z\u00e1konov a nariaden\u00ed a s\u00fahlas\u00edte s t\u00fdm, \u017ee zodpoved\u00e1te za dodr\u017eiavanie v\u0161etk\u00fdch pr\u00edslu\u0161n\u00fdch miestnych z\u00e1konov. Ak nes\u00fahlas\u00edte s niektorou z t\u00fdchto podmienok, m\u00e1te zak\u00e1zan\u00e9 pou\u017e\u00edva\u0165 t\u00fato webov\u00fa str\u00e1nku alebo k nej pristupova\u0165. Materi\u00e1ly obsiahnut\u00e9 na tejto str\u00e1nke s\u00fa chr\u00e1nen\u00e9 platn\u00fdmi z\u00e1konmi o autorsk\u00fdch pr\u00e1vach a ochrann\u00fdch zn\u00e1mkach.<\/p>\n<h3 id=\"2-uso-de-licenca\">2. Pou\u017eitie licencie<\/h3>\n<p>Ude\u013euje sa povolenie na do\u010dasn\u00e9 stiahnutie jednej k\u00f3pie materi\u00e1lov (inform\u00e1ci\u00ed alebo softv\u00e9ru) na webov\u00fa str\u00e1nku. <a href=\"https:\/\/artigosdodia.com\/sk\/\">\u010cl\u00e1nky d\u0148a<\/a>, len na osobn\u00e9, nekomer\u010dn\u00e9 prechodn\u00e9 prezeranie. Toto je udelenie licencie, nie prevod vlastn\u00edckeho pr\u00e1va, a na z\u00e1klade tejto licencie nesmiete:<\/p>\n<ol>\n<li>upravova\u0165 alebo kop\u00edrova\u0165 materi\u00e1ly;<\/li>\n<li>pou\u017e\u00edva\u0165 materi\u00e1ly na ak\u00e9ko\u013evek komer\u010dn\u00e9 \u00fa\u010dely alebo na verejn\u00e9 vystavenie (komer\u010dn\u00e9 alebo nekomer\u010dn\u00e9);<\/li>\n<li>pok\u00fasi\u0165 sa dekompilova\u0165 alebo sp\u00e4tne analyzova\u0165 ak\u00fdko\u013evek softv\u00e9r obsiahnut\u00fd na webovej lokalite <a href=\"https:\/\/artigosdodia.com\/sk\/\">\u010cl\u00e1nky d\u0148a<\/a>;<\/li>\n<li>odstr\u00e1ni\u0165 z materi\u00e1lov ak\u00e9ko\u013evek autorsk\u00e9 alebo in\u00e9 vlastn\u00edcke z\u00e1pisy; alebo<\/li>\n<li>prenies\u0165 materi\u00e1ly inej osobe alebo \u201ezrkadli\u0165\u201c materi\u00e1ly na akomko\u013evek inom serveri.<\/li>\n<\/ol>\n<p>T\u00e1to licencia bude automaticky ukon\u010den\u00e1, ak poru\u0161\u00edte ktor\u00e9ko\u013evek z t\u00fdchto obmedzen\u00ed a m\u00f4\u017ee by\u0165 ukon\u010den\u00e1 <a href=\"https:\/\/artigosdodia.com\/sk\/\">\u010cl\u00e1nky d\u0148a<\/a> kedyko\u013evek. Ke\u010f prestanete prezera\u0165 tieto materi\u00e1ly alebo po ukon\u010den\u00ed tejto licencie, mus\u00edte vymaza\u0165 v\u0161etky stiahnut\u00e9 materi\u00e1ly, ktor\u00e9 vlastn\u00edte, \u010di u\u017e v elektronickom alebo tla\u010denom form\u00e1te.<\/p>\n<h3 id=\"3-isencao-de-responsabilidade\">3. Vyl\u00fa\u010denie zodpovednosti<\/h3>\n<ol>\n<li>Materi\u00e1ly na webovej str\u00e1nke spolo\u010dnosti <a href=\"https:\/\/artigosdodia.com\/sk\/\">\u010cl\u00e1nky d\u0148a<\/a> sa poskytuj\u00fa \u201etak ako s\u00fa\u201c. <a href=\"https:\/\/artigosdodia.com\/sk\/\">\u010cl\u00e1nky d\u0148a<\/a> neposkytuje \u017eiadne z\u00e1ruky, v\u00fdslovn\u00e9 ani implicitn\u00e9, a t\u00fdmto sa zrieka a zrieka sa v\u0161etk\u00fdch ostatn\u00fdch z\u00e1ruk, vr\u00e1tane, bez obmedzenia, implicitn\u00fdch z\u00e1ruk alebo podmienok predajnosti, vhodnosti na konkr\u00e9tny \u00fa\u010del alebo neporu\u0161ovania du\u0161evn\u00e9ho vlastn\u00edctva alebo in\u00e9ho poru\u0161enia pr\u00e1v.<\/li>\n<li>Okrem toho, <a href=\"https:\/\/artigosdodia.com\/sk\/\">\u010cl\u00e1nky d\u0148a<\/a> nezaru\u010duje ani neposkytuje \u017eiadne vyhl\u00e1senia t\u00fdkaj\u00face sa presnosti, pravdepodobn\u00fdch v\u00fdsledkov alebo spo\u013eahlivosti pou\u017eitia materi\u00e1lov na svojich webov\u00fdch str\u00e1nkach alebo inak s\u00favisiacich s t\u00fdmito materi\u00e1lmi alebo na webov\u00fdch str\u00e1nkach prepojen\u00fdch s touto webovou str\u00e1nkou.<\/li>\n<\/ol>\n<h3 id=\"4-limitacoes\">4. Obmedzenia<\/h3>\n<p>V \u017eiadnom pr\u00edpade nebude <a href=\"https:\/\/artigosdodia.com\/sk\/\">\u010cl\u00e1nky d\u0148a<\/a> alebo jej dod\u00e1vatelia bud\u00fa zodpovedn\u00ed za ak\u00e9ko\u013evek \u0161kody (vr\u00e1tane, bez obmedzenia, \u0161k\u00f4d za stratu \u00fadajov alebo zisku alebo v d\u00f4sledku preru\u0161enia podnikania) vypl\u00fdvaj\u00face z pou\u017eitia alebo nemo\u017enosti pou\u017ei\u0165 materi\u00e1ly v <a href=\"https:\/\/artigosdodia.com\/sk\/\">\u010cl\u00e1nky d\u0148a<\/a>, aj ke\u010f <a href=\"https:\/\/artigosdodia.com\/sk\/\">\u010cl\u00e1nky d\u0148a<\/a>alebo jeho splnomocnen\u00fd z\u00e1stupca <a href=\"https:\/\/artigosdodia.com\/sk\/\">\u010cl\u00e1nky d\u0148a<\/a> bola \u00fastne alebo p\u00edsomne upozornen\u00e1 na mo\u017enos\u0165 vzniku tak\u00fdchto \u0161k\u00f4d. Preto\u017ee niektor\u00e9 jurisdikcie nepovo\u013euj\u00fa obmedzenia implicitn\u00fdch z\u00e1ruk alebo obmedzenia zodpovednosti za n\u00e1sledn\u00e9 alebo n\u00e1hodn\u00e9 \u0161kody, tieto obmedzenia sa na v\u00e1s nemusia vz\u0165ahova\u0165.<\/p>\n<h3 id=\"5-precisao-dos-materiais\">5. Presnos\u0165 materi\u00e1lov<\/h3>\n<p>Materi\u00e1ly zobrazen\u00e9 na webovej str\u00e1nke spolo\u010dnosti <a href=\"https:\/\/artigosdodia.com\/sk\/\">\u010cl\u00e1nky d\u0148a<\/a> m\u00f4\u017ee obsahova\u0165 technick\u00e9, typografick\u00e9 alebo fotografick\u00e9 chyby. <a href=\"https:\/\/artigosdodia.com\/sk\/\">\u010cl\u00e1nky d\u0148a<\/a> nezaru\u010duje, \u017ee niektor\u00fd z materi\u00e1lov na jeho webovej str\u00e1nke je presn\u00fd, \u00fapln\u00fd alebo aktu\u00e1lny. <a href=\"https:\/\/artigosdodia.com\/sk\/\">\u010cl\u00e1nky d\u0148a<\/a> m\u00f4\u017ee kedyko\u013evek bez upozornenia vykona\u0165 zmeny v materi\u00e1loch obsiahnut\u00fdch na svojich webov\u00fdch str\u00e1nkach. v\u0161ak <a href=\"https:\/\/artigosdodia.com\/sk\/\">\u010cl\u00e1nky d\u0148a<\/a> sa nezav\u00e4zuje aktualizova\u0165 materi\u00e1ly.<\/p>\n<h3 id=\"6-links\">6. Odkazy<\/h3>\n<p>O <a href=\"https:\/\/artigosdodia.com\/sk\/\">\u010cl\u00e1nky d\u0148a<\/a> neskontroloval v\u0161etky str\u00e1nky prepojen\u00e9 s jej webovou str\u00e1nkou a nezodpoved\u00e1 za obsah \u017eiadnej takejto prepojenej lokality. Zahrnutie ak\u00e9hoko\u013evek odkazu neznamen\u00e1 s\u00fahlas zo strany <a href=\"https:\/\/artigosdodia.com\/sk\/\">\u010cl\u00e1nky d\u0148a<\/a> z webovej str\u00e1nky. Pou\u017e\u00edvanie akejko\u013evek prepojenej str\u00e1nky je na vlastn\u00e9 riziko pou\u017e\u00edvate\u013ea.<\/p>\n<h3 id=\"modificacoes\">\u00dapravy<\/h3>\n<p>O <a href=\"https:\/\/artigosdodia.com\/sk\/\">\u010cl\u00e1nky d\u0148a<\/a> m\u00f4\u017ee kedyko\u013evek bez upozornenia revidova\u0165 tieto zmluvn\u00e9 podmienky webov\u00fdch str\u00e1nok. Pou\u017e\u00edvan\u00edm tejto webovej str\u00e1nky s\u00fahlas\u00edte s t\u00fdm, \u017ee budete viazan\u00ed aktu\u00e1lnou verziou t\u00fdchto podmienok slu\u017eby.<\/p>\n<h3 id=\"lei-aplicavel\">Platn\u00e9 pr\u00e1vo<\/h3>\n<p>Tieto obchodn\u00e9 podmienky sa riadia a vykladaj\u00fa v s\u00falade so z\u00e1konmi \u010d <a href=\"https:\/\/artigosdodia.com\/sk\/\">\u010cl\u00e1nky d\u0148a<\/a> a neodvolate\u013ene sa podria\u010fujete v\u00fdlu\u010dnej jurisdikcii s\u00fadov v danom \u0161t\u00e1te alebo lokalite.<\/p>","protected":false},"excerpt":{"rendered":"<p>1. Termos Ao acessar ao site\u00a0Artigos do Dia, concorda em cumprir estes termos de servi\u00e7o, todas as leis e regulamentos aplic\u00e1veis \u200b\u200be concorda que \u00e9 respons\u00e1vel pelo cumprimento de todas as leis locais aplic\u00e1veis. Se voc\u00ea n\u00e3o concordar com algum desses termos, est\u00e1 proibido de usar ou acessar este site. Os materiais contidos neste site [&hellip;]<\/p>\n","protected":false},"author":4,"featured_media":0,"parent":0,"menu_order":0,"comment_status":"closed","ping_status":"closed","template":"","meta":{"footnotes":""},"class_list":["post-64","page","type-page","status-publish"],"_links":{"self":[{"href":"https:\/\/artigosdodia.com\/sk\/wp-json\/wp\/v2\/pages\/64","targetHints":{"allow":["GET"]}}],"collection":[{"href":"https:\/\/artigosdodia.com\/sk\/wp-json\/wp\/v2\/pages"}],"about":[{"href":"https:\/\/artigosdodia.com\/sk\/wp-json\/wp\/v2\/types\/page"}],"author":[{"embeddable":true,"href":"https:\/\/artigosdodia.com\/sk\/wp-json\/wp\/v2\/users\/4"}],"replies":[{"embeddable":true,"href":"https:\/\/artigosdodia.com\/sk\/wp-json\/wp\/v2\/comments?post=64"}],"version-history":[{"count":1,"href":"https:\/\/artigosdodia.com\/sk\/wp-json\/wp\/v2\/pages\/64\/revisions"}],"predecessor-version":[{"id":65,"href":"https:\/\/artigosdodia.com\/sk\/wp-json\/wp\/v2\/pages\/64\/revisions\/65"}],"wp:attachment":[{"href":"https:\/\/artigosdodia.com\/sk\/wp-json\/wp\/v2\/media?parent=64"}],"curies":[{"name":"wp","href":"https:\/\/api.w.org\/{rel}","templated":true}]}}