{"id":64,"date":"2022-04-09T00:28:28","date_gmt":"2022-04-09T00:28:28","guid":{"rendered":"https:\/\/artigosdodia.com\/?page_id=64"},"modified":"2022-04-09T00:28:28","modified_gmt":"2022-04-09T00:28:28","slug":"pogoji-uporabe","status":"publish","type":"page","link":"https:\/\/artigosdodia.com\/sl\/termos-de-uso\/","title":{"rendered":"Pogoji uporabe"},"content":{"rendered":"<h3 id=\"1-termos\">1. Pogoji<\/h3>\n<p>Pri dostopu do spletne strani\u00a0<a href=\"https:\/\/artigosdodia.com\/sl\/\">\u010clanki dneva<\/a>, se strinjate, da boste upo\u0161tevali te pogoje storitve, vse veljavne zakone in predpise ter se strinjate, da ste odgovorni za skladnost z morebitnimi veljavnimi lokalnimi zakoni. \u010ce se ne strinjate s katerim od teh pogojev, vam je prepovedana uporaba ali dostop do tega mesta. Gradivo na tem spletnem mestu je za\u0161\u010diteno z veljavno zakonodajo o avtorskih pravicah in blagovnih znamkah.<\/p>\n<h3 id=\"2-uso-de-licenca\">2. Uporaba licence<\/h3>\n<p>Dovoljeno je za\u010dasno prenesti eno kopijo materialov (informacij ali programske opreme) na spletno stran <a href=\"https:\/\/artigosdodia.com\/sl\/\">\u010clanki dneva<\/a>, samo za osebni, nekomercialni prehodni ogled. To je podelitev licence, ne prenos lastninske pravice, in v skladu s to licenco ne smete:<\/p>\n<ol>\n<li>spreminjati ali kopirati materiale;<\/li>\n<li>uporabljati materiale za kakr\u0161ne koli komercialne namene ali za javno prikazovanje (komercialno ali nekomercialno);<\/li>\n<li>posku\u0161ati dekompilirati ali izvajati obratni in\u017eeniring katere koli programske opreme na spletnem mestu <a href=\"https:\/\/artigosdodia.com\/sl\/\">\u010clanki dneva<\/a>;<\/li>\n<li>odstraniti morebitne avtorske ali druge lastni\u0161ke oznake iz materialov; oz<\/li>\n<li>prenesti materiale na drugo osebo ali &#039;zrcaliti&#039; materiale na katerem koli drugem stre\u017eniku.<\/li>\n<\/ol>\n<p>Ta licenca samodejno preneha veljati, \u010de prekr\u0161ite katero koli od teh omejitev in jo lahko prekine do <a href=\"https:\/\/artigosdodia.com\/sl\/\">\u010clanki dneva<\/a> kadarkoli. Po prekinitvi ogledovanja teh gradiv ali po prekinitvi te licence morate izbrisati vsa prenesena gradiva, ki jih imate v elektronski ali tiskani obliki.<\/p>\n<h3 id=\"3-isencao-de-responsabilidade\">3. Zavrnitev odgovornosti<\/h3>\n<ol>\n<li>Materiali na spletni strani <a href=\"https:\/\/artigosdodia.com\/sl\/\">\u010clanki dneva<\/a> so na voljo &quot;kot so&quot;. <a href=\"https:\/\/artigosdodia.com\/sl\/\">\u010clanki dneva<\/a> ne daje nobenih jamstev, izrecnih ali implicitnih, in s tem zavra\u010da in zanika vsa druga jamstva, vklju\u010dno z, brez omejitev, implicitnimi jamstvi ali pogoji za prodajo, primernostjo za dolo\u010den namen ali nekr\u0161itvijo intelektualne lastnine ali drugimi kr\u0161itvami pravic.<\/li>\n<li>Poleg tega je <a href=\"https:\/\/artigosdodia.com\/sl\/\">\u010clanki dneva<\/a> ne jam\u010di ali daje nobenih izjav v zvezi s to\u010dnostjo, verjetnimi rezultati ali zanesljivostjo uporabe materialov na svojem spletnem mestu ali druga\u010de povezanih s tak\u0161nimi materiali ali na katerem koli mestu, povezanem s tem mestom.<\/li>\n<\/ol>\n<h3 id=\"4-limitacoes\">4. Omejitve<\/h3>\n<p>V nobenem primeru ne bo <a href=\"https:\/\/artigosdodia.com\/sl\/\">\u010clanki dneva<\/a> ali njegovi dobavitelji odgovorni za kakr\u0161no koli \u0161kodo (vklju\u010dno, brez omejitev, \u0161kodo zaradi izgube podatkov ali dobi\u010dka ali zaradi prekinitve poslovanja), ki izhaja iz uporabe ali nezmo\u017enosti uporabe materialov v <a href=\"https:\/\/artigosdodia.com\/sl\/\">\u010clanki dneva<\/a>, \u010deprav <a href=\"https:\/\/artigosdodia.com\/sl\/\">\u010clanki dneva<\/a>ali poobla\u0161\u010deni zastopnik <a href=\"https:\/\/artigosdodia.com\/sl\/\">\u010clanki dneva<\/a> je bil ustno ali pisno obve\u0161\u010den o mo\u017enosti nastanka tak\u0161ne \u0161kode. Ker nekatere jurisdikcije ne dovoljujejo omejitev implicitnih jamstev ali omejitev odgovornosti za posledi\u010dno ali naklju\u010dno \u0161kodo, te omejitve morda ne veljajo za vas.<\/p>\n<h3 id=\"5-precisao-dos-materiais\">5. Natan\u010dnost materialov<\/h3>\n<p>Materiali, prikazani na <a href=\"https:\/\/artigosdodia.com\/sl\/\">\u010clanki dneva<\/a> lahko vklju\u010duje tehni\u010dne, tipkarske ali fotografske napake. <a href=\"https:\/\/artigosdodia.com\/sl\/\">\u010clanki dneva<\/a> ne jam\u010di, da so materiali na njegovi spletni strani to\u010dni, popolni ali aktualni. <a href=\"https:\/\/artigosdodia.com\/sl\/\">\u010clanki dneva<\/a> lahko kadar koli brez predhodnega obvestila spremeni gradiva na svoji spletni strani. vendar <a href=\"https:\/\/artigosdodia.com\/sl\/\">\u010clanki dneva<\/a> se ne zavezuje k posodabljanju materialov.<\/p>\n<h3 id=\"6-links\">6. Povezave<\/h3>\n<p>O <a href=\"https:\/\/artigosdodia.com\/sl\/\">\u010clanki dneva<\/a> ni pregledal vseh spletnih mest, povezanih z njegovo spletno stranjo, in ni odgovoren za vsebino katerega koli povezanega spletnega mesta. Vklju\u010ditev katere koli povezave ne pomeni odobritve s strani <a href=\"https:\/\/artigosdodia.com\/sl\/\">\u010clanki dneva<\/a> s spletne strani. Uporaba katere koli povezane strani je na lastno odgovornost uporabnika.<\/p>\n<h3 id=\"modificacoes\">Spremembe<\/h3>\n<p>O <a href=\"https:\/\/artigosdodia.com\/sl\/\">\u010clanki dneva<\/a> lahko te pogoje storitve spletnega mesta kadar koli spremeni brez predhodnega obvestila. Z uporabo te spletne strani se strinjate, da vas zavezuje trenutna razli\u010dica teh pogojev storitve.<\/p>\n<h3 id=\"lei-aplicavel\">Veljavno pravo<\/h3>\n<p>Ta dolo\u010dila in pogoji so urejeni in razlo\u017eeni v skladu z zakoni <a href=\"https:\/\/artigosdodia.com\/sl\/\">\u010clanki dneva<\/a> in se nepreklicno podrejate izklju\u010dni pristojnosti sodi\u0161\u010d v tej dr\u017eavi ali na tej lokaciji.<\/p>","protected":false},"excerpt":{"rendered":"<p>1. Termos Ao acessar ao site\u00a0Artigos do Dia, concorda em cumprir estes termos de servi\u00e7o, todas as leis e regulamentos aplic\u00e1veis \u200b\u200be concorda que \u00e9 respons\u00e1vel pelo cumprimento de todas as leis locais aplic\u00e1veis. Se voc\u00ea n\u00e3o concordar com algum desses termos, est\u00e1 proibido de usar ou acessar este site. Os materiais contidos neste site [&hellip;]<\/p>\n","protected":false},"author":4,"featured_media":0,"parent":0,"menu_order":0,"comment_status":"closed","ping_status":"closed","template":"","meta":{"footnotes":""},"class_list":["post-64","page","type-page","status-publish"],"_links":{"self":[{"href":"https:\/\/artigosdodia.com\/sl\/wp-json\/wp\/v2\/pages\/64","targetHints":{"allow":["GET"]}}],"collection":[{"href":"https:\/\/artigosdodia.com\/sl\/wp-json\/wp\/v2\/pages"}],"about":[{"href":"https:\/\/artigosdodia.com\/sl\/wp-json\/wp\/v2\/types\/page"}],"author":[{"embeddable":true,"href":"https:\/\/artigosdodia.com\/sl\/wp-json\/wp\/v2\/users\/4"}],"replies":[{"embeddable":true,"href":"https:\/\/artigosdodia.com\/sl\/wp-json\/wp\/v2\/comments?post=64"}],"version-history":[{"count":1,"href":"https:\/\/artigosdodia.com\/sl\/wp-json\/wp\/v2\/pages\/64\/revisions"}],"predecessor-version":[{"id":65,"href":"https:\/\/artigosdodia.com\/sl\/wp-json\/wp\/v2\/pages\/64\/revisions\/65"}],"wp:attachment":[{"href":"https:\/\/artigosdodia.com\/sl\/wp-json\/wp\/v2\/media?parent=64"}],"curies":[{"name":"wp","href":"https:\/\/api.w.org\/{rel}","templated":true}]}}