{"id":64,"date":"2022-04-09T00:28:28","date_gmt":"2022-04-09T00:28:28","guid":{"rendered":"https:\/\/artigosdodia.com\/?page_id=64"},"modified":"2022-04-09T00:28:28","modified_gmt":"2022-04-09T00:28:28","slug":"villkor","status":"publish","type":"page","link":"https:\/\/artigosdodia.com\/sv\/termos-de-uso\/","title":{"rendered":"Villkor"},"content":{"rendered":"<h3 id=\"1-termos\">1. Villkor<\/h3>\n<p>N\u00e4r du g\u00e5r in p\u00e5 webbplatsen\u00a0<a href=\"https:\/\/artigosdodia.com\/sv\/\">Dagens artiklar<\/a>, samtycker du till att f\u00f6lja dessa anv\u00e4ndarvillkor, alla till\u00e4mpliga lagar och f\u00f6rordningar, och samtycker till att du \u00e4r ansvarig f\u00f6r efterlevnad av till\u00e4mpliga lokala lagar. Om du inte godk\u00e4nner n\u00e5gon av dessa villkor \u00e4r du f\u00f6rbjuden att anv\u00e4nda eller komma \u00e5t denna webbplats. Materialet p\u00e5 denna webbplats \u00e4r skyddat av till\u00e4mplig upphovsr\u00e4tt och varum\u00e4rkeslagar.<\/p>\n<h3 id=\"2-uso-de-licenca\">2. Licensanv\u00e4ndning<\/h3>\n<p>Tillst\u00e5nd ges att tillf\u00e4lligt ladda ner en kopia av materialet (information eller programvara) p\u00e5 webbplatsen <a href=\"https:\/\/artigosdodia.com\/sv\/\">Dagens artiklar<\/a>, endast f\u00f6r personlig, icke-kommersiell tillf\u00e4llig visning. Detta \u00e4r beviljande av en licens, inte en \u00f6verf\u00f6ring av titel, och under denna licens f\u00e5r du inte:<\/p>\n<ol>\n<li>\u00e4ndra eller kopiera materialet;<\/li>\n<li>anv\u00e4nda materialet f\u00f6r n\u00e5got kommersiellt syfte eller f\u00f6r offentlig visning (kommersiell eller icke-kommersiell);<\/li>\n<li>f\u00f6rs\u00f6k att dekompilera eller bak\u00e5tkonstruera n\u00e5gon programvara som finns p\u00e5 webbplatsen <a href=\"https:\/\/artigosdodia.com\/sv\/\">Dagens artiklar<\/a>;<\/li>\n<li>ta bort all upphovsr\u00e4tt eller andra \u00e4gander\u00e4ttsbeteckningar fr\u00e5n materialet; eller<\/li>\n<li>\u00f6verf\u00f6ra materialet till en annan person eller &quot;spegla&quot; materialet p\u00e5 n\u00e5gon annan server.<\/li>\n<\/ol>\n<p>Denna licens upph\u00f6r automatiskt om du bryter mot n\u00e5gon av dessa begr\u00e4nsningar och kan s\u00e4gas upp av <a href=\"https:\/\/artigosdodia.com\/sv\/\">Dagens artiklar<\/a> n\u00e4r som helst. N\u00e4r du avslutar din visning av detta material eller vid upps\u00e4gning av denna licens m\u00e5ste du radera allt nedladdat material som du har i din \u00e4go, oavsett om det \u00e4r i elektroniskt eller tryckt format.<\/p>\n<h3 id=\"3-isencao-de-responsabilidade\">3. Ansvarsfriskrivning<\/h3>\n<ol>\n<li>Materialet p\u00e5 hemsidan <a href=\"https:\/\/artigosdodia.com\/sv\/\">Dagens artiklar<\/a> tillhandah\u00e5lls &quot;i befintligt skick&quot;. <a href=\"https:\/\/artigosdodia.com\/sv\/\">Dagens artiklar<\/a> ger inga garantier, vare sig uttryckliga eller underf\u00f6rst\u00e5dda, och fr\u00e5ns\u00e4ger sig och f\u00f6rnekar h\u00e4rmed alla andra garantier, inklusive, utan begr\u00e4nsning, underf\u00f6rst\u00e5dda garantier eller villkor f\u00f6r s\u00e4ljbarhet, l\u00e4mplighet f\u00f6r ett visst \u00e4ndam\u00e5l eller icke-intr\u00e5ng i immateriell egendom eller annan kr\u00e4nkning av r\u00e4ttigheter.<\/li>\n<li>Dessutom <a href=\"https:\/\/artigosdodia.com\/sv\/\">Dagens artiklar<\/a> garanterar eller g\u00f6r inga utf\u00e4stelser om riktigheten, sannolika resultat eller tillf\u00f6rlitligheten av anv\u00e4ndningen av materialet p\u00e5 sin webbplats eller p\u00e5 annat s\u00e4tt relaterat till s\u00e5dant material eller p\u00e5 n\u00e5gon webbplats som \u00e4r l\u00e4nkad till denna webbplats.<\/li>\n<\/ol>\n<h3 id=\"4-limitacoes\">4. Begr\u00e4nsningar<\/h3>\n<p>I inget fall kommer <a href=\"https:\/\/artigosdodia.com\/sv\/\">Dagens artiklar<\/a> eller dess leverant\u00f6rer vara ansvariga f\u00f6r eventuella skador (inklusive, utan begr\u00e4nsning, skador f\u00f6r f\u00f6rlust av data eller vinst, eller p\u00e5 grund av aff\u00e4rsavbrott) som uppst\u00e5r till f\u00f6ljd av anv\u00e4ndning eller of\u00f6rm\u00e5ga att anv\u00e4nda materialet i <a href=\"https:\/\/artigosdodia.com\/sv\/\">Dagens artiklar<\/a>, \u00e4ven om <a href=\"https:\/\/artigosdodia.com\/sv\/\">Dagens artiklar<\/a>eller en auktoriserad representant f\u00f6r <a href=\"https:\/\/artigosdodia.com\/sv\/\">Dagens artiklar<\/a> har underr\u00e4ttats muntligen eller skriftligen om m\u00f6jligheten till s\u00e5dana skador. Eftersom vissa jurisdiktioner inte till\u00e5ter begr\u00e4nsningar av underf\u00f6rst\u00e5dda garantier, eller begr\u00e4nsningar av ansvar f\u00f6r f\u00f6ljdskador eller of\u00f6rutsedda skador, kanske dessa begr\u00e4nsningar inte g\u00e4ller dig.<\/p>\n<h3 id=\"5-precisao-dos-materiais\">5. Materialprecision<\/h3>\n<p>Materialet som visas p\u00e5 <a href=\"https:\/\/artigosdodia.com\/sv\/\">Dagens artiklar<\/a> kan inneh\u00e5lla tekniska, typografiska eller fotografiska fel. <a href=\"https:\/\/artigosdodia.com\/sv\/\">Dagens artiklar<\/a> garanterar inte att n\u00e5got material p\u00e5 dess webbplats \u00e4r korrekt, komplett eller aktuellt. <a href=\"https:\/\/artigosdodia.com\/sv\/\">Dagens artiklar<\/a> kan g\u00f6ra \u00e4ndringar i materialet som finns p\u00e5 sin webbplats n\u00e4r som helst utan f\u00f6reg\u00e5ende meddelande. Dock, <a href=\"https:\/\/artigosdodia.com\/sv\/\">Dagens artiklar<\/a> g\u00f6r inget \u00e5tagande att uppdatera materialet.<\/p>\n<h3 id=\"6-links\">6. L\u00e4nkar<\/h3>\n<p>O <a href=\"https:\/\/artigosdodia.com\/sv\/\">Dagens artiklar<\/a> har inte granskat alla webbplatser som \u00e4r l\u00e4nkade till sin webbplats och \u00e4r inte ansvarig f\u00f6r inneh\u00e5llet p\u00e5 n\u00e5gon l\u00e4nkad webbplats. Inkluderandet av n\u00e5gon l\u00e4nk inneb\u00e4r inte godk\u00e4nnande av <a href=\"https:\/\/artigosdodia.com\/sv\/\">Dagens artiklar<\/a> fr\u00e5n webbplatsen. Anv\u00e4ndning av n\u00e5gon l\u00e4nkad webbplats sker p\u00e5 anv\u00e4ndarens egen risk.<\/p>\n<h3 id=\"modificacoes\">\u00c4ndringar<\/h3>\n<p>O <a href=\"https:\/\/artigosdodia.com\/sv\/\">Dagens artiklar<\/a> kan revidera dessa anv\u00e4ndarvillkor f\u00f6r webbplatsen n\u00e4r som helst utan f\u00f6reg\u00e5ende meddelande. Genom att anv\u00e4nda denna webbplats samtycker du till att vara bunden av den aktuella versionen av dessa anv\u00e4ndarvillkor.<\/p>\n<h3 id=\"lei-aplicavel\">Till\u00e4mplig lag<\/h3>\n<p>Dessa villkor styrs av och tolkas i enlighet med lagarna i <a href=\"https:\/\/artigosdodia.com\/sv\/\">Dagens artiklar<\/a> och du underkastar dig o\u00e5terkalleligen den exklusiva jurisdiktionen f\u00f6r domstolarna i den staten eller platsen.<\/p>","protected":false},"excerpt":{"rendered":"<p>1. Termos Ao acessar ao site\u00a0Artigos do Dia, concorda em cumprir estes termos de servi\u00e7o, todas as leis e regulamentos aplic\u00e1veis \u200b\u200be concorda que \u00e9 respons\u00e1vel pelo cumprimento de todas as leis locais aplic\u00e1veis. Se voc\u00ea n\u00e3o concordar com algum desses termos, est\u00e1 proibido de usar ou acessar este site. Os materiais contidos neste site [&hellip;]<\/p>\n","protected":false},"author":4,"featured_media":0,"parent":0,"menu_order":0,"comment_status":"closed","ping_status":"closed","template":"","meta":{"footnotes":""},"class_list":["post-64","page","type-page","status-publish"],"_links":{"self":[{"href":"https:\/\/artigosdodia.com\/sv\/wp-json\/wp\/v2\/pages\/64","targetHints":{"allow":["GET"]}}],"collection":[{"href":"https:\/\/artigosdodia.com\/sv\/wp-json\/wp\/v2\/pages"}],"about":[{"href":"https:\/\/artigosdodia.com\/sv\/wp-json\/wp\/v2\/types\/page"}],"author":[{"embeddable":true,"href":"https:\/\/artigosdodia.com\/sv\/wp-json\/wp\/v2\/users\/4"}],"replies":[{"embeddable":true,"href":"https:\/\/artigosdodia.com\/sv\/wp-json\/wp\/v2\/comments?post=64"}],"version-history":[{"count":1,"href":"https:\/\/artigosdodia.com\/sv\/wp-json\/wp\/v2\/pages\/64\/revisions"}],"predecessor-version":[{"id":65,"href":"https:\/\/artigosdodia.com\/sv\/wp-json\/wp\/v2\/pages\/64\/revisions\/65"}],"wp:attachment":[{"href":"https:\/\/artigosdodia.com\/sv\/wp-json\/wp\/v2\/media?parent=64"}],"curies":[{"name":"wp","href":"https:\/\/api.w.org\/{rel}","templated":true}]}}