{"id":64,"date":"2022-04-09T00:28:28","date_gmt":"2022-04-09T00:28:28","guid":{"rendered":"https:\/\/artigosdodia.com\/?page_id=64"},"modified":"2022-04-09T00:28:28","modified_gmt":"2022-04-09T00:28:28","slug":"%e0%b8%82%e0%b9%89%e0%b8%ad%e0%b8%81%e0%b8%b3%e0%b8%ab%e0%b8%99%e0%b8%94%e0%b8%81%e0%b8%b2%e0%b8%a3%e0%b9%83%e0%b8%8a%e0%b9%89%e0%b8%87%e0%b8%b2%e0%b8%99","status":"publish","type":"page","link":"https:\/\/artigosdodia.com\/th\/termos-de-uso\/","title":{"rendered":"\u0e02\u0e49\u0e2d\u0e01\u0e33\u0e2b\u0e19\u0e14\u0e01\u0e32\u0e23\u0e43\u0e0a\u0e49\u0e07\u0e32\u0e19"},"content":{"rendered":"<h3 id=\"1-termos\">1. \u0e40\u0e07\u0e37\u0e48\u0e2d\u0e19\u0e44\u0e02<\/h3>\n<p>\u0e40\u0e21\u0e37\u0e48\u0e2d\u0e40\u0e02\u0e49\u0e32\u0e2a\u0e39\u0e48\u0e40\u0e27\u0e47\u0e1a\u0e44\u0e0b\u0e15\u0e4c\u00a0<a href=\"https:\/\/artigosdodia.com\/th\/\">\u0e1a\u0e17\u0e04\u0e27\u0e32\u0e21\u0e1b\u0e23\u0e30\u0e08\u0e33\u0e27\u0e31\u0e19\u0e19\u0e35\u0e49<\/a>\u0e04\u0e38\u0e13\u0e15\u0e01\u0e25\u0e07\u0e17\u0e35\u0e48\u0e08\u0e30\u0e1b\u0e0f\u0e34\u0e1a\u0e31\u0e15\u0e34\u0e15\u0e32\u0e21\u0e02\u0e49\u0e2d\u0e01\u0e33\u0e2b\u0e19\u0e14\u0e43\u0e19\u0e01\u0e32\u0e23\u0e43\u0e2b\u0e49\u0e1a\u0e23\u0e34\u0e01\u0e32\u0e23\u0e40\u0e2b\u0e25\u0e48\u0e32\u0e19\u0e35\u0e49 \u0e01\u0e0e\u0e2b\u0e21\u0e32\u0e22\u0e41\u0e25\u0e30\u0e02\u0e49\u0e2d\u0e1a\u0e31\u0e07\u0e04\u0e31\u0e1a\u0e17\u0e35\u0e48\u0e40\u0e01\u0e35\u0e48\u0e22\u0e27\u0e02\u0e49\u0e2d\u0e07\u0e17\u0e31\u0e49\u0e07\u0e2b\u0e21\u0e14 \u0e41\u0e25\u0e30\u0e22\u0e2d\u0e21\u0e23\u0e31\u0e1a\u0e27\u0e48\u0e32\u0e04\u0e38\u0e13\u0e21\u0e35\u0e2b\u0e19\u0e49\u0e32\u0e17\u0e35\u0e48\u0e23\u0e31\u0e1a\u0e1c\u0e34\u0e14\u0e0a\u0e2d\u0e1a\u0e43\u0e19\u0e01\u0e32\u0e23\u0e1b\u0e0f\u0e34\u0e1a\u0e31\u0e15\u0e34\u0e15\u0e32\u0e21\u0e01\u0e0e\u0e2b\u0e21\u0e32\u0e22\u0e17\u0e49\u0e2d\u0e07\u0e16\u0e34\u0e48\u0e19\u0e17\u0e35\u0e48\u0e40\u0e01\u0e35\u0e48\u0e22\u0e27\u0e02\u0e49\u0e2d\u0e07 \u0e2b\u0e32\u0e01\u0e04\u0e38\u0e13\u0e44\u0e21\u0e48\u0e40\u0e2b\u0e47\u0e19\u0e14\u0e49\u0e27\u0e22\u0e01\u0e31\u0e1a\u0e02\u0e49\u0e2d\u0e01\u0e33\u0e2b\u0e19\u0e14\u0e43\u0e14 \u0e46 \u0e40\u0e2b\u0e25\u0e48\u0e32\u0e19\u0e35\u0e49 \u0e04\u0e38\u0e13\u0e08\u0e30\u0e44\u0e21\u0e48\u0e44\u0e14\u0e49\u0e23\u0e31\u0e1a\u0e2d\u0e19\u0e38\u0e0d\u0e32\u0e15\u0e43\u0e2b\u0e49\u0e43\u0e0a\u0e49\u0e2b\u0e23\u0e37\u0e2d\u0e40\u0e02\u0e49\u0e32\u0e16\u0e36\u0e07\u0e44\u0e0b\u0e15\u0e4c\u0e19\u0e35\u0e49 \u0e40\u0e19\u0e37\u0e49\u0e2d\u0e2b\u0e32\u0e17\u0e35\u0e48\u0e21\u0e35\u0e2d\u0e22\u0e39\u0e48\u0e43\u0e19\u0e40\u0e27\u0e47\u0e1a\u0e44\u0e0b\u0e15\u0e4c\u0e19\u0e35\u0e49\u0e44\u0e14\u0e49\u0e23\u0e31\u0e1a\u0e01\u0e32\u0e23\u0e04\u0e38\u0e49\u0e21\u0e04\u0e23\u0e2d\u0e07\u0e42\u0e14\u0e22\u0e01\u0e0e\u0e2b\u0e21\u0e32\u0e22\u0e25\u0e34\u0e02\u0e2a\u0e34\u0e17\u0e18\u0e34\u0e4c\u0e41\u0e25\u0e30\u0e40\u0e04\u0e23\u0e37\u0e48\u0e2d\u0e07\u0e2b\u0e21\u0e32\u0e22\u0e01\u0e32\u0e23\u0e04\u0e49\u0e32\u0e17\u0e35\u0e48\u0e1a\u0e31\u0e07\u0e04\u0e31\u0e1a\u0e43\u0e0a\u0e49<\/p>\n<h3 id=\"2-uso-de-licenca\">2. \u0e01\u0e32\u0e23\u0e43\u0e0a\u0e49\u0e43\u0e1a\u0e2d\u0e19\u0e38\u0e0d\u0e32\u0e15<\/h3>\n<p>\u0e44\u0e14\u0e49\u0e23\u0e31\u0e1a\u0e2d\u0e19\u0e38\u0e0d\u0e32\u0e15\u0e43\u0e2b\u0e49\u0e14\u0e32\u0e27\u0e19\u0e4c\u0e42\u0e2b\u0e25\u0e14\u0e2a\u0e33\u0e40\u0e19\u0e32\u0e02\u0e2d\u0e07\u0e2a\u0e37\u0e48\u0e2d (\u0e02\u0e49\u0e2d\u0e21\u0e39\u0e25\u0e2b\u0e23\u0e37\u0e2d\u0e0b\u0e2d\u0e1f\u0e15\u0e4c\u0e41\u0e27\u0e23\u0e4c) \u0e1a\u0e19\u0e40\u0e27\u0e47\u0e1a\u0e44\u0e0b\u0e15\u0e4c\u0e40\u0e1b\u0e47\u0e19\u0e01\u0e32\u0e23\u0e0a\u0e31\u0e48\u0e27\u0e04\u0e23\u0e32\u0e27 <a href=\"https:\/\/artigosdodia.com\/th\/\">\u0e1a\u0e17\u0e04\u0e27\u0e32\u0e21\u0e1b\u0e23\u0e30\u0e08\u0e33\u0e27\u0e31\u0e19\u0e19\u0e35\u0e49<\/a>\u0e40\u0e1e\u0e37\u0e48\u0e2d\u0e01\u0e32\u0e23\u0e23\u0e31\u0e1a\u0e0a\u0e21\u0e0a\u0e31\u0e48\u0e27\u0e04\u0e23\u0e32\u0e27\u0e2a\u0e48\u0e27\u0e19\u0e1a\u0e38\u0e04\u0e04\u0e25\u0e17\u0e35\u0e48\u0e44\u0e21\u0e48\u0e43\u0e0a\u0e48\u0e40\u0e0a\u0e34\u0e07\u0e1e\u0e32\u0e13\u0e34\u0e0a\u0e22\u0e4c\u0e40\u0e17\u0e48\u0e32\u0e19\u0e31\u0e49\u0e19 \u0e19\u0e35\u0e48\u0e04\u0e37\u0e2d\u0e01\u0e32\u0e23\u0e43\u0e2b\u0e49\u0e43\u0e1a\u0e2d\u0e19\u0e38\u0e0d\u0e32\u0e15 \u0e44\u0e21\u0e48\u0e43\u0e0a\u0e48\u0e01\u0e32\u0e23\u0e42\u0e2d\u0e19\u0e01\u0e23\u0e23\u0e21\u0e2a\u0e34\u0e17\u0e18\u0e34\u0e4c \u0e41\u0e25\u0e30\u0e20\u0e32\u0e22\u0e43\u0e15\u0e49\u0e43\u0e1a\u0e2d\u0e19\u0e38\u0e0d\u0e32\u0e15\u0e19\u0e35\u0e49 \u0e04\u0e38\u0e13\u0e44\u0e21\u0e48\u0e2a\u0e32\u0e21\u0e32\u0e23\u0e16:<\/p>\n<ol>\n<li>\u0e41\u0e01\u0e49\u0e44\u0e02\u0e2b\u0e23\u0e37\u0e2d\u0e04\u0e31\u0e14\u0e25\u0e2d\u0e01\u0e40\u0e2d\u0e01\u0e2a\u0e32\u0e23;<\/li>\n<li>\u0e43\u0e0a\u0e49\u0e27\u0e31\u0e2a\u0e14\u0e38\u0e40\u0e1e\u0e37\u0e48\u0e2d\u0e27\u0e31\u0e15\u0e16\u0e38\u0e1b\u0e23\u0e30\u0e2a\u0e07\u0e04\u0e4c\u0e17\u0e32\u0e07\u0e01\u0e32\u0e23\u0e04\u0e49\u0e32\u0e2b\u0e23\u0e37\u0e2d\u0e40\u0e1e\u0e37\u0e48\u0e2d\u0e01\u0e32\u0e23\u0e41\u0e2a\u0e14\u0e07\u0e2a\u0e32\u0e18\u0e32\u0e23\u0e13\u0e30 (\u0e40\u0e0a\u0e34\u0e07\u0e1e\u0e32\u0e13\u0e34\u0e0a\u0e22\u0e4c\u0e2b\u0e23\u0e37\u0e2d\u0e44\u0e21\u0e48\u0e43\u0e0a\u0e48\u0e40\u0e0a\u0e34\u0e07\u0e1e\u0e32\u0e13\u0e34\u0e0a\u0e22\u0e4c)<\/li>\n<li>\u0e1e\u0e22\u0e32\u0e22\u0e32\u0e21\u0e17\u0e35\u0e48\u0e08\u0e30\u0e16\u0e2d\u0e14\u0e23\u0e2b\u0e31\u0e2a\u0e2b\u0e23\u0e37\u0e2d\u0e27\u0e34\u0e28\u0e27\u0e01\u0e23\u0e23\u0e21\u0e22\u0e49\u0e2d\u0e19\u0e01\u0e25\u0e31\u0e1a\u0e0b\u0e2d\u0e1f\u0e15\u0e4c\u0e41\u0e27\u0e23\u0e4c\u0e43\u0e14 \u0e46 \u0e17\u0e35\u0e48\u0e21\u0e35\u0e2d\u0e22\u0e39\u0e48\u0e43\u0e19\u0e44\u0e0b\u0e15\u0e4c <a href=\"https:\/\/artigosdodia.com\/th\/\">\u0e1a\u0e17\u0e04\u0e27\u0e32\u0e21\u0e1b\u0e23\u0e30\u0e08\u0e33\u0e27\u0e31\u0e19\u0e19\u0e35\u0e49<\/a>;<\/li>\n<li>\u0e25\u0e1a\u0e25\u0e34\u0e02\u0e2a\u0e34\u0e17\u0e18\u0e34\u0e4c\u0e2b\u0e23\u0e37\u0e2d\u0e40\u0e04\u0e23\u0e37\u0e48\u0e2d\u0e07\u0e2b\u0e21\u0e32\u0e22\u0e01\u0e23\u0e23\u0e21\u0e2a\u0e34\u0e17\u0e18\u0e34\u0e4c\u0e2d\u0e37\u0e48\u0e19 \u0e46 \u0e2d\u0e2d\u0e01\u0e08\u0e32\u0e01\u0e40\u0e19\u0e37\u0e49\u0e2d\u0e2b\u0e32 \u0e2b\u0e23\u0e37\u0e2d<\/li>\n<li>\u0e16\u0e48\u0e32\u0e22\u0e42\u0e2d\u0e19\u0e40\u0e19\u0e37\u0e49\u0e2d\u0e2b\u0e32\u0e44\u0e1b\u0e22\u0e31\u0e07\u0e1a\u0e38\u0e04\u0e04\u0e25\u0e2d\u0e37\u0e48\u0e19\u0e2b\u0e23\u0e37\u0e2d &#039;\u0e08\u0e33\u0e25\u0e2d\u0e07&#039; \u0e40\u0e19\u0e37\u0e49\u0e2d\u0e2b\u0e32\u0e1a\u0e19\u0e40\u0e0b\u0e34\u0e23\u0e4c\u0e1f\u0e40\u0e27\u0e2d\u0e23\u0e4c\u0e2d\u0e37\u0e48\u0e19 \u0e46<\/li>\n<\/ol>\n<p>\u0e43\u0e1a\u0e2d\u0e19\u0e38\u0e0d\u0e32\u0e15\u0e19\u0e35\u0e49\u0e08\u0e30\u0e22\u0e38\u0e15\u0e34\u0e42\u0e14\u0e22\u0e2d\u0e31\u0e15\u0e42\u0e19\u0e21\u0e31\u0e15\u0e34\u0e2b\u0e32\u0e01\u0e04\u0e38\u0e13\u0e1d\u0e48\u0e32\u0e1d\u0e37\u0e19\u0e02\u0e49\u0e2d\u0e08\u0e33\u0e01\u0e31\u0e14\u0e43\u0e14\u0e46 \u0e40\u0e2b\u0e25\u0e48\u0e32\u0e19\u0e35\u0e49\u0e41\u0e25\u0e30\u0e2d\u0e32\u0e08\u0e16\u0e39\u0e01\u0e22\u0e01\u0e40\u0e25\u0e34\u0e01\u0e42\u0e14\u0e22 <a href=\"https:\/\/artigosdodia.com\/th\/\">\u0e1a\u0e17\u0e04\u0e27\u0e32\u0e21\u0e1b\u0e23\u0e30\u0e08\u0e33\u0e27\u0e31\u0e19\u0e19\u0e35\u0e49<\/a> \u0e40\u0e27\u0e25\u0e32\u0e43\u0e14\u0e01\u0e47\u0e44\u0e14\u0e49 \u0e40\u0e21\u0e37\u0e48\u0e2d\u0e22\u0e01\u0e40\u0e25\u0e34\u0e01\u0e01\u0e32\u0e23\u0e23\u0e31\u0e1a\u0e0a\u0e21\u0e40\u0e19\u0e37\u0e49\u0e2d\u0e2b\u0e32\u0e40\u0e2b\u0e25\u0e48\u0e32\u0e19\u0e35\u0e49\u0e2b\u0e23\u0e37\u0e2d\u0e40\u0e21\u0e37\u0e48\u0e2d\u0e43\u0e1a\u0e2d\u0e19\u0e38\u0e0d\u0e32\u0e15\u0e19\u0e35\u0e49\u0e2a\u0e34\u0e49\u0e19\u0e2a\u0e38\u0e14\u0e25\u0e07 \u0e04\u0e38\u0e13\u0e15\u0e49\u0e2d\u0e07\u0e25\u0e1a\u0e40\u0e19\u0e37\u0e49\u0e2d\u0e2b\u0e32\u0e17\u0e35\u0e48\u0e14\u0e32\u0e27\u0e19\u0e4c\u0e42\u0e2b\u0e25\u0e14\u0e43\u0e14 \u0e46 \u0e17\u0e35\u0e48\u0e04\u0e38\u0e13\u0e04\u0e23\u0e2d\u0e1a\u0e04\u0e23\u0e2d\u0e07\u0e44\u0e21\u0e48\u0e27\u0e48\u0e32\u0e08\u0e30\u0e2d\u0e22\u0e39\u0e48\u0e43\u0e19\u0e23\u0e39\u0e1b\u0e41\u0e1a\u0e1a\u0e2d\u0e34\u0e40\u0e25\u0e47\u0e01\u0e17\u0e23\u0e2d\u0e19\u0e34\u0e01\u0e2a\u0e4c\u0e2b\u0e23\u0e37\u0e2d\u0e2a\u0e34\u0e48\u0e07\u0e1e\u0e34\u0e21\u0e1e\u0e4c<\/p>\n<h3 id=\"3-isencao-de-responsabilidade\">3. \u0e02\u0e49\u0e2d\u0e08\u0e33\u0e01\u0e31\u0e14\u0e04\u0e27\u0e32\u0e21\u0e23\u0e31\u0e1a\u0e1c\u0e34\u0e14\u0e0a\u0e2d\u0e1a<\/h3>\n<ol>\n<li>\u0e27\u0e31\u0e2a\u0e14\u0e38\u0e1a\u0e19\u0e40\u0e27\u0e47\u0e1a\u0e44\u0e0b\u0e15\u0e4c <a href=\"https:\/\/artigosdodia.com\/th\/\">\u0e1a\u0e17\u0e04\u0e27\u0e32\u0e21\u0e1b\u0e23\u0e30\u0e08\u0e33\u0e27\u0e31\u0e19\u0e19\u0e35\u0e49<\/a> \u0e21\u0e35\u0e43\u0e2b\u0e49 &#039;\u0e15\u0e32\u0e21\u0e17\u0e35\u0e48\u0e40\u0e1b\u0e47\u0e19&#039; <a href=\"https:\/\/artigosdodia.com\/th\/\">\u0e1a\u0e17\u0e04\u0e27\u0e32\u0e21\u0e1b\u0e23\u0e30\u0e08\u0e33\u0e27\u0e31\u0e19\u0e19\u0e35\u0e49<\/a> \u0e44\u0e21\u0e48\u0e23\u0e31\u0e1a\u0e1b\u0e23\u0e30\u0e01\u0e31\u0e19\u0e17\u0e31\u0e49\u0e07\u0e42\u0e14\u0e22\u0e0a\u0e31\u0e14\u0e41\u0e08\u0e49\u0e07\u0e2b\u0e23\u0e37\u0e2d\u0e42\u0e14\u0e22\u0e19\u0e31\u0e22 \u0e41\u0e25\u0e30\u0e02\u0e2d\u0e1b\u0e0f\u0e34\u0e40\u0e2a\u0e18\u0e04\u0e27\u0e32\u0e21\u0e23\u0e31\u0e1a\u0e1c\u0e34\u0e14\u0e0a\u0e2d\u0e1a\u0e41\u0e25\u0e30\u0e1b\u0e0f\u0e34\u0e40\u0e2a\u0e18\u0e01\u0e32\u0e23\u0e23\u0e31\u0e1a\u0e1b\u0e23\u0e30\u0e01\u0e31\u0e19\u0e2d\u0e37\u0e48\u0e19 \u0e46 \u0e17\u0e31\u0e49\u0e07\u0e2b\u0e21\u0e14 \u0e23\u0e27\u0e21\u0e16\u0e36\u0e07\u0e41\u0e15\u0e48\u0e44\u0e21\u0e48\u0e08\u0e33\u0e01\u0e31\u0e14\u0e40\u0e1e\u0e35\u0e22\u0e07 \u0e01\u0e32\u0e23\u0e23\u0e31\u0e1a\u0e1b\u0e23\u0e30\u0e01\u0e31\u0e19\u0e42\u0e14\u0e22\u0e19\u0e31\u0e22\u0e2b\u0e23\u0e37\u0e2d\u0e40\u0e07\u0e37\u0e48\u0e2d\u0e19\u0e44\u0e02\u0e02\u0e2d\u0e07\u0e04\u0e27\u0e32\u0e21\u0e2a\u0e32\u0e21\u0e32\u0e23\u0e16\u0e40\u0e0a\u0e34\u0e07\u0e1e\u0e32\u0e13\u0e34\u0e0a\u0e22\u0e4c \u0e04\u0e27\u0e32\u0e21\u0e40\u0e2b\u0e21\u0e32\u0e30\u0e2a\u0e21\u0e2a\u0e33\u0e2b\u0e23\u0e31\u0e1a\u0e27\u0e31\u0e15\u0e16\u0e38\u0e1b\u0e23\u0e30\u0e2a\u0e07\u0e04\u0e4c\u0e40\u0e09\u0e1e\u0e32\u0e30 \u0e2b\u0e23\u0e37\u0e2d\u0e01\u0e32\u0e23\u0e44\u0e21\u0e48\u0e25\u0e30\u0e40\u0e21\u0e34\u0e14\u0e17\u0e23\u0e31\u0e1e\u0e22\u0e4c\u0e2a\u0e34\u0e19\u0e17\u0e32\u0e07\u0e1b\u0e31\u0e0d\u0e0d\u0e32\u0e2b\u0e23\u0e37\u0e2d\u0e01\u0e32\u0e23\u0e25\u0e30\u0e40\u0e21\u0e34\u0e14\u0e2a\u0e34\u0e17\u0e18\u0e34\u0e2d\u0e37\u0e48\u0e19 \u0e46<\/li>\n<li>\u0e19\u0e2d\u0e01\u0e08\u0e32\u0e01\u0e19\u0e35\u0e49 <a href=\"https:\/\/artigosdodia.com\/th\/\">\u0e1a\u0e17\u0e04\u0e27\u0e32\u0e21\u0e1b\u0e23\u0e30\u0e08\u0e33\u0e27\u0e31\u0e19\u0e19\u0e35\u0e49<\/a> \u0e44\u0e21\u0e48\u0e23\u0e31\u0e1a\u0e1b\u0e23\u0e30\u0e01\u0e31\u0e19\u0e2b\u0e23\u0e37\u0e2d\u0e43\u0e2b\u0e49\u0e01\u0e32\u0e23\u0e23\u0e31\u0e1a\u0e23\u0e2d\u0e07\u0e43\u0e14 \u0e46 \u0e40\u0e01\u0e35\u0e48\u0e22\u0e27\u0e01\u0e31\u0e1a\u0e04\u0e27\u0e32\u0e21\u0e16\u0e39\u0e01\u0e15\u0e49\u0e2d\u0e07 \u0e1c\u0e25\u0e25\u0e31\u0e1e\u0e18\u0e4c\u0e17\u0e35\u0e48\u0e19\u0e48\u0e32\u0e08\u0e30\u0e40\u0e1b\u0e47\u0e19\u0e44\u0e1b\u0e44\u0e14\u0e49 \u0e2b\u0e23\u0e37\u0e2d\u0e04\u0e27\u0e32\u0e21\u0e19\u0e48\u0e32\u0e40\u0e0a\u0e37\u0e48\u0e2d\u0e16\u0e37\u0e2d\u0e02\u0e2d\u0e07\u0e01\u0e32\u0e23\u0e43\u0e0a\u0e49\u0e27\u0e31\u0e2a\u0e14\u0e38\u0e1a\u0e19\u0e40\u0e27\u0e47\u0e1a\u0e44\u0e0b\u0e15\u0e4c\u0e02\u0e2d\u0e07\u0e15\u0e19\u0e2b\u0e23\u0e37\u0e2d\u0e17\u0e35\u0e48\u0e40\u0e01\u0e35\u0e48\u0e22\u0e27\u0e02\u0e49\u0e2d\u0e07\u0e01\u0e31\u0e1a\u0e27\u0e31\u0e2a\u0e14\u0e38\u0e14\u0e31\u0e07\u0e01\u0e25\u0e48\u0e32\u0e27\u0e2b\u0e23\u0e37\u0e2d\u0e1a\u0e19\u0e44\u0e0b\u0e15\u0e4c\u0e43\u0e14 \u0e46 \u0e17\u0e35\u0e48\u0e40\u0e0a\u0e37\u0e48\u0e2d\u0e21\u0e42\u0e22\u0e07\u0e01\u0e31\u0e1a\u0e44\u0e0b\u0e15\u0e4c\u0e19\u0e35\u0e49<\/li>\n<\/ol>\n<h3 id=\"4-limitacoes\">4. \u0e02\u0e49\u0e2d\u0e08\u0e33\u0e01\u0e31\u0e14<\/h3>\n<p>\u0e44\u0e21\u0e48\u0e27\u0e48\u0e32\u0e43\u0e19\u0e01\u0e23\u0e13\u0e35\u0e43\u0e14 <a href=\"https:\/\/artigosdodia.com\/th\/\">\u0e1a\u0e17\u0e04\u0e27\u0e32\u0e21\u0e1b\u0e23\u0e30\u0e08\u0e33\u0e27\u0e31\u0e19\u0e19\u0e35\u0e49<\/a> \u0e2b\u0e23\u0e37\u0e2d\u0e0b\u0e31\u0e1e\u0e1e\u0e25\u0e32\u0e22\u0e40\u0e2d\u0e2d\u0e23\u0e4c\u0e15\u0e49\u0e2d\u0e07\u0e23\u0e31\u0e1a\u0e1c\u0e34\u0e14\u0e15\u0e48\u0e2d\u0e04\u0e27\u0e32\u0e21\u0e40\u0e2a\u0e35\u0e22\u0e2b\u0e32\u0e22\u0e43\u0e14 \u0e46 (\u0e23\u0e27\u0e21\u0e16\u0e36\u0e07\u0e41\u0e15\u0e48\u0e44\u0e21\u0e48\u0e08\u0e33\u0e01\u0e31\u0e14\u0e40\u0e1e\u0e35\u0e22\u0e07\u0e04\u0e27\u0e32\u0e21\u0e40\u0e2a\u0e35\u0e22\u0e2b\u0e32\u0e22\u0e08\u0e32\u0e01\u0e01\u0e32\u0e23\u0e2a\u0e39\u0e0d\u0e2b\u0e32\u0e22\u0e02\u0e2d\u0e07\u0e02\u0e49\u0e2d\u0e21\u0e39\u0e25\u0e2b\u0e23\u0e37\u0e2d\u0e01\u0e33\u0e44\u0e23 \u0e2b\u0e23\u0e37\u0e2d\u0e40\u0e19\u0e37\u0e48\u0e2d\u0e07\u0e08\u0e32\u0e01\u0e01\u0e32\u0e23\u0e2b\u0e22\u0e38\u0e14\u0e0a\u0e30\u0e07\u0e31\u0e01\u0e17\u0e32\u0e07\u0e18\u0e38\u0e23\u0e01\u0e34\u0e08) \u0e17\u0e35\u0e48\u0e40\u0e01\u0e34\u0e14\u0e02\u0e36\u0e49\u0e19\u0e08\u0e32\u0e01\u0e01\u0e32\u0e23\u0e43\u0e0a\u0e49\u0e2b\u0e23\u0e37\u0e2d\u0e01\u0e32\u0e23\u0e44\u0e21\u0e48\u0e2a\u0e32\u0e21\u0e32\u0e23\u0e16\u0e43\u0e0a\u0e49\u0e27\u0e31\u0e2a\u0e14\u0e38\u0e43\u0e19 <a href=\"https:\/\/artigosdodia.com\/th\/\">\u0e1a\u0e17\u0e04\u0e27\u0e32\u0e21\u0e1b\u0e23\u0e30\u0e08\u0e33\u0e27\u0e31\u0e19\u0e19\u0e35\u0e49<\/a>, \u0e16\u0e36\u0e07\u0e41\u0e21\u0e49\u0e27\u0e48\u0e32 <a href=\"https:\/\/artigosdodia.com\/th\/\">\u0e1a\u0e17\u0e04\u0e27\u0e32\u0e21\u0e1b\u0e23\u0e30\u0e08\u0e33\u0e27\u0e31\u0e19\u0e19\u0e35\u0e49<\/a>\u0e2b\u0e23\u0e37\u0e2d\u0e15\u0e31\u0e27\u0e41\u0e17\u0e19\u0e17\u0e35\u0e48\u0e44\u0e14\u0e49\u0e23\u0e31\u0e1a\u0e21\u0e2d\u0e1a\u0e2d\u0e33\u0e19\u0e32\u0e08\u0e08\u0e32\u0e01 <a href=\"https:\/\/artigosdodia.com\/th\/\">\u0e1a\u0e17\u0e04\u0e27\u0e32\u0e21\u0e1b\u0e23\u0e30\u0e08\u0e33\u0e27\u0e31\u0e19\u0e19\u0e35\u0e49<\/a> \u0e44\u0e14\u0e49\u0e23\u0e31\u0e1a\u0e01\u0e32\u0e23\u0e41\u0e08\u0e49\u0e07\u0e14\u0e49\u0e27\u0e22\u0e27\u0e32\u0e08\u0e32\u0e2b\u0e23\u0e37\u0e2d\u0e25\u0e32\u0e22\u0e25\u0e31\u0e01\u0e29\u0e13\u0e4c\u0e2d\u0e31\u0e01\u0e29\u0e23\u0e16\u0e36\u0e07\u0e04\u0e27\u0e32\u0e21\u0e40\u0e1b\u0e47\u0e19\u0e44\u0e1b\u0e44\u0e14\u0e49\u0e02\u0e2d\u0e07\u0e04\u0e27\u0e32\u0e21\u0e40\u0e2a\u0e35\u0e22\u0e2b\u0e32\u0e22\u0e14\u0e31\u0e07\u0e01\u0e25\u0e48\u0e32\u0e27 \u0e40\u0e19\u0e37\u0e48\u0e2d\u0e07\u0e08\u0e32\u0e01\u0e40\u0e02\u0e15\u0e2d\u0e33\u0e19\u0e32\u0e08\u0e28\u0e32\u0e25\u0e1a\u0e32\u0e07\u0e41\u0e2b\u0e48\u0e07\u0e44\u0e21\u0e48\u0e2d\u0e19\u0e38\u0e0d\u0e32\u0e15\u0e43\u0e2b\u0e49\u0e21\u0e35\u0e02\u0e49\u0e2d\u0e08\u0e33\u0e01\u0e31\u0e14\u0e40\u0e01\u0e35\u0e48\u0e22\u0e27\u0e01\u0e31\u0e1a\u0e01\u0e32\u0e23\u0e23\u0e31\u0e1a\u0e1b\u0e23\u0e30\u0e01\u0e31\u0e19\u0e42\u0e14\u0e22\u0e19\u0e31\u0e22 \u0e2b\u0e23\u0e37\u0e2d\u0e02\u0e49\u0e2d\u0e08\u0e33\u0e01\u0e31\u0e14\u0e04\u0e27\u0e32\u0e21\u0e23\u0e31\u0e1a\u0e1c\u0e34\u0e14\u0e2a\u0e33\u0e2b\u0e23\u0e31\u0e1a\u0e04\u0e27\u0e32\u0e21\u0e40\u0e2a\u0e35\u0e22\u0e2b\u0e32\u0e22\u0e17\u0e35\u0e48\u0e40\u0e1b\u0e47\u0e19\u0e1c\u0e25\u0e2a\u0e37\u0e1a\u0e40\u0e19\u0e37\u0e48\u0e2d\u0e07\u0e2b\u0e23\u0e37\u0e2d\u0e04\u0e27\u0e32\u0e21\u0e40\u0e2a\u0e35\u0e22\u0e2b\u0e32\u0e22\u0e42\u0e14\u0e22\u0e1a\u0e31\u0e07\u0e40\u0e2d\u0e34\u0e0d \u0e02\u0e49\u0e2d\u0e08\u0e33\u0e01\u0e31\u0e14\u0e40\u0e2b\u0e25\u0e48\u0e32\u0e19\u0e35\u0e49\u0e2d\u0e32\u0e08\u0e44\u0e21\u0e48\u0e21\u0e35\u0e1c\u0e25\u0e01\u0e31\u0e1a\u0e04\u0e38\u0e13<\/p>\n<h3 id=\"5-precisao-dos-materiais\">5. \u0e04\u0e27\u0e32\u0e21\u0e41\u0e21\u0e48\u0e19\u0e22\u0e33\u0e02\u0e2d\u0e07\u0e27\u0e31\u0e2a\u0e14\u0e38<\/h3>\n<p>\u0e27\u0e31\u0e2a\u0e14\u0e38\u0e17\u0e35\u0e48\u0e41\u0e2a\u0e14\u0e07\u0e1a\u0e19 <a href=\"https:\/\/artigosdodia.com\/th\/\">\u0e1a\u0e17\u0e04\u0e27\u0e32\u0e21\u0e1b\u0e23\u0e30\u0e08\u0e33\u0e27\u0e31\u0e19\u0e19\u0e35\u0e49<\/a> \u0e2d\u0e32\u0e08\u0e21\u0e35\u0e02\u0e49\u0e2d\u0e1c\u0e34\u0e14\u0e1e\u0e25\u0e32\u0e14\u0e17\u0e32\u0e07\u0e40\u0e17\u0e04\u0e19\u0e34\u0e04 \u0e01\u0e32\u0e23\u0e1e\u0e34\u0e21\u0e1e\u0e4c \u0e2b\u0e23\u0e37\u0e2d\u0e01\u0e32\u0e23\u0e16\u0e48\u0e32\u0e22\u0e20\u0e32\u0e1e <a href=\"https:\/\/artigosdodia.com\/th\/\">\u0e1a\u0e17\u0e04\u0e27\u0e32\u0e21\u0e1b\u0e23\u0e30\u0e08\u0e33\u0e27\u0e31\u0e19\u0e19\u0e35\u0e49<\/a> \u0e44\u0e21\u0e48\u0e23\u0e31\u0e1a\u0e1b\u0e23\u0e30\u0e01\u0e31\u0e19\u0e27\u0e48\u0e32\u0e40\u0e19\u0e37\u0e49\u0e2d\u0e2b\u0e32\u0e43\u0e14\u0e46 \u0e1a\u0e19\u0e40\u0e27\u0e47\u0e1a\u0e44\u0e0b\u0e15\u0e4c\u0e21\u0e35\u0e04\u0e27\u0e32\u0e21\u0e16\u0e39\u0e01\u0e15\u0e49\u0e2d\u0e07 \u0e2a\u0e21\u0e1a\u0e39\u0e23\u0e13\u0e4c \u0e2b\u0e23\u0e37\u0e2d\u0e40\u0e1b\u0e47\u0e19\u0e1b\u0e31\u0e08\u0e08\u0e38\u0e1a\u0e31\u0e19 <a href=\"https:\/\/artigosdodia.com\/th\/\">\u0e1a\u0e17\u0e04\u0e27\u0e32\u0e21\u0e1b\u0e23\u0e30\u0e08\u0e33\u0e27\u0e31\u0e19\u0e19\u0e35\u0e49<\/a> \u0e2d\u0e32\u0e08\u0e17\u0e33\u0e01\u0e32\u0e23\u0e40\u0e1b\u0e25\u0e35\u0e48\u0e22\u0e19\u0e41\u0e1b\u0e25\u0e07\u0e40\u0e19\u0e37\u0e49\u0e2d\u0e2b\u0e32\u0e17\u0e35\u0e48\u0e21\u0e35\u0e2d\u0e22\u0e39\u0e48\u0e43\u0e19\u0e40\u0e27\u0e47\u0e1a\u0e44\u0e0b\u0e15\u0e4c\u0e44\u0e14\u0e49\u0e15\u0e25\u0e2d\u0e14\u0e40\u0e27\u0e25\u0e32\u0e42\u0e14\u0e22\u0e44\u0e21\u0e48\u0e15\u0e49\u0e2d\u0e07\u0e41\u0e08\u0e49\u0e07\u0e43\u0e2b\u0e49\u0e17\u0e23\u0e32\u0e1a\u0e25\u0e48\u0e27\u0e07\u0e2b\u0e19\u0e49\u0e32 \u0e2d\u0e22\u0e48\u0e32\u0e07\u0e44\u0e23\u0e01\u0e47\u0e15\u0e32\u0e21, <a href=\"https:\/\/artigosdodia.com\/th\/\">\u0e1a\u0e17\u0e04\u0e27\u0e32\u0e21\u0e1b\u0e23\u0e30\u0e08\u0e33\u0e27\u0e31\u0e19\u0e19\u0e35\u0e49<\/a> \u0e44\u0e21\u0e48\u0e21\u0e35\u0e02\u0e49\u0e2d\u0e1c\u0e39\u0e01\u0e21\u0e31\u0e14\u0e43\u0e14 \u0e46 \u0e43\u0e19\u0e01\u0e32\u0e23\u0e2d\u0e31\u0e1b\u0e40\u0e14\u0e15\u0e40\u0e19\u0e37\u0e49\u0e2d\u0e2b\u0e32<\/p>\n<h3 id=\"6-links\">6. \u0e25\u0e34\u0e07\u0e04\u0e4c<\/h3>\n<p>\u0e2d <a href=\"https:\/\/artigosdodia.com\/th\/\">\u0e1a\u0e17\u0e04\u0e27\u0e32\u0e21\u0e1b\u0e23\u0e30\u0e08\u0e33\u0e27\u0e31\u0e19\u0e19\u0e35\u0e49<\/a> \u0e22\u0e31\u0e07\u0e44\u0e21\u0e48\u0e44\u0e14\u0e49\u0e15\u0e23\u0e27\u0e08\u0e2a\u0e2d\u0e1a\u0e44\u0e0b\u0e15\u0e4c\u0e17\u0e31\u0e49\u0e07\u0e2b\u0e21\u0e14\u0e17\u0e35\u0e48\u0e40\u0e0a\u0e37\u0e48\u0e2d\u0e21\u0e42\u0e22\u0e07\u0e01\u0e31\u0e1a\u0e40\u0e27\u0e47\u0e1a\u0e44\u0e0b\u0e15\u0e4c\u0e02\u0e2d\u0e07\u0e15\u0e19 \u0e41\u0e25\u0e30\u0e44\u0e21\u0e48\u0e23\u0e31\u0e1a\u0e1c\u0e34\u0e14\u0e0a\u0e2d\u0e1a\u0e15\u0e48\u0e2d\u0e40\u0e19\u0e37\u0e49\u0e2d\u0e2b\u0e32\u0e02\u0e2d\u0e07\u0e44\u0e0b\u0e15\u0e4c\u0e17\u0e35\u0e48\u0e40\u0e0a\u0e37\u0e48\u0e2d\u0e21\u0e42\u0e22\u0e07\u0e43\u0e14 \u0e46 \u0e01\u0e32\u0e23\u0e23\u0e27\u0e21\u0e25\u0e34\u0e07\u0e04\u0e4c\u0e43\u0e14\u0e46 \u0e44\u0e21\u0e48\u0e44\u0e14\u0e49\u0e2b\u0e21\u0e32\u0e22\u0e04\u0e27\u0e32\u0e21\u0e16\u0e36\u0e07\u0e01\u0e32\u0e23\u0e23\u0e31\u0e1a\u0e23\u0e2d\u0e07\u0e42\u0e14\u0e22 <a href=\"https:\/\/artigosdodia.com\/th\/\">\u0e1a\u0e17\u0e04\u0e27\u0e32\u0e21\u0e1b\u0e23\u0e30\u0e08\u0e33\u0e27\u0e31\u0e19\u0e19\u0e35\u0e49<\/a> \u0e08\u0e32\u0e01\u0e40\u0e27\u0e47\u0e1a\u0e44\u0e0b\u0e15\u0e4c \u0e01\u0e32\u0e23\u0e43\u0e0a\u0e49\u0e44\u0e0b\u0e15\u0e4c\u0e17\u0e35\u0e48\u0e40\u0e0a\u0e37\u0e48\u0e2d\u0e21\u0e42\u0e22\u0e07\u0e43\u0e14\u0e46 \u0e16\u0e37\u0e2d\u0e40\u0e1b\u0e47\u0e19\u0e04\u0e27\u0e32\u0e21\u0e40\u0e2a\u0e35\u0e48\u0e22\u0e07\u0e02\u0e2d\u0e07\u0e1c\u0e39\u0e49\u0e43\u0e0a\u0e49\u0e40\u0e2d\u0e07<\/p>\n<h3 id=\"modificacoes\">\u0e01\u0e32\u0e23\u0e1b\u0e23\u0e31\u0e1a\u0e40\u0e1b\u0e25\u0e35\u0e48\u0e22\u0e19<\/h3>\n<p>\u0e2d <a href=\"https:\/\/artigosdodia.com\/th\/\">\u0e1a\u0e17\u0e04\u0e27\u0e32\u0e21\u0e1b\u0e23\u0e30\u0e08\u0e33\u0e27\u0e31\u0e19\u0e19\u0e35\u0e49<\/a> \u0e2d\u0e32\u0e08\u0e41\u0e01\u0e49\u0e44\u0e02\u0e02\u0e49\u0e2d\u0e01\u0e33\u0e2b\u0e19\u0e14\u0e43\u0e19\u0e01\u0e32\u0e23\u0e43\u0e2b\u0e49\u0e1a\u0e23\u0e34\u0e01\u0e32\u0e23\u0e02\u0e2d\u0e07\u0e40\u0e27\u0e47\u0e1a\u0e44\u0e0b\u0e15\u0e4c\u0e40\u0e2b\u0e25\u0e48\u0e32\u0e19\u0e35\u0e49\u0e44\u0e14\u0e49\u0e15\u0e25\u0e2d\u0e14\u0e40\u0e27\u0e25\u0e32\u0e42\u0e14\u0e22\u0e44\u0e21\u0e48\u0e15\u0e49\u0e2d\u0e07\u0e41\u0e08\u0e49\u0e07\u0e43\u0e2b\u0e49\u0e17\u0e23\u0e32\u0e1a\u0e25\u0e48\u0e27\u0e07\u0e2b\u0e19\u0e49\u0e32 \u0e01\u0e32\u0e23\u0e43\u0e0a\u0e49\u0e40\u0e27\u0e47\u0e1a\u0e44\u0e0b\u0e15\u0e4c\u0e19\u0e35\u0e49\u0e41\u0e2a\u0e14\u0e07\u0e27\u0e48\u0e32\u0e04\u0e38\u0e13\u0e15\u0e01\u0e25\u0e07\u0e17\u0e35\u0e48\u0e08\u0e30\u0e1c\u0e39\u0e01\u0e1e\u0e31\u0e19\u0e15\u0e32\u0e21\u0e02\u0e49\u0e2d\u0e01\u0e33\u0e2b\u0e19\u0e14\u0e43\u0e19\u0e01\u0e32\u0e23\u0e43\u0e2b\u0e49\u0e1a\u0e23\u0e34\u0e01\u0e32\u0e23\u0e09\u0e1a\u0e31\u0e1a\u0e1b\u0e31\u0e08\u0e08\u0e38\u0e1a\u0e31\u0e19<\/p>\n<h3 id=\"lei-aplicavel\">\u0e01\u0e0e\u0e2b\u0e21\u0e32\u0e22\u0e17\u0e35\u0e48\u0e43\u0e0a\u0e49\u0e1a\u0e31\u0e07\u0e04\u0e31\u0e1a<\/h3>\n<p>\u0e02\u0e49\u0e2d\u0e01\u0e33\u0e2b\u0e19\u0e14\u0e41\u0e25\u0e30\u0e40\u0e07\u0e37\u0e48\u0e2d\u0e19\u0e44\u0e02\u0e40\u0e2b\u0e25\u0e48\u0e32\u0e19\u0e35\u0e49\u0e2d\u0e22\u0e39\u0e48\u0e20\u0e32\u0e22\u0e43\u0e15\u0e49\u0e41\u0e25\u0e30\u0e15\u0e35\u0e04\u0e27\u0e32\u0e21\u0e15\u0e32\u0e21\u0e01\u0e0e\u0e2b\u0e21\u0e32\u0e22\u0e02\u0e2d\u0e07 <a href=\"https:\/\/artigosdodia.com\/th\/\">\u0e1a\u0e17\u0e04\u0e27\u0e32\u0e21\u0e1b\u0e23\u0e30\u0e08\u0e33\u0e27\u0e31\u0e19\u0e19\u0e35\u0e49<\/a> \u0e41\u0e25\u0e30\u0e04\u0e38\u0e13\u0e22\u0e2d\u0e21\u0e08\u0e33\u0e19\u0e19\u0e15\u0e48\u0e2d\u0e40\u0e02\u0e15\u0e2d\u0e33\u0e19\u0e32\u0e08\u0e28\u0e32\u0e25\u0e1e\u0e34\u0e40\u0e28\u0e29\u0e02\u0e2d\u0e07\u0e28\u0e32\u0e25\u0e43\u0e19\u0e23\u0e31\u0e10\u0e2b\u0e23\u0e37\u0e2d\u0e2a\u0e16\u0e32\u0e19\u0e17\u0e35\u0e48\u0e19\u0e31\u0e49\u0e19\u0e42\u0e14\u0e22\u0e44\u0e21\u0e48\u0e2d\u0e32\u0e08\u0e40\u0e1e\u0e34\u0e01\u0e16\u0e2d\u0e19\u0e44\u0e14\u0e49<\/p>","protected":false},"excerpt":{"rendered":"<p>1. Termos Ao acessar ao site\u00a0Artigos do Dia, concorda em cumprir estes termos de servi\u00e7o, todas as leis e regulamentos aplic\u00e1veis \u200b\u200be concorda que \u00e9 respons\u00e1vel pelo cumprimento de todas as leis locais aplic\u00e1veis. Se voc\u00ea n\u00e3o concordar com algum desses termos, est\u00e1 proibido de usar ou acessar este site. Os materiais contidos neste site [&hellip;]<\/p>\n","protected":false},"author":4,"featured_media":0,"parent":0,"menu_order":0,"comment_status":"closed","ping_status":"closed","template":"","meta":{"footnotes":""},"class_list":["post-64","page","type-page","status-publish"],"_links":{"self":[{"href":"https:\/\/artigosdodia.com\/th\/wp-json\/wp\/v2\/pages\/64","targetHints":{"allow":["GET"]}}],"collection":[{"href":"https:\/\/artigosdodia.com\/th\/wp-json\/wp\/v2\/pages"}],"about":[{"href":"https:\/\/artigosdodia.com\/th\/wp-json\/wp\/v2\/types\/page"}],"author":[{"embeddable":true,"href":"https:\/\/artigosdodia.com\/th\/wp-json\/wp\/v2\/users\/4"}],"replies":[{"embeddable":true,"href":"https:\/\/artigosdodia.com\/th\/wp-json\/wp\/v2\/comments?post=64"}],"version-history":[{"count":1,"href":"https:\/\/artigosdodia.com\/th\/wp-json\/wp\/v2\/pages\/64\/revisions"}],"predecessor-version":[{"id":65,"href":"https:\/\/artigosdodia.com\/th\/wp-json\/wp\/v2\/pages\/64\/revisions\/65"}],"wp:attachment":[{"href":"https:\/\/artigosdodia.com\/th\/wp-json\/wp\/v2\/media?parent=64"}],"curies":[{"name":"wp","href":"https:\/\/api.w.org\/{rel}","templated":true}]}}