{"id":64,"date":"2022-04-09T00:28:28","date_gmt":"2022-04-09T00:28:28","guid":{"rendered":"https:\/\/artigosdodia.com\/?page_id=64"},"modified":"2022-04-09T00:28:28","modified_gmt":"2022-04-09T00:28:28","slug":"kullanim-sartlari","status":"publish","type":"page","link":"https:\/\/artigosdodia.com\/tr\/termos-de-uso\/","title":{"rendered":"Kullan\u0131m \u015eartlar\u0131"},"content":{"rendered":"<h3 id=\"1-termos\">1. \u015eartlar<\/h3>\n<p>Web sitesine eri\u015firken\u00a0<a href=\"https:\/\/artigosdodia.com\/tr\/\">G\u00fcn\u00fcn Makaleleri<\/a>, bu hizmet \u015fartlar\u0131na, ge\u00e7erli t\u00fcm yasa ve d\u00fczenlemelere uymay\u0131 kabul edin ve ge\u00e7erli t\u00fcm yerel yasalara uymaktan sorumlu oldu\u011funuzu kabul edin. Bu \u015fartlardan herhangi birini kabul etmiyorsan\u0131z, bu web sitesini kullanman\u0131z veya bu web sitesine eri\u015fmeniz yasakt\u0131r. Bu sitede yer alan materyaller, y\u00fcr\u00fcrl\u00fckteki telif hakk\u0131 ve ticari marka yasalar\u0131yla korunmaktad\u0131r.<\/p>\n<h3 id=\"2-uso-de-licenca\">2. Lisans\u0131n Kullan\u0131m\u0131<\/h3>\n<p>Web sitesindeki materyallerin (bilgi veya yaz\u0131l\u0131m) bir kopyas\u0131n\u0131n ge\u00e7ici olarak indirilmesine izin verilir. <a href=\"https:\/\/artigosdodia.com\/tr\/\">G\u00fcn\u00fcn Makaleleri<\/a>, yaln\u0131zca ki\u015fisel, ticari olmayan ge\u00e7ici g\u00f6r\u00fcnt\u00fcleme i\u00e7indir. Bu, m\u00fclkiyet devri de\u011fil, lisans verilmesidir ve bu lisans kapsam\u0131nda \u015funlar\u0131 yapamazs\u0131n\u0131z:<\/p>\n<ol>\n<li>malzemeleri de\u011fi\u015ftirmek veya kopyalamak;<\/li>\n<li>materyalleri herhangi bir ticari ama\u00e7la veya kamuya te\u015fhir amac\u0131yla (ticari veya ticari olmayan) kullanmak;<\/li>\n<li>web sitesinde yer alan herhangi bir yaz\u0131l\u0131m\u0131 kaynak koda d\u00f6n\u00fc\u015ft\u00fcrmeye veya tersine m\u00fchendislik yapmaya \u00e7al\u0131\u015fmak <a href=\"https:\/\/artigosdodia.com\/tr\/\">G\u00fcn\u00fcn Makaleleri<\/a>;<\/li>\n<li>materyallerden herhangi bir telif hakk\u0131 veya di\u011fer m\u00fclkiyet notlar\u0131n\u0131 kald\u0131rmak; veya<\/li>\n<li>materyalleri ba\u015fka bir ki\u015fiye devretmek veya herhangi bir ba\u015fka sunucudaki materyalleri &#039;aynalamak&#039;.<\/li>\n<\/ol>\n<p>Bu lisans, bu k\u0131s\u0131tlamalardan herhangi birini ihlal ederseniz otomatik olarak feshedilir ve \u015fu ki\u015filer taraf\u0131ndan feshedilebilir: <a href=\"https:\/\/artigosdodia.com\/tr\/\">G\u00fcn\u00fcn Makaleleri<\/a> istedi\u011fin zaman. Bu materyalleri g\u00f6r\u00fcnt\u00fclemeyi durdurdu\u011funuzda veya bu lisans\u0131n feshedilmesi \u00fczerine, ister elektronik ister bas\u0131l\u0131 bi\u00e7imde olsun, elinizde bulunan indirilmi\u015f t\u00fcm materyalleri silmelisiniz.<\/p>\n<h3 id=\"3-isencao-de-responsabilidade\">3. Feragatname<\/h3>\n<ol>\n<li>Web sitesindeki materyaller <a href=\"https:\/\/artigosdodia.com\/tr\/\">G\u00fcn\u00fcn Makaleleri<\/a> &#039;oldu\u011fu gibi&#039; sa\u011flan\u0131r. <a href=\"https:\/\/artigosdodia.com\/tr\/\">G\u00fcn\u00fcn Makaleleri<\/a> a\u00e7\u0131k veya z\u0131mni hi\u00e7bir garanti vermez ve ticarete elveri\u015flilik, belirli bir amaca uygunluk veya fikri m\u00fclkiyetin veya di\u011fer haklar\u0131n ihlal edilmemesine ili\u015fkin z\u0131mni garantiler veya ko\u015fullar dahil ancak bunlarla s\u0131n\u0131rl\u0131 olmamak \u00fczere di\u011fer t\u00fcm garantileri reddeder ve reddeder.<\/li>\n<li>ek olarak <a href=\"https:\/\/artigosdodia.com\/tr\/\">G\u00fcn\u00fcn Makaleleri<\/a> web sitesindeki veya bu malzemelerle veya bu web sitesine ba\u011fl\u0131 web sitelerindeki materyallerin kullan\u0131m\u0131n\u0131n do\u011frulu\u011fu, olas\u0131 sonu\u00e7lar\u0131 veya g\u00fcvenilirli\u011fi ile ilgili herhangi bir garanti veya beyanda bulunmaz.<\/li>\n<\/ol>\n<h3 id=\"4-limitacoes\">4. S\u0131n\u0131rlamalar<\/h3>\n<p>hi\u00e7bir durumda <a href=\"https:\/\/artigosdodia.com\/tr\/\">G\u00fcn\u00fcn Makaleleri<\/a> veya tedarik\u00e7ileri, malzemelerin kullan\u0131m\u0131ndan veya kullan\u0131lamamas\u0131ndan kaynaklanan herhangi bir zarardan (s\u0131n\u0131rlama olmaks\u0131z\u0131n, veri veya kar kayb\u0131 veya i\u015f kesintisinden kaynaklanan hasarlar dahil) sorumlu olacakt\u0131r. <a href=\"https:\/\/artigosdodia.com\/tr\/\">G\u00fcn\u00fcn Makaleleri<\/a>, ra\u011fmen <a href=\"https:\/\/artigosdodia.com\/tr\/\">G\u00fcn\u00fcn Makaleleri<\/a>veya yetkili temsilcisi <a href=\"https:\/\/artigosdodia.com\/tr\/\">G\u00fcn\u00fcn Makaleleri<\/a> s\u00f6z konusu zararlar\u0131n meydana gelme olas\u0131l\u0131\u011f\u0131 s\u00f6zl\u00fc veya yaz\u0131l\u0131 olarak bildirilmi\u015ftir. Baz\u0131 yarg\u0131 b\u00f6lgeleri, z\u0131mni garantiler \u00fczerindeki s\u0131n\u0131rlamalara veya dolayl\u0131 veya ar\u0131zi zararlar i\u00e7in sorumluluk s\u0131n\u0131rlamalar\u0131na izin vermedi\u011finden, bu s\u0131n\u0131rlamalar sizin i\u00e7in ge\u00e7erli olmayabilir.<\/p>\n<h3 id=\"5-precisao-dos-materiais\">5. Malzemelerin do\u011frulu\u011fu<\/h3>\n<p>Web sitesinde g\u00f6r\u00fcnt\u00fclenen materyaller <a href=\"https:\/\/artigosdodia.com\/tr\/\">G\u00fcn\u00fcn Makaleleri<\/a> teknik, tipografik veya foto\u011frafik hatalar i\u00e7erebilir. <a href=\"https:\/\/artigosdodia.com\/tr\/\">G\u00fcn\u00fcn Makaleleri<\/a> web sitesindeki materyallerin hi\u00e7birinin do\u011fru, eksiksiz veya g\u00fcncel oldu\u011funu garanti etmez. <a href=\"https:\/\/artigosdodia.com\/tr\/\">G\u00fcn\u00fcn Makaleleri<\/a> web sitesinde yer alan materyallerde herhangi bir zamanda \u00f6nceden bildirimde bulunmaks\u0131z\u0131n diledi\u011fi zaman de\u011fi\u015fiklik yapabilir. Fakat, <a href=\"https:\/\/artigosdodia.com\/tr\/\">G\u00fcn\u00fcn Makaleleri<\/a> malzemeleri g\u00fcncelleme taahh\u00fcd\u00fcnde bulunmaz.<\/p>\n<h3 id=\"6-links\">6. Ba\u011flant\u0131lar<\/h3>\n<p>\u00d6 <a href=\"https:\/\/artigosdodia.com\/tr\/\">G\u00fcn\u00fcn Makaleleri<\/a> web sitesine ba\u011fl\u0131 sitelerin t\u00fcm\u00fcn\u00fc incelememi\u015ftir ve bu t\u00fcr ba\u011flant\u0131l\u0131 sitelerin i\u00e7eri\u011finden sorumlu de\u011fildir. Herhangi bir ba\u011flant\u0131n\u0131n dahil edilmesi, taraf\u0131ndan onayland\u0131\u011f\u0131 anlam\u0131na gelmez. <a href=\"https:\/\/artigosdodia.com\/tr\/\">G\u00fcn\u00fcn Makaleleri<\/a> web sitesinden. Herhangi bir ba\u011flant\u0131l\u0131 sitenin kullan\u0131m\u0131, kullan\u0131c\u0131n\u0131n kendi sorumlulu\u011fundad\u0131r.<\/p>\n<h3 id=\"modificacoes\">De\u011fi\u015fiklikler<\/h3>\n<p>\u00d6 <a href=\"https:\/\/artigosdodia.com\/tr\/\">G\u00fcn\u00fcn Makaleleri<\/a> bu web sitesi hizmet \u015fartlar\u0131n\u0131 herhangi bir zamanda bildirimde bulunmaks\u0131z\u0131n de\u011fi\u015ftirebilir. Bu web sitesini kullanarak, bu hizmet \u015fartlar\u0131n\u0131n g\u00fcncel versiyonuna ba\u011fl\u0131 kalmay\u0131 kabul etmi\u015f olursunuz.<\/p>\n<h3 id=\"lei-aplicavel\">Uygulanabilir yasa<\/h3>\n<p>Bu h\u00fck\u00fcm ve ko\u015fullar, T\u00fcrkiye Cumhuriyeti yasalar\u0131na g\u00f6re y\u00f6netilir ve yorumlan\u0131r. <a href=\"https:\/\/artigosdodia.com\/tr\/\">G\u00fcn\u00fcn Makaleleri<\/a> ve o eyalet veya b\u00f6lgedeki mahkemelerin m\u00fcnhas\u0131r yarg\u0131 yetkisini gayrikabili r\u00fccu olarak kabul edersiniz.<\/p>","protected":false},"excerpt":{"rendered":"<p>1. Termos Ao acessar ao site\u00a0Artigos do Dia, concorda em cumprir estes termos de servi\u00e7o, todas as leis e regulamentos aplic\u00e1veis \u200b\u200be concorda que \u00e9 respons\u00e1vel pelo cumprimento de todas as leis locais aplic\u00e1veis. Se voc\u00ea n\u00e3o concordar com algum desses termos, est\u00e1 proibido de usar ou acessar este site. Os materiais contidos neste site [&hellip;]<\/p>\n","protected":false},"author":4,"featured_media":0,"parent":0,"menu_order":0,"comment_status":"closed","ping_status":"closed","template":"","meta":{"footnotes":""},"class_list":["post-64","page","type-page","status-publish"],"_links":{"self":[{"href":"https:\/\/artigosdodia.com\/tr\/wp-json\/wp\/v2\/pages\/64","targetHints":{"allow":["GET"]}}],"collection":[{"href":"https:\/\/artigosdodia.com\/tr\/wp-json\/wp\/v2\/pages"}],"about":[{"href":"https:\/\/artigosdodia.com\/tr\/wp-json\/wp\/v2\/types\/page"}],"author":[{"embeddable":true,"href":"https:\/\/artigosdodia.com\/tr\/wp-json\/wp\/v2\/users\/4"}],"replies":[{"embeddable":true,"href":"https:\/\/artigosdodia.com\/tr\/wp-json\/wp\/v2\/comments?post=64"}],"version-history":[{"count":1,"href":"https:\/\/artigosdodia.com\/tr\/wp-json\/wp\/v2\/pages\/64\/revisions"}],"predecessor-version":[{"id":65,"href":"https:\/\/artigosdodia.com\/tr\/wp-json\/wp\/v2\/pages\/64\/revisions\/65"}],"wp:attachment":[{"href":"https:\/\/artigosdodia.com\/tr\/wp-json\/wp\/v2\/media?parent=64"}],"curies":[{"name":"wp","href":"https:\/\/api.w.org\/{rel}","templated":true}]}}